{"id":2291,"date":"2020-08-20T16:24:14","date_gmt":"2020-08-20T14:24:14","guid":{"rendered":"https:\/\/nova.depoles.com\/trgovina\/pomicna-dvizna-miza-sht310\/"},"modified":"2026-02-12T13:49:31","modified_gmt":"2026-02-12T12:49:31","slug":"pomicna-dvizna-miza-sht310","status":"publish","type":"product","link":"https:\/\/www.depoles.com\/hr\/trgovina\/pomicna-dvizna-miza-sht310\/","title":{"rendered":"Pomi\u010dni dizalni stol SHT310"},"content":{"rendered":"<p><strong>Tehni\u010dni podatki<\/strong><\/p>\n<ul>\n<li><strong>Dimenzije mize:<\/strong> 1580 x 900 mm<\/li>\n<li><strong>Vi\u0161ina mize:<\/strong> 470 &#8211; 1075 mm<\/li>\n<li><strong>Nosilnost:<\/strong> 310 kg<\/li>\n<li><strong>Premer kolesa:<\/strong> 125 mm<\/li>\n<li><strong>Bruto te\u017ea:<\/strong> 179,80 kg<\/li>\n<li><strong>Netto te\u017ea:<\/strong> 147 kg<\/li>\n<li><strong>Dimenzije embala\u017ee (\u0160 x D x V):<\/strong> 970 x 1610 x 480 mm<\/li>\n<li><strong>EAN koda:<\/strong> 9120058378256<\/li>\n<\/ul>\n","protected":false},"excerpt":{"rendered":"<h3>Poudarki<\/h3>\n<p>Ve\u010dnamenska dvi\u017ena miza, primerna za razli\u010dne namene, kot so dodatno delovno mesto z nastavljivo ergonomsko vi\u0161ino, pomo\u010d pri skladi\u0161\u010denju ter nakladanje strojev z opcijskim dvi\u017enim okvirjem SHT310PAR. Miza omogo\u010da obremenitev do 310 kg.<\/p>\n<ul>\n<li>Opremljena z dvema no\u017enima stopalkama za hidravli\u010dno dviganje in spu\u0161\u010danje na ergonomsko, individualno delovno vi\u0161ino.<\/li>\n<li>Dva vrtljiva kolesca z parkirnimi zavorami za enostavno manevriranje in varno pozicioniranje.<\/li>\n<li>Velik delovni vrh (1580 x 900 mm) ter nastavljiva delovna vi\u0161ina od 470 mm do 1075 mm.<\/li>\n<\/ul>\n","protected":false},"featured_media":2292,"template":"","meta":[],"product_brand":[],"product_cat":[1062,1065],"product_tag":[],"class_list":{"0":"post-2291","1":"product","2":"type-product","3":"status-publish","4":"has-post-thumbnail","6":"product_cat-oprema-za-delavnice-delovne-mize-ponki","7":"product_cat-transportne-naprave","9":"first","10":"instock","11":"shipping-taxable","12":"purchasable","13":"product-type-simple"},"_links":{"self":[{"href":"https:\/\/www.depoles.com\/hr\/wp-json\/wp\/v2\/product\/2291","targetHints":{"allow":["GET"]}}],"collection":[{"href":"https:\/\/www.depoles.com\/hr\/wp-json\/wp\/v2\/product"}],"about":[{"href":"https:\/\/www.depoles.com\/hr\/wp-json\/wp\/v2\/types\/product"}],"wp:featuredmedia":[{"embeddable":true,"href":"https:\/\/www.depoles.com\/hr\/wp-json\/wp\/v2\/media\/2292"}],"wp:attachment":[{"href":"https:\/\/www.depoles.com\/hr\/wp-json\/wp\/v2\/media?parent=2291"}],"wp:term":[{"taxonomy":"product_brand","embeddable":true,"href":"https:\/\/www.depoles.com\/hr\/wp-json\/wp\/v2\/product_brand?post=2291"},{"taxonomy":"product_cat","embeddable":true,"href":"https:\/\/www.depoles.com\/hr\/wp-json\/wp\/v2\/product_cat?post=2291"},{"taxonomy":"product_tag","embeddable":true,"href":"https:\/\/www.depoles.com\/hr\/wp-json\/wp\/v2\/product_tag?post=2291"}],"curies":[{"name":"wp","href":"https:\/\/api.w.org\/{rel}","templated":true}]}}