{"id":2293,"date":"2020-08-20T16:24:10","date_gmt":"2020-08-20T14:24:10","guid":{"rendered":"https:\/\/nova.depoles.com\/trgovina\/okvir-za-dviganje-plosc-sht310par\/"},"modified":"2025-12-17T23:25:55","modified_gmt":"2025-12-17T22:25:55","slug":"okvir-za-dviganje-plosc-sht310par","status":"publish","type":"product","link":"https:\/\/www.depoles.com\/hr\/trgovina\/okvir-za-dviganje-plosc-sht310par\/","title":{"rendered":"Okvir za podizanje plo\u010da SHT310PAR"},"content":{"rendered":"<table>\n<tbody>\n<tr>\n<th colspan=\"2\">Meritve<\/th>\n<\/tr>\n<tr>\n<td><strong>Nosilnost (kg)<\/strong><\/td>\n<td>100<\/td>\n<\/tr>\n<tr>\n<td><strong>Obseg vrtenja<\/strong><\/td>\n<td>0 &#8211; 80\u00b0<\/td>\n<\/tr>\n<tr>\n<th colspan=\"2\">Dimenzije obdelovanca<\/th>\n<\/tr>\n<tr>\n<td><strong>Max. debelina obdelovanca (mm)<\/strong><\/td>\n<td>40<\/td>\n<\/tr>\n<tr>\n<th colspan=\"2\">Te\u017ea<\/th>\n<\/tr>\n<tr>\n<td><strong>Bruto te\u017ea (kg)<\/strong><\/td>\n<td>61,60<\/td>\n<\/tr>\n<tr>\n<td><strong>Netto te\u017ea (kg)<\/strong><\/td>\n<td>53<\/td>\n<\/tr>\n<tr>\n<th colspan=\"2\">Embala\u017ea<\/th>\n<\/tr>\n<tr>\n<td><strong>\u0160irina embala\u017ee (mm)<\/strong><\/td>\n<td>290<\/td>\n<\/tr>\n<tr>\n<td><strong>Dol\u017eina embala\u017ee (mm)<\/strong><\/td>\n<td>1.880<\/td>\n<\/tr>\n<tr>\n<td><strong>Vi\u0161ina embala\u017ee (mm)<\/strong><\/td>\n<td>170<\/td>\n<\/tr>\n<tr>\n<th colspan=\"2\">Splo\u0161ni podatki<\/th>\n<\/tr>\n<tr>\n<td><strong>EAN koda<\/strong><\/td>\n<td>9120058378263<\/td>\n<\/tr>\n<\/tbody>\n<\/table>\n","protected":false},"excerpt":{"rendered":"<h3> Poudarki <\/h3>\n<ul>\n<li> Okvir za dviganje plo\u0161\u010d, primeren za na\u0161 SHT310 za enostavno rokovanje z ve\u010djimi plo\u0161\u010dami \/ plo\u0161\u010dami <\/li>\n<li> Valj\u010dki na ogrodju omogo\u010dajo enostavno nalaganje in razkladanje plo\u0161\u010d \/ plo\u0161\u010d <\/li>\n<li> Nagibni mehanizem, zasnovan za delovanje ene osebe <\/li>\n<li> vklj. zama\u0161ek za plo\u0161\u010do \/ desko <\/li>\n<li> maks. \u0161irina plo\u0161\u010de \/ plo\u0161\u010de do 40 mm in najve\u010d. 100kg obremenitve z velikostjo okvirja 1850 x 1440 mm <\/li>\n<li> Enostavna in dobro usklajena monta\u017ea in demonta\u017ea na na\u0161 SHT310 <\/li>\n<\/ul>\n","protected":false},"featured_media":2294,"template":"","meta":[],"product_brand":[],"product_cat":[1062,1065],"product_tag":[],"class_list":{"0":"post-2293","1":"product","2":"type-product","3":"status-publish","4":"has-post-thumbnail","6":"product_cat-oprema-za-delavnice-delovne-mize-ponki","7":"product_cat-transportne-naprave","9":"first","10":"instock","11":"shipping-taxable","12":"purchasable","13":"product-type-simple"},"_links":{"self":[{"href":"https:\/\/www.depoles.com\/hr\/wp-json\/wp\/v2\/product\/2293","targetHints":{"allow":["GET"]}}],"collection":[{"href":"https:\/\/www.depoles.com\/hr\/wp-json\/wp\/v2\/product"}],"about":[{"href":"https:\/\/www.depoles.com\/hr\/wp-json\/wp\/v2\/types\/product"}],"wp:featuredmedia":[{"embeddable":true,"href":"https:\/\/www.depoles.com\/hr\/wp-json\/wp\/v2\/media\/2294"}],"wp:attachment":[{"href":"https:\/\/www.depoles.com\/hr\/wp-json\/wp\/v2\/media?parent=2293"}],"wp:term":[{"taxonomy":"product_brand","embeddable":true,"href":"https:\/\/www.depoles.com\/hr\/wp-json\/wp\/v2\/product_brand?post=2293"},{"taxonomy":"product_cat","embeddable":true,"href":"https:\/\/www.depoles.com\/hr\/wp-json\/wp\/v2\/product_cat?post=2293"},{"taxonomy":"product_tag","embeddable":true,"href":"https:\/\/www.depoles.com\/hr\/wp-json\/wp\/v2\/product_tag?post=2293"}],"curies":[{"name":"wp","href":"https:\/\/api.w.org\/{rel}","templated":true}]}}