{"id":2314,"date":"2020-06-23T14:08:21","date_gmt":"2020-06-23T12:08:21","guid":{"rendered":"https:\/\/nova.depoles.com\/trgovina\/formatna-zaga-sicar-sega-300-alu-2800-super-akcija\/"},"modified":"2026-02-18T14:23:00","modified_gmt":"2026-02-18T13:23:00","slug":"formatna-zaga-sicar-sega-300-alu-2800","status":"publish","type":"product","link":"https:\/\/www.depoles.com\/hr\/trgovina\/formatna-zaga-sicar-sega-300-alu-2800\/","title":{"rendered":"FORMATNA PILA SICAR SEGA 300 ALU 2800 SUPER AKCIJA"},"content":{"rendered":"<div class=\"elementor-element elementor-element-23551f71 elementor-widget elementor-widget-shortcode\" data-id=\"23551f71\" data-element_type=\"widget\" data-e-type=\"widget\" data-widget_type=\"shortcode.default\">\n<div class=\"elementor-widget-container\">\n<div class=\"elementor-shortcode\">\n<table id=\"tablepress-43\" class=\"tablepress tablepress-id-43\">\n<thead>\n<tr class=\"row-1\">\n<th class=\"column-1\"><span dir=\"auto\">Kro\u017ena \u017eaga<\/span><\/th>\n<th class=\"column-2\"><span dir=\"auto\">Enota<\/span><\/th>\n<th class=\"column-3\"><span dir=\"auto\">SEGA300<\/span><\/th>\n<\/tr>\n<\/thead>\n<tbody class=\"row-striping row-hover\">\n<tr class=\"row-2\">\n<td class=\"column-1\"><span dir=\"auto\">Delovna miza<\/span><\/td>\n<td class=\"column-2\"><span dir=\"auto\">mm<\/span><\/td>\n<td class=\"column-3\"><span dir=\"auto\">(800 + 500) x (500 + 860)<\/span><\/td>\n<\/tr>\n<tr class=\"row-3\">\n<td class=\"column-1\"><span dir=\"auto\">Hitrost glavnega rezila<\/span><\/td>\n<td class=\"column-2\"><span dir=\"auto\">vrtljaji na minuto<\/span><\/td>\n<td class=\"column-3\"><span dir=\"auto\">4500<\/span><\/td>\n<\/tr>\n<tr class=\"row-4\">\n<td class=\"column-1\"><span dir=\"auto\">Hitrost rezila za rezanje<\/span><\/td>\n<td class=\"column-2\"><span dir=\"auto\">mm<\/span><\/td>\n<td class=\"column-3\"><span dir=\"auto\">7000<\/span><\/td>\n<\/tr>\n<tr class=\"row-5\">\n<td class=\"column-1\"><span dir=\"auto\">Premer rezila<\/span><\/td>\n<td class=\"column-2\"><span dir=\"auto\">mm<\/span><\/td>\n<td class=\"column-3\"><span dir=\"auto\">300 x 30<\/span><\/td>\n<\/tr>\n<tr class=\"row-6\">\n<td class=\"column-1\"><span dir=\"auto\">Premer rezila graverja<\/span><\/td>\n<td class=\"column-2\"><span dir=\"auto\">mm<\/span><\/td>\n<td class=\"column-3\"><span dir=\"auto\">90 x 22<\/span><\/td>\n<\/tr>\n<tr class=\"row-7\">\n<td class=\"column-1\"><span dir=\"auto\">Vi\u0161ina ko\u0161nje pri 45\u00b0\/90\u00b0<\/span><\/td>\n<td class=\"column-2\"><span dir=\"auto\">mm<\/span><\/td>\n<td class=\"column-3\"><span dir=\"auto\">75\/100<\/span><\/td>\n<\/tr>\n<tr class=\"row-8\">\n<td class=\"column-1\"><span dir=\"auto\">Vzporedna ograja z vzporedno \u0161irino reza<\/span><\/td>\n<td class=\"column-2\"><span dir=\"auto\">mm<\/span><\/td>\n<td class=\"column-3\"><span dir=\"auto\">1250<\/span><\/td>\n<\/tr>\n<tr class=\"row-9\">\n<td class=\"column-1\"><span dir=\"auto\">Dimenzije vozi\u010dka<\/span><\/td>\n<td class=\"column-2\"><span dir=\"auto\">mm<\/span><\/td>\n<td class=\"column-3\"><span dir=\"auto\">1600 x 315<\/span><\/td>\n<\/tr>\n<tr class=\"row-10\">\n<td class=\"column-1\"><span dir=\"auto\">3-fazna mo\u010d motorja<\/span><\/td>\n<td class=\"column-2\"><span dir=\"auto\">KM &#8211; kW<\/span><\/td>\n<td class=\"column-3\"><span dir=\"auto\">4,0\u20133,0<\/span><\/td>\n<\/tr>\n<tr class=\"row-11\">\n<td class=\"column-1\"><span dir=\"auto\">Te\u017ea<\/span><\/td>\n<td class=\"column-2\"><span dir=\"auto\">kg<\/span><\/td>\n<td class=\"column-3\"><span dir=\"auto\">430<\/span><\/td>\n<\/tr>\n<tr class=\"row-12\">\n<td class=\"column-1\"><span dir=\"auto\">Velikost pakiranja stroja<\/span><\/td>\n<td class=\"column-2\"><span dir=\"auto\">mm<\/span><\/td>\n<td class=\"column-3\"><span dir=\"auto\">1750\u00d71030\u00d71100<\/span><\/td>\n<\/tr>\n<tr class=\"row-13\">\n<td class=\"column-1\"><\/td>\n<td class=\"column-2\"><\/td>\n<td class=\"column-3\"><\/td>\n<\/tr>\n<\/tbody>\n<\/table>\n<\/div>\n<\/div>\n<\/div>\n<section class=\"elementor-section elementor-inner-section elementor-element elementor-element-2f6b604c elementor-section-boxed elementor-section-height-default elementor-section-height-default\" data-id=\"2f6b604c\" data-element_type=\"section\" data-e-type=\"section\">\n<div class=\"elementor-container elementor-column-gap-extended \">\n<div class=\"elementor-column elementor-col-100 elementor-inner-column elementor-element elementor-element-4560c997\" data-id=\"4560c997\" data-element_type=\"column\" data-e-type=\"column\">\n<div class=\"elementor-widget-wrap elementor-element-populated\">\n<div class=\"elementor-element elementor-element-56e1962f elementor-widget elementor-widget-shortcode\" data-id=\"56e1962f\" data-element_type=\"widget\" data-e-type=\"widget\" data-widget_type=\"shortcode.default\">\n<div class=\"elementor-widget-container\">\n<div class=\"elementor-shortcode\">\n<table id=\"tablepress-44\" class=\"tablepress tablepress-id-44\">\n<thead>\n<tr class=\"row-1\">\n<th class=\"column-1\"><span dir=\"auto\">Dodatna oprema<\/span><\/th>\n<th class=\"column-2\"><span dir=\"auto\">Enota<\/span><\/th>\n<th class=\"column-3\"><span dir=\"auto\">SEGA300<\/span><\/th>\n<\/tr>\n<\/thead>\n<tbody class=\"row-striping row-hover\">\n<tr class=\"row-2\">\n<td class=\"column-1\"><span dir=\"auto\">Enofazni motor<\/span><\/td>\n<td class=\"column-2\"><span dir=\"auto\">KM &#8211; kW<\/span><\/td>\n<td class=\"column-3\"><span dir=\"auto\">4,0 &#8211; 3,0<\/span><\/td>\n<\/tr>\n<tr class=\"row-3\">\n<td class=\"column-1\"><span dir=\"auto\">Pove\u010dan trifazni motor<\/span><\/td>\n<td class=\"column-2\"><span dir=\"auto\">KM &#8211; kW<\/span><\/td>\n<td class=\"column-3\"><span dir=\"auto\">5,5 &#8211; 4,0<\/span><\/td>\n<\/tr>\n<tr class=\"row-4\">\n<td class=\"column-1\"><span dir=\"auto\">Dimenzija vozi\u010dka 2200 mm<\/span><\/td>\n<td class=\"column-2\"><span dir=\"auto\">mm<\/span><\/td>\n<td class=\"column-3\"><span dir=\"auto\">\u25cf<\/span><\/td>\n<\/tr>\n<tr class=\"row-5\">\n<td class=\"column-1\"><span dir=\"auto\">Dimenzija vozi\u010dka 2600\/2800 mm<\/span><\/td>\n<td class=\"column-2\"><span dir=\"auto\">mm<\/span><\/td>\n<td class=\"column-3\"><span dir=\"auto\">\u25cf<\/span><\/td>\n<\/tr>\n<\/tbody>\n<\/table>\n<\/div>\n<\/div>\n<\/div>\n<\/div>\n<\/div>\n<\/div>\n<\/section>\n","protected":false},"excerpt":{"rendered":"<h5><strong><span style=\"color: #000000;\">UREDIMO PLA\u010cILO NA OBROKE DO 15000\u20ac ZA VSE <\/span>: FIZI\u010cNE osebe, SP in DOO iz SLO\u00a0 TAKOJ\/BREZ OBISKA BANKE<\/strong><\/h5>\n<h5><span style=\"color: #ff0000;\"><strong>FORMATNA \u017dAGA SICAR SEGA 300 ALU 2800 SUPER AKCIJA\u00a0<\/strong><\/span><\/h5>\n<ul>\n<li><strong>FORMATNA \u017dAGA SICAR SEGA 300 ALU 2800 SUPER AKCIJA<\/strong><\/li>\n<li>odli\u010dna formatna \u017eaga za zahtevnega uporabnika<\/li>\n<li>\u017daga \u00d8300 mm+predreilo<\/li>\n<li>vrhunski alu voz 2600 x 315 mm (odrez dol\u017eine 2800 mm)<\/li>\n<li>zelo dobra tehni\u010dno , po izvedbi in zelo kvalitetni opremi, tudi z zelo ugodno cena za ta rang<\/li>\n<li>izredno mo\u010dna in zelo kvalitetna izdelava stroja vas bo navdu\u0161ila kakor tudi vodila , nastavitve in predvsem lepo in mirno drse\u010d alu formatni voz<\/li>\n<li>mo\u010dan motor POWER 4Kw\/5,5Ks\/S1<\/li>\n<li>predrezilo s svojimi nastavitvami za razrez iverala<\/li>\n<li>desno paralelno vodilo na okrogli masivnen okroglem vodilu za hitro in fiksno nastavitev +mikro do 1250 mm<\/li>\n<li>okvir z podporno roko z in velikim okvirjem za velike obdelovance<\/li>\n<li>pre\u010dno alu vodilo , masivno z 2 omejilcema na preklop<\/li>\n<li>prodanih \u017ee preko 100 kom teh tipov na trgu SLO , HR in BiH<\/li>\n<\/ul>\n<p><strong>DOPLA\u010cILA:<\/strong>\u00a0 orodja, rezila, \u017eage , predrezila, sesalci, cevi<\/p>\n<p>&nbsp;<\/p>\n","protected":false},"featured_media":10849,"template":"","meta":[],"product_brand":[],"product_cat":[1025,1006,1012],"product_tag":[129,193,195,314,377,380,632,661,666,743,807,918],"class_list":{"0":"post-2314","1":"product","2":"type-product","3":"status-publish","4":"has-post-thumbnail","6":"product_cat-formatne-zage","7":"product_cat-sicar-stroji","8":"product_cat-stroji-za-les","9":"product_tag-129","10":"product_tag-alu","11":"product_tag-alu-voz-2800","12":"product_tag-depoles","13":"product_tag-formatna","14":"product_tag-formtana","15":"product_tag-pila","16":"product_tag-power","17":"product_tag-predrezilo","18":"product_tag-sicar","19":"product_tag-super-akcija","20":"product_tag-zaga","22":"first","23":"instock","24":"sale","25":"shipping-taxable","26":"purchasable","27":"product-type-simple"},"_links":{"self":[{"href":"https:\/\/www.depoles.com\/hr\/wp-json\/wp\/v2\/product\/2314","targetHints":{"allow":["GET"]}}],"collection":[{"href":"https:\/\/www.depoles.com\/hr\/wp-json\/wp\/v2\/product"}],"about":[{"href":"https:\/\/www.depoles.com\/hr\/wp-json\/wp\/v2\/types\/product"}],"wp:featuredmedia":[{"embeddable":true,"href":"https:\/\/www.depoles.com\/hr\/wp-json\/wp\/v2\/media\/10849"}],"wp:attachment":[{"href":"https:\/\/www.depoles.com\/hr\/wp-json\/wp\/v2\/media?parent=2314"}],"wp:term":[{"taxonomy":"product_brand","embeddable":true,"href":"https:\/\/www.depoles.com\/hr\/wp-json\/wp\/v2\/product_brand?post=2314"},{"taxonomy":"product_cat","embeddable":true,"href":"https:\/\/www.depoles.com\/hr\/wp-json\/wp\/v2\/product_cat?post=2314"},{"taxonomy":"product_tag","embeddable":true,"href":"https:\/\/www.depoles.com\/hr\/wp-json\/wp\/v2\/product_tag?post=2314"}],"curies":[{"name":"wp","href":"https:\/\/api.w.org\/{rel}","templated":true}]}}