{"id":2329,"date":"2020-06-22T12:05:16","date_gmt":"2020-06-22T10:05:16","guid":{"rendered":"https:\/\/nova.depoles.com\/trgovina\/lepilka-optim-pdia-rondomat-cehisa\/"},"modified":"2020-06-22T12:05:16","modified_gmt":"2020-06-22T10:05:16","slug":"lepilka-optim-pdia-rondomat-cehisa","status":"publish","type":"product","link":"https:\/\/www.depoles.com\/hr\/trgovina\/lepilka-optim-pdia-rondomat-cehisa\/","title":{"rendered":"LJEPLJIVA TRAKA OPTIM P+DIA RONDOMAT CEHISA"},"content":{"rendered":"<p>kompaktna izvedba<\/p>\n<p>PLC zaslon na dotik<\/p>\n<p>PVC\/ABS 0,4-2 (3) mm<\/p>\n<p>poravnava spreda\/zadaj na panelu<\/p>\n<p><strong>VR RONDOMAT (zaokro\u017eevanje vseh 4 strani na panelu)<\/strong><\/p>\n<p>min dol\u017eina panela 200 mm<\/p>\n<p>min \u0161irina panela 75 mm<\/p>\n<p>min debelina panela 10 m<\/p>\n<p>max debelina panela 45 mm<\/p>\n<p>hitrost pomika 6,5 m\/min<\/p>\n<p>skupna poraba elektrike 3,6 Kw<\/p>\n<p>dol\u017eina stroja 2,5 m<\/p>\n<p>650 KG<\/p>\n<p>VIDEO DO STROJA:<\/p>\n<p><iframe loading=\"lazy\" title=\"OPTIM Series | CEHISA edgebanders\" width=\"1290\" height=\"726\" src=\"https:\/\/www.youtube.com\/embed\/wTFxqWAg55E?feature=oembed\" frameborder=\"0\" allow=\"accelerometer; autoplay; clipboard-write; encrypted-media; gyroscope; picture-in-picture; web-share\" referrerpolicy=\"strict-origin-when-cross-origin\" allowfullscreen><\/iframe><\/p>\n<p>&nbsp;<\/p>\n<p>&nbsp;<\/p>\n","protected":false},"excerpt":{"rendered":"<p>Uredimo pla\u010dila na obroke TAKOJ do 15000\u20ac za vse : fizi\u010dne ali pravne osebe (doo, sp&#8230;)<\/p>\n<ul>\n<li><strong>PROFESIOANALNA LEPILKA Z\u00a0 2 x DIA PREDREZKARJI in RONDOMATOM <\/strong><\/li>\n<li>ena najmanj\u0161ih PROFI lepilk na trgu<\/li>\n<li>lepila EVA klasi\u010dna ali PUR vodoodporna\u00a0 (dopla\u010dilo za ta sistem)<\/li>\n<li>popolnoma enaki agregati in kompionent kot na velikih strojih , specialni design omogo\u010da majhne dimenzije stroja, zato izredno priro\u010den za vsa mizarstva; velika ali mala<\/li>\n<li>hiter sistem ogrevanja lepila elektronsko, pripravljenost v par minutah<\/li>\n<li>PLC zaslon na dotik z vsemi bistvenimi podatki delovanje stroja in agregatov ter lepila v realnem \u010dasu<\/li>\n<li>odrez iz role s \u0161karjami 2 mm ABS<\/li>\n<li>2 pritisna valja nastavljiva , prvi gnan motoriziran<\/li>\n<li><strong><span style=\"color: #ff0000\">VR SYSTEM\u00a0 RONDOMAT COMBO <\/span><\/strong>kombiniran sistem , ki agregatu omogo\u010da da deluje kot \u010delilnik ali RONDOMAT in zaokro\u017ei robove, ter\u00a0 tako lepo\u00a0 zaklju\u010di rob<\/li>\n<li>HF rezkarji zgoraj spodaj z velikimi kopirnimi rinki za maximalno kvalitetno obdelavo traku po dol\u017eini brez napak<\/li>\n<li>stragala z izpihovalci (opcija)<\/li>\n<li>krta\u010da 2 agregata za poliranje in vrhunski kon\u010dni izdelek (opcija)<\/li>\n<\/ul>\n<p>&nbsp;<\/p>\n<p><span style=\"color: #ff0000\"><strong>DOPLA\u010cILA:<\/strong><\/span><\/p>\n<ul>\n<li>DUO MELT rezervar lepila za EVA\/PUR brez menjave kotli\u010dka\/izpust lepila iz kotli\u010dka -patent<\/li>\n<li>sprayi (vhodu in izhodu)<\/li>\n<li>podalj\u0161ek spredaj za velike panele<\/li>\n<li>kit 3 mm<\/li>\n<li>LED lu\u010d v kabini<\/li>\n<li>radius strgala<\/li>\n<\/ul>\n","protected":false},"featured_media":2330,"template":"","meta":[],"product_brand":[],"product_cat":[1033,1012],"product_tag":[161,257,314,318,358,468,532,664,668,692,718,885],"class_list":{"0":"post-2329","1":"product","2":"type-product","3":"status-publish","4":"has-post-thumbnail","6":"product_cat-robne-lepilke","7":"product_cat-stroji-za-les","8":"product_tag-55mm","9":"product_tag-cehisa","10":"product_tag-depoles","11":"product_tag-dia","12":"product_tag-eva","13":"product_tag-kantirka","14":"product_tag-lepilka","15":"product_tag-predglodala","16":"product_tag-predrezkarji","17":"product_tag-pur","18":"product_tag-rondomat","19":"product_tag-vr","21":"first","22":"onbackorder","23":"featured","24":"shipping-taxable","25":"purchasable","26":"product-type-simple"},"_links":{"self":[{"href":"https:\/\/www.depoles.com\/hr\/wp-json\/wp\/v2\/product\/2329","targetHints":{"allow":["GET"]}}],"collection":[{"href":"https:\/\/www.depoles.com\/hr\/wp-json\/wp\/v2\/product"}],"about":[{"href":"https:\/\/www.depoles.com\/hr\/wp-json\/wp\/v2\/types\/product"}],"wp:featuredmedia":[{"embeddable":true,"href":"https:\/\/www.depoles.com\/hr\/wp-json\/wp\/v2\/media\/2330"}],"wp:attachment":[{"href":"https:\/\/www.depoles.com\/hr\/wp-json\/wp\/v2\/media?parent=2329"}],"wp:term":[{"taxonomy":"product_brand","embeddable":true,"href":"https:\/\/www.depoles.com\/hr\/wp-json\/wp\/v2\/product_brand?post=2329"},{"taxonomy":"product_cat","embeddable":true,"href":"https:\/\/www.depoles.com\/hr\/wp-json\/wp\/v2\/product_cat?post=2329"},{"taxonomy":"product_tag","embeddable":true,"href":"https:\/\/www.depoles.com\/hr\/wp-json\/wp\/v2\/product_tag?post=2329"}],"curies":[{"name":"wp","href":"https:\/\/api.w.org\/{rel}","templated":true}]}}