{"id":2344,"date":"2020-06-08T17:42:28","date_gmt":"2020-06-08T15:42:28","guid":{"rendered":"https:\/\/nova.depoles.com\/trgovina\/tracna-zaga-m42-2480x27x09mm-6-10-zpz-bs275gpniro_6-10\/"},"modified":"2026-02-12T13:36:14","modified_gmt":"2026-02-12T12:36:14","slug":"tracna-zaga-m42-2480x27x09mm-6-10-zpz-bs275gpniro_6-10","status":"publish","type":"product","link":"https:\/\/www.depoles.com\/hr\/trgovina\/tracna-zaga-m42-2480x27x09mm-6-10-zpz-bs275gpniro_6-10\/","title":{"rendered":"Tra\u010dna pila M42 2480x27x0,9mm 6\/10 ZpZ BS275GPNIRO_6 \/ 10"},"content":{"rendered":"<p><strong>Tehni\u010dna specifikacija<\/strong><\/p>\n<ul>\n<li><strong>Te\u017ea<\/strong>\n<ul>\n<li>Bruto te\u017ea: 0,44 kg<\/li>\n<li>Netto te\u017ea: 0,42 kg<\/li>\n<\/ul>\n<\/li>\n<li><strong>Pakiranje<\/strong>\n<ul>\n<li>Dol\u017eina pakiranja: 1000 mm<\/li>\n<li>\u0160irina pakiranja: 500 mm<\/li>\n<li>Vi\u0161ina pakiranja: 100 mm<\/li>\n<\/ul>\n<\/li>\n<li><strong>Splo\u0161ni podatki<\/strong>\n<ul>\n<li>EAN koda: 9120039906386<\/li>\n<\/ul>\n<\/li>\n<\/ul>\n","protected":false},"excerpt":{"rendered":"<p>Tehni\u010dna specifikacija Te\u017ea Bruto te\u017ea: 0,44 kg Netto te\u017ea: 0,42 kg Pakiranje Dol\u017eina pakiranja: 1000 mm \u0160irina pakiranja: 500 mm Vi\u0161ina pakiranja: 100 mm Splo\u0161ni podatki EAN koda: 9120039906386<\/p>\n","protected":false},"featured_media":2345,"template":"","meta":[],"product_brand":[],"product_cat":[1045,1043],"product_tag":[],"class_list":{"0":"post-2344","1":"product","2":"type-product","3":"status-publish","4":"has-post-thumbnail","6":"product_cat-pripomocki-kovine","7":"product_cat-stroji-za-kovine","9":"first","10":"instock","11":"shipping-taxable","12":"purchasable","13":"product-type-simple"},"_links":{"self":[{"href":"https:\/\/www.depoles.com\/hr\/wp-json\/wp\/v2\/product\/2344","targetHints":{"allow":["GET"]}}],"collection":[{"href":"https:\/\/www.depoles.com\/hr\/wp-json\/wp\/v2\/product"}],"about":[{"href":"https:\/\/www.depoles.com\/hr\/wp-json\/wp\/v2\/types\/product"}],"wp:featuredmedia":[{"embeddable":true,"href":"https:\/\/www.depoles.com\/hr\/wp-json\/wp\/v2\/media\/2345"}],"wp:attachment":[{"href":"https:\/\/www.depoles.com\/hr\/wp-json\/wp\/v2\/media?parent=2344"}],"wp:term":[{"taxonomy":"product_brand","embeddable":true,"href":"https:\/\/www.depoles.com\/hr\/wp-json\/wp\/v2\/product_brand?post=2344"},{"taxonomy":"product_cat","embeddable":true,"href":"https:\/\/www.depoles.com\/hr\/wp-json\/wp\/v2\/product_cat?post=2344"},{"taxonomy":"product_tag","embeddable":true,"href":"https:\/\/www.depoles.com\/hr\/wp-json\/wp\/v2\/product_tag?post=2344"}],"curies":[{"name":"wp","href":"https:\/\/api.w.org\/{rel}","templated":true}]}}