{"id":2358,"date":"2020-06-08T17:42:10","date_gmt":"2020-06-08T15:42:10","guid":{"rendered":"https:\/\/nova.depoles.com\/trgovina\/kovinski-brusilni-stroj-msm100neo_400v\/"},"modified":"2026-02-12T13:54:51","modified_gmt":"2026-02-12T12:54:51","slug":"kovinski-brusilni-stroj-msm100neo_400v","status":"publish","type":"product","link":"https:\/\/www.depoles.com\/hr\/trgovina\/kovinski-brusilni-stroj-msm100neo_400v\/","title":{"rendered":"Metalna brusilica MSM100NEO_400V"},"content":{"rendered":"<p><strong>Specifikacije izdelka:<\/strong><\/p>\n<ul>\n<li><strong>Motor:<\/strong>\n<ul>\n<li>Mo\u010d motorja S1: 1500 W<\/li>\n<li>Napetost: 400V \/ 3 \/ 50Hz<\/li>\n<\/ul>\n<\/li>\n<li><strong>Dimenzije:<\/strong>\n<ul>\n<li>Premer sesalnega priklju\u010dka: 75 mm<\/li>\n<li>Skupne dimenzije: 655 x 385 x 900 mm<\/li>\n<\/ul>\n<\/li>\n<li><strong>Bru\u0161enje:<\/strong>\n<ul>\n<li>Dimenzije traku: 100 x 1220 mm<\/li>\n<li>Hitrost traku: 19 m\/s<\/li>\n<li>Premer bobna: \u00f8127 \/ 100 mm<\/li>\n<li>Velikost mize za brusni trak: 280 x 100 mm<\/li>\n<\/ul>\n<\/li>\n<li><strong>Raven glasnosti in vibracije:<\/strong>\n<ul>\n<li>Raven zvo\u010dne mo\u010di: 103 dB(A)<\/li>\n<li>Raven zvo\u010dnega tlaka: 89,5 dB(A)<\/li>\n<\/ul>\n<\/li>\n<li><strong>Te\u017ea:<\/strong>\n<ul>\n<li>Bruto te\u017ea: 39 kg<\/li>\n<li>Netto te\u017ea: 34 kg<\/li>\n<\/ul>\n<\/li>\n<li><strong>Pakiranje:<\/strong>\n<ul>\n<li>\u0160irina pakiranja: 420 mm<\/li>\n<li>Dol\u017eina pakiranja: 630 mm<\/li>\n<li>Vi\u0161ina pakiranja: 430 mm<\/li>\n<\/ul>\n<\/li>\n<li><strong>Splo\u0161ni podatki:<\/strong>\n<ul>\n<li>EAN koda: 9120058378300<\/li>\n<\/ul>\n<\/li>\n<\/ul>\n","protected":false},"excerpt":{"rendered":"<h3>Poudarki<\/h3>\n<p>Stroj za mletje z udobno zamenjavo jermena, mo\u010dnim motorjem in natan\u010dnim prenosom omogo\u010da vrhunske rezultate.<\/p>\n<ul>\n<li>Udobna menjava jermena zaradi mehanizma za hitro zapenjanje<\/li>\n<li>Mo\u010dan motor zagotavlja konstanten navor in najbolj\u0161e rezultate mletja<\/li>\n<li>Gumirani brusilni valji in podporne plo\u0161\u010dice za grafit omogo\u010dajo gladek in natan\u010den transport jermena<\/li>\n<li>Fin gumb za nastavitev omogo\u010da popolnoma uravnote\u017een tek pasu<\/li>\n<\/ul>\n<p><strong>Vklju\u010deno v dobavo:<\/strong> osnovni okvir, brusni pas, iskrilo<\/p>\n","protected":false},"featured_media":2359,"template":"","meta":[],"product_brand":[],"product_cat":[1054,1043],"product_tag":[],"class_list":{"0":"post-2358","1":"product","2":"type-product","3":"status-publish","4":"has-post-thumbnail","6":"product_cat-brusilniki-za-kovine","7":"product_cat-stroji-za-kovine","9":"first","10":"instock","11":"shipping-taxable","12":"purchasable","13":"product-type-simple"},"_links":{"self":[{"href":"https:\/\/www.depoles.com\/hr\/wp-json\/wp\/v2\/product\/2358","targetHints":{"allow":["GET"]}}],"collection":[{"href":"https:\/\/www.depoles.com\/hr\/wp-json\/wp\/v2\/product"}],"about":[{"href":"https:\/\/www.depoles.com\/hr\/wp-json\/wp\/v2\/types\/product"}],"wp:featuredmedia":[{"embeddable":true,"href":"https:\/\/www.depoles.com\/hr\/wp-json\/wp\/v2\/media\/2359"}],"wp:attachment":[{"href":"https:\/\/www.depoles.com\/hr\/wp-json\/wp\/v2\/media?parent=2358"}],"wp:term":[{"taxonomy":"product_brand","embeddable":true,"href":"https:\/\/www.depoles.com\/hr\/wp-json\/wp\/v2\/product_brand?post=2358"},{"taxonomy":"product_cat","embeddable":true,"href":"https:\/\/www.depoles.com\/hr\/wp-json\/wp\/v2\/product_cat?post=2358"},{"taxonomy":"product_tag","embeddable":true,"href":"https:\/\/www.depoles.com\/hr\/wp-json\/wp\/v2\/product_tag?post=2358"}],"curies":[{"name":"wp","href":"https:\/\/api.w.org\/{rel}","templated":true}]}}