{"id":2360,"date":"2020-06-08T17:42:08","date_gmt":"2020-06-08T15:42:08","guid":{"rendered":"https:\/\/nova.depoles.com\/trgovina\/kovinski-brusilni-stroj-msm100neo_230v\/"},"modified":"2026-02-12T13:46:21","modified_gmt":"2026-02-12T12:46:21","slug":"kovinski-brusilni-stroj-msm100neo_230v","status":"publish","type":"product","link":"https:\/\/www.depoles.com\/hr\/trgovina\/kovinski-brusilni-stroj-msm100neo_230v\/","title":{"rendered":"Metalni brusilni stroj MSM100NEO_230V"},"content":{"rendered":"<p><strong>Tehni\u010dna specifikacija<\/strong><\/p>\n<table>\n<tbody>\n<tr>\n<td><strong>Podatki o motorju<\/strong><\/td>\n<td><\/td>\n<\/tr>\n<tr>\n<td>Mo\u010d motorja S1 (W)<\/td>\n<td>1500<\/td>\n<\/tr>\n<tr>\n<td>Napetost<\/td>\n<td>230V \/ (50Hz)<\/td>\n<\/tr>\n<tr>\n<td><strong>Dimenzije<\/strong><\/td>\n<td><\/td>\n<\/tr>\n<tr>\n<td>Premer sesalnega priklju\u010dka (mm)<\/td>\n<td>75<\/td>\n<\/tr>\n<tr>\n<td>Skupne dimenzije (mm)<\/td>\n<td>655 x 385 x 900<\/td>\n<\/tr>\n<tr>\n<td><strong>Bru\u0161enje<\/strong><\/td>\n<td><\/td>\n<\/tr>\n<tr>\n<td>Dimenzije traku (mm)<\/td>\n<td>100 x 1220<\/td>\n<\/tr>\n<tr>\n<td>Hitrost traku<\/td>\n<td>19 m\/s<\/td>\n<\/tr>\n<tr>\n<td>Premer bobna (mm)<\/td>\n<td>\u00f8127 \/ 100<\/td>\n<\/tr>\n<tr>\n<td>Velikost mize za brusni trak (mm)<\/td>\n<td>280 x 100<\/td>\n<\/tr>\n<tr>\n<td><strong>Ravni zvoka in vibracij<\/strong><\/td>\n<td><\/td>\n<\/tr>\n<tr>\n<td>Raven mo\u010di zvoka (dB(A))<\/td>\n<td>103<\/td>\n<\/tr>\n<tr>\n<td>Raven zvo\u010dnega tlaka (dB(A))<\/td>\n<td>89,5<\/td>\n<\/tr>\n<tr>\n<td><strong>Te\u017ea<\/strong><\/td>\n<td><\/td>\n<\/tr>\n<tr>\n<td>Bruto te\u017ea (kg)<\/td>\n<td>39<\/td>\n<\/tr>\n<tr>\n<td>Netto te\u017ea (kg)<\/td>\n<td>34<\/td>\n<\/tr>\n<tr>\n<td><strong>Embal\u017ea<\/strong><\/td>\n<td><\/td>\n<\/tr>\n<tr>\n<td>\u0160irina embala\u017ee (mm)<\/td>\n<td>420<\/td>\n<\/tr>\n<tr>\n<td>Dol\u017eina embala\u017ee (mm)<\/td>\n<td>630<\/td>\n<\/tr>\n<tr>\n<td>Vi\u0161ina embala\u017ee (mm)<\/td>\n<td>430<\/td>\n<\/tr>\n<tr>\n<td><strong>Splo\u0161ni podatki<\/strong><\/td>\n<td><\/td>\n<\/tr>\n<tr>\n<td>EAN koda<\/td>\n<td>9120058378317<\/td>\n<\/tr>\n<\/tbody>\n<\/table>\n","protected":false},"excerpt":{"rendered":"<h3>Poudarki<\/h3>\n<p>Ta izdelek nudi ve\u010d prednosti za u\u010dinkovito in enostavno uporabo:<\/p>\n<ul>\n<li>udobna menjava jermena zaradi mehanizma za hitro zapenjanje<\/li>\n<li>mo\u010dan motor zagotavlja konstanten navor in najbolj\u0161e rezultate mletja<\/li>\n<li>gumirani brusilni valji in podporne plo\u0161\u010dice za grafit omogo\u010dajo gladek in natan\u010den transport jermena<\/li>\n<li>fin gumb za nastavitev omogo\u010da popolnoma uravnote\u017een tek pasu<\/li>\n<\/ul>\n<p><strong>Vklju\u010deno v dobavo:<\/strong> osnovni okvir, brusni pas, iskrilo<\/p>\n","protected":false},"featured_media":2361,"template":"","meta":[],"product_brand":[],"product_cat":[1054,1043],"product_tag":[],"class_list":{"0":"post-2360","1":"product","2":"type-product","3":"status-publish","4":"has-post-thumbnail","6":"product_cat-brusilniki-za-kovine","7":"product_cat-stroji-za-kovine","9":"first","10":"instock","11":"shipping-taxable","12":"purchasable","13":"product-type-simple"},"_links":{"self":[{"href":"https:\/\/www.depoles.com\/hr\/wp-json\/wp\/v2\/product\/2360","targetHints":{"allow":["GET"]}}],"collection":[{"href":"https:\/\/www.depoles.com\/hr\/wp-json\/wp\/v2\/product"}],"about":[{"href":"https:\/\/www.depoles.com\/hr\/wp-json\/wp\/v2\/types\/product"}],"wp:featuredmedia":[{"embeddable":true,"href":"https:\/\/www.depoles.com\/hr\/wp-json\/wp\/v2\/media\/2361"}],"wp:attachment":[{"href":"https:\/\/www.depoles.com\/hr\/wp-json\/wp\/v2\/media?parent=2360"}],"wp:term":[{"taxonomy":"product_brand","embeddable":true,"href":"https:\/\/www.depoles.com\/hr\/wp-json\/wp\/v2\/product_brand?post=2360"},{"taxonomy":"product_cat","embeddable":true,"href":"https:\/\/www.depoles.com\/hr\/wp-json\/wp\/v2\/product_cat?post=2360"},{"taxonomy":"product_tag","embeddable":true,"href":"https:\/\/www.depoles.com\/hr\/wp-json\/wp\/v2\/product_tag?post=2360"}],"curies":[{"name":"wp","href":"https:\/\/api.w.org\/{rel}","templated":true}]}}