{"id":2364,"date":"2020-06-08T17:42:05","date_gmt":"2020-06-08T15:42:05","guid":{"rendered":"https:\/\/nova.depoles.com\/trgovina\/tracna-zaga-bs-712-turn-g-400v-holzmann\/"},"modified":"2026-02-12T13:54:41","modified_gmt":"2026-02-12T12:54:41","slug":"tracna-zaga-bs-712-turn-g-400v-holzmann","status":"publish","type":"product","link":"https:\/\/www.depoles.com\/hr\/trgovina\/tracna-zaga-bs-712-turn-g-400v-holzmann\/","title":{"rendered":"TRA\u010cNA PILA BS 712 TURN-G 400V HOLZMANN"},"content":{"rendered":"<p><strong>Tehni\u010dni podatki<\/strong><\/p>\n<ul>\n<li><strong>Motor<\/strong>\n<ul>\n<li>Mo\u010d motorja S1: 1100 W<\/li>\n<li>Napetost: 400V \/ 3 \/ 50Hz<\/li>\n<\/ul>\n<\/li>\n<li><strong>Dimenzije<\/strong>\n<ul>\n<li>Skupne dimenzije (D x \u0160 x V): 1250 x 985 x 910 mm<\/li>\n<\/ul>\n<\/li>\n<li><strong>Rezanje<\/strong>\n<ul>\n<li>Rezanje okroglih \u00d8 90\u00b0: 205 mm<\/li>\n<li>Rezanje okroglih \u00d8 45\u00b0: 140 mm<\/li>\n<li>Rezanje okroglih \u00d8 -45\u00b0: 150 mm<\/li>\n<li>Rezanje (D x V) 90\u00b0: 215 x 205 mm<\/li>\n<li>Rezanje (D x V) 45\u00b0: 140 x 90 mm<\/li>\n<li>Rezanje (D x V) -45\u00b0: 100 x 200 mm<\/li>\n<\/ul>\n<\/li>\n<li><strong>Tra\u010dne \u017eage<\/strong>\n<ul>\n<li>Tra\u010dna \u017eaga: 2360 x 20 x 0,9 mm<\/li>\n<li>Hitrost tra\u010dne \u017eage: 39 \/ 55 \/ 67 m\/min<\/li>\n<\/ul>\n<\/li>\n<li><strong>Raven zvoka in vibracije<\/strong>\n<ul>\n<li>Raven zvo\u010dne mo\u010di: 82,8 dB(A)<\/li>\n<li>Raven zvo\u010dnega tlaka: 72,8 dB(A)<\/li>\n<\/ul>\n<\/li>\n<li><strong>Te\u017ea<\/strong>\n<ul>\n<li>Bruto te\u017ea: 201 kg<\/li>\n<li>Netto te\u017ea: 181 kg<\/li>\n<\/ul>\n<\/li>\n<li><strong>Embala\u017ea<\/strong>\n<ul>\n<li>\u0160irina embala\u017ee: 575 mm<\/li>\n<li>Dol\u017eina embala\u017ee: 1260 mm<\/li>\n<li>Vi\u0161ina embala\u017ee: 1145 mm<\/li>\n<\/ul>\n<\/li>\n<li><strong>Splo\u0161ni podatki<\/strong>\n<ul>\n<li>EAN koda: 9120058377952<\/li>\n<\/ul>\n<\/li>\n<\/ul>\n","protected":false},"excerpt":{"rendered":"<h5>uredimo pla\u010dilo na obroke TAKOJ za vse brez obiska banke<\/h5>\n<ul>\n<li>\u017eaga za kovino z menjalnikom za nastavitev hitrosti traku (3 koraki)<\/li>\n<li>stroj za var\u010devanje s prostorom zaradi vrtljive ro\u010dice rezalnika<\/li>\n<li>samodejni kon\u010dni postanek<\/li>\n<li>stroj iz masivnega sivega litega \u017eeleza z vodnikom krogli\u010dnega le\u017eaja<\/li>\n<li>opremljen z oborjevalnikom kovinskih sekancev in \u010drpalko in rezervoarjem hladilne teko\u010dine (25W, 10l)<\/li>\n<li>hitrost spu\u0161\u010danja, brezstopenjsko nastavljivo s hidravli\u010dnim cilindrom<\/li>\n<li>vrtenje profesionalnega prime\u017ea in omejitve delovnega dela<\/li>\n<\/ul>\n<p><strong>vklju\u010deno v dobavo:<\/strong> bimetalni tra\u010dni \u017eag (2630 x 20 x 0,9 mm), premi\u010dna naprava, mejna zapora obdelovanca<\/p>\n","protected":false},"featured_media":2365,"template":"","meta":[],"product_brand":[],"product_cat":[1043,1060],"product_tag":[238,314,441,632,837,918],"class_list":{"0":"post-2364","1":"product","2":"type-product","3":"status-publish","4":"has-post-thumbnail","6":"product_cat-stroji-za-kovine","7":"product_cat-tracne-zage-za-kovino","8":"product_tag-bs712","9":"product_tag-depoles","10":"product_tag-holzmann","11":"product_tag-pila","12":"product_tag-tracna","13":"product_tag-zaga","15":"first","16":"instock","17":"shipping-taxable","18":"purchasable","19":"product-type-simple"},"_links":{"self":[{"href":"https:\/\/www.depoles.com\/hr\/wp-json\/wp\/v2\/product\/2364","targetHints":{"allow":["GET"]}}],"collection":[{"href":"https:\/\/www.depoles.com\/hr\/wp-json\/wp\/v2\/product"}],"about":[{"href":"https:\/\/www.depoles.com\/hr\/wp-json\/wp\/v2\/types\/product"}],"wp:featuredmedia":[{"embeddable":true,"href":"https:\/\/www.depoles.com\/hr\/wp-json\/wp\/v2\/media\/2365"}],"wp:attachment":[{"href":"https:\/\/www.depoles.com\/hr\/wp-json\/wp\/v2\/media?parent=2364"}],"wp:term":[{"taxonomy":"product_brand","embeddable":true,"href":"https:\/\/www.depoles.com\/hr\/wp-json\/wp\/v2\/product_brand?post=2364"},{"taxonomy":"product_cat","embeddable":true,"href":"https:\/\/www.depoles.com\/hr\/wp-json\/wp\/v2\/product_cat?post=2364"},{"taxonomy":"product_tag","embeddable":true,"href":"https:\/\/www.depoles.com\/hr\/wp-json\/wp\/v2\/product_tag?post=2364"}],"curies":[{"name":"wp","href":"https:\/\/api.w.org\/{rel}","templated":true}]}}