{"id":2379,"date":"2020-06-08T17:41:40","date_gmt":"2020-06-08T15:41:40","guid":{"rendered":"https:\/\/nova.depoles.com\/trgovina\/lepilka-holzmann-kam215epsv_400v\/"},"modified":"2025-12-17T15:02:22","modified_gmt":"2025-12-17T14:02:22","slug":"lepilka-holzmann-kam215epsv_400v","status":"publish","type":"product","link":"https:\/\/www.depoles.com\/hr\/trgovina\/lepilka-holzmann-kam215epsv_400v\/","title":{"rendered":"LJEPLJIVA PI\u0160TOLJ HOLZMANN KAM215EPSV DIA 400V"},"content":{"rendered":"<p><strong>Tehni\u010dni podatki<\/strong><\/p>\n<ul>\n<li><strong>Podatki o motorju:<\/strong>\n<ul>\n<li>Napetost: 400V \/ 50Hz<\/li>\n<li>Hitrost podajanja: 13 m\/min<\/li>\n<\/ul>\n<\/li>\n<li><strong>Dimenzije:<\/strong>\n<ul>\n<li>Sesalni priklju\u010dek: 2x \u00f8 100 mm<\/li>\n<li>Skupne dimenzije: 3570 x 1100 x 1500 mm<\/li>\n<\/ul>\n<\/li>\n<li><strong>Dimenzije obdelovanca:<\/strong>\n<ul>\n<li>Minimalna dol\u017eina obdelovanca: 120 mm<\/li>\n<li>Minimalna \u0161irina obdelovanca: 80 mm<\/li>\n<li>Minimalna debelina obdelovanca: 10 mm<\/li>\n<li>Maksimalna debelina obdelovanca: 50 mm<\/li>\n<\/ul>\n<\/li>\n<li><strong>Obrobno lepljenje:<\/strong>\n<ul>\n<li>\u0160irina roba: 15-55 mm<\/li>\n<li>Debelina roba: 0,4-3 mm<\/li>\n<li>Zahtevan zra\u010dni tlak: 6 bar<\/li>\n<\/ul>\n<\/li>\n<li><strong>Te\u017ea:<\/strong>\n<ul>\n<li>Bruto te\u017ea: 1050 kg<\/li>\n<li>Netto te\u017ea: 900 kg<\/li>\n<\/ul>\n<\/li>\n<li><strong>Pakiranje:<\/strong>\n<ul>\n<li>\u0160irina pakiranja: 760 mm<\/li>\n<li>Dol\u017eina pakiranja: 3160 mm<\/li>\n<li>Vi\u0161ina pakiranja: 1500 mm<\/li>\n<\/ul>\n<\/li>\n<li><strong>Splo\u0161ni podatki:<\/strong>\n<ul>\n<li>EAN koda: 9120058378072<\/li>\n<\/ul>\n<\/li>\n<\/ul>\n","protected":false},"excerpt":{"rendered":"<h3>Uveljavljena enota KAM215EPS za predhodno rezkanje<\/h3>\n<p>Ta podalj\u0161ana enota za predhodno rezkanje je opremljena z zaslonom na dotik in enostranskim avtomatskim robnim strojem, ki vklju\u010duje pred-rezkalno enoto z dvojno rezkanjem levo in desno ter rezalnikom premera 80 mm z mo\u010djo 1,1 kW in hitrostjo 12.000 obr.\/min. Vklju\u010duje rezervoar za lepilo z nadzorovanim ogrevanjem in neposredno dostavo lepila na ravne obdelovance. Kri\u017ena \u017eaga za rezanje robnega traku je name\u0161\u010dena posebej za sprednjo in zadnjo stran, z motorjem 0,35 kW in hitrostjo 12.000 obr.\/min. Dvojna obrezovalna enota obrezuje robni previs zgoraj in spodaj, z mo\u017enostjo rezanja z naravnost ali polmerom 2 mm, motor pa ima mo\u010d 0,75 kW in hitrost 18.000 obr.\/min. Enota vklju\u010duje ravna strgala na zgornji in spodnji strani ter polirno enoto z mo\u010djo 0,18 kW in hitrostjo 1.400 obr.\/min. Tla\u010dni valji zagotavljajo idealno povezavo med laminatom in obdelovancem, samodejno in konstantno dovajanje plo\u0161\u010de pa omogo\u010da veri\u017eni pogon z mo\u010dnim motorjem. Temperaturo lepljenja je mogo\u010de nastaviti elektronsko preko zaslona na dotik, dodatno pa je na voljo podporna miza za robni pas.<\/p>\n<ul>\n<li>zaslon na dotik<\/li>\n<li>pred-rezkalna enota z dvojno rezkanjem (levo\/desno), motor 1,1 kW, 12.000 obr.\/min<\/li>\n<li>rezervoar za lepilo z ogrevanjem in neposredno dostavo lepila<\/li>\n<li>kri\u017ena \u017eaga za rezanje robnega traku (spredaj in zadaj), motor 0,35 kW, 12.000 obr.\/min<\/li>\n<li>dvojna obrezovalna enota za robni previs (zgoraj\/spodaj), motor 0,75 kW, 18.000 obr.\/min<\/li>\n<li>ravna strgala (zgornja\/spodnja stran)<\/li>\n<li>polirna enota, motor 0,18 kW, 1.400 obr.\/min<\/li>\n<li>tla\u010dni valji za optimalno povezavo laminata in obdelovanca<\/li>\n<li>samodejno in konstantno dovajanje plo\u0161\u010de z veri\u017enim pogonom<\/li>\n<li>elektronska nastavitev temperature lepljenja preko zaslona na dotik<\/li>\n<li>podporna miza za robni pas<\/li>\n<\/ul>\n<p><strong>Vklju\u010deno v dobavo:<\/strong> 2x rezalniki za pred bru\u0161enjem (\u00f880x\u00f820&#215;55 mm), 2x \u017eage (\u00f8104x\u00f822&#215;3\/2,2 30T), 2x polirni diski (\u00f8150 mm), 2x rezila, 2x rezalniki za dvojno rezkanje<\/p>\n","protected":false},"featured_media":2380,"template":"","meta":[],"product_brand":[],"product_cat":[1033,1012],"product_tag":[463,467,532,664,668],"class_list":{"0":"post-2379","1":"product","2":"type-product","3":"status-publish","4":"has-post-thumbnail","6":"product_cat-robne-lepilke","7":"product_cat-stroji-za-les","8":"product_tag-kam215","9":"product_tag-kanterica","10":"product_tag-lepilka","11":"product_tag-predglodala","12":"product_tag-predrezkarji","14":"first","15":"instock","16":"shipping-taxable","17":"purchasable","18":"product-type-simple"},"_links":{"self":[{"href":"https:\/\/www.depoles.com\/hr\/wp-json\/wp\/v2\/product\/2379","targetHints":{"allow":["GET"]}}],"collection":[{"href":"https:\/\/www.depoles.com\/hr\/wp-json\/wp\/v2\/product"}],"about":[{"href":"https:\/\/www.depoles.com\/hr\/wp-json\/wp\/v2\/types\/product"}],"wp:featuredmedia":[{"embeddable":true,"href":"https:\/\/www.depoles.com\/hr\/wp-json\/wp\/v2\/media\/2380"}],"wp:attachment":[{"href":"https:\/\/www.depoles.com\/hr\/wp-json\/wp\/v2\/media?parent=2379"}],"wp:term":[{"taxonomy":"product_brand","embeddable":true,"href":"https:\/\/www.depoles.com\/hr\/wp-json\/wp\/v2\/product_brand?post=2379"},{"taxonomy":"product_cat","embeddable":true,"href":"https:\/\/www.depoles.com\/hr\/wp-json\/wp\/v2\/product_cat?post=2379"},{"taxonomy":"product_tag","embeddable":true,"href":"https:\/\/www.depoles.com\/hr\/wp-json\/wp\/v2\/product_tag?post=2379"}],"curies":[{"name":"wp","href":"https:\/\/api.w.org\/{rel}","templated":true}]}}