{"id":2385,"date":"2020-06-08T17:41:32","date_gmt":"2020-06-08T15:41:32","guid":{"rendered":"https:\/\/nova.depoles.com\/trgovina\/mizna-krozna-zaga-holzmann-tks500s_400v\/"},"modified":"2026-02-12T13:49:24","modified_gmt":"2026-02-12T12:49:24","slug":"mizna-krozna-zaga-holzmann-tks500s_400v","status":"publish","type":"product","link":"https:\/\/www.depoles.com\/hr\/trgovina\/mizna-krozna-zaga-holzmann-tks500s_400v\/","title":{"rendered":"Stolna kru\u017ena pila HOLZMANN TKS500S_400V"},"content":{"rendered":"<p><strong>Tehni\u010dni podatki<\/strong><\/p>\n<ul>\n<li><strong>Podatki o motorju:<\/strong>\n<ul>\n<li>Mo\u010d motorja S6: 4200 W<\/li>\n<li>Napetost: 400 V \/ 50 Hz<\/li>\n<\/ul>\n<\/li>\n<li><strong>Dimenzije:<\/strong>\n<ul>\n<li>Velikost mize: 1000 x 660 mm<\/li>\n<li>Vi\u0161ina mize: 850 mm<\/li>\n<li>Podalj\u0161ek mize: 800 x 400 mm<\/li>\n<li>Skupne dimenzije: 1075 x 790 x 1035 mm<\/li>\n<li>Sesalni priklju\u010dek: \u00f8 100 mm<\/li>\n<\/ul>\n<\/li>\n<li><strong>Rezanje:<\/strong>\n<ul>\n<li>Maksimalna vi\u0161ina rezanja pri 90\u00b0: 150 mm<\/li>\n<li>Maksimalna \u0161irina rezanja ob paralelnem vodilu: 310 mm<\/li>\n<\/ul>\n<\/li>\n<li><strong>Kro\u017ene \u017eage:<\/strong>\n<ul>\n<li>Premer \u017eaginega lista: 500 mm (30 mm)<\/li>\n<li>Hitrost \u017eaginega lista: 2800 min\u207b\u00b9<\/li>\n<\/ul>\n<\/li>\n<li><strong>Raven zvoka in vibracije:<\/strong>\n<ul>\n<li>Raven zvo\u010dne mo\u010di: 110 dB(A)<\/li>\n<\/ul>\n<\/li>\n<li><strong>Te\u017ea:<\/strong>\n<ul>\n<li>Bruto te\u017ea: 119 kg<\/li>\n<li>Netto te\u017ea: 96 kg<\/li>\n<\/ul>\n<\/li>\n<li><strong>Pakiranje:<\/strong>\n<ul>\n<li>\u0160irina pakiranja: 825 mm<\/li>\n<li>Dol\u017eina pakiranja: 1285 mm<\/li>\n<li>Vi\u0161ina pakiranja: 610 mm<\/li>\n<\/ul>\n<\/li>\n<li><strong>Splo\u0161ni podatki:<\/strong>\n<ul>\n<li>EAN koda: 9120058378188<\/li>\n<\/ul>\n<\/li>\n<\/ul>\n","protected":false},"excerpt":{"rendered":"<h3>Poudarki<\/h3>\n<ul>\n<li>Robustna kro\u017ena mizna \u017eaga, idealna za uporabo na gradbi\u0161\u010dih.<\/li>\n<li>Velika vi\u0161ina reza 150 mm zahvaljujo\u010d 500 mm TCT \u017eaginemu listu.<\/li>\n<li>Stabilen osnovni okvir s podalj\u0161kom mize, ki je zlo\u017eljiv.<\/li>\n<li>Mo\u010dan motor za u\u010dinkovito rezanje.<\/li>\n<li>Navzkri\u017eno rezanje in mitra\u017ea z integriranim merilnikom za natan\u010den rez klina ter podporo za ograjo za varno delo.<\/li>\n<li>Transportna naprava z ro\u010daji in kolesi za enostavno premikanje na kratke razdalje.<\/li>\n<\/ul>\n<p><strong>Vklju\u010deno v dobavo:<\/strong> 1x TCT \u017eagin list \u00f8 500 x 30 x 4 (44T), potisna palica, drsni les, orodje za menjavo \u017eaginega lista, \u010dep CEE s stikalom za menjavo faz.<\/p>\n","protected":false},"featured_media":2386,"template":"","meta":[],"product_brand":[],"product_cat":[1022,1025,1028,1012],"product_tag":[],"class_list":{"0":"post-2385","1":"product","2":"type-product","3":"status-publish","4":"has-post-thumbnail","6":"product_cat-elektricni-rocni-stroji-orodja","7":"product_cat-formatne-zage","8":"product_cat-mizne-zage","9":"product_cat-stroji-za-les","11":"first","12":"instock","13":"shipping-taxable","14":"purchasable","15":"product-type-simple"},"_links":{"self":[{"href":"https:\/\/www.depoles.com\/hr\/wp-json\/wp\/v2\/product\/2385","targetHints":{"allow":["GET"]}}],"collection":[{"href":"https:\/\/www.depoles.com\/hr\/wp-json\/wp\/v2\/product"}],"about":[{"href":"https:\/\/www.depoles.com\/hr\/wp-json\/wp\/v2\/types\/product"}],"wp:featuredmedia":[{"embeddable":true,"href":"https:\/\/www.depoles.com\/hr\/wp-json\/wp\/v2\/media\/2386"}],"wp:attachment":[{"href":"https:\/\/www.depoles.com\/hr\/wp-json\/wp\/v2\/media?parent=2385"}],"wp:term":[{"taxonomy":"product_brand","embeddable":true,"href":"https:\/\/www.depoles.com\/hr\/wp-json\/wp\/v2\/product_brand?post=2385"},{"taxonomy":"product_cat","embeddable":true,"href":"https:\/\/www.depoles.com\/hr\/wp-json\/wp\/v2\/product_cat?post=2385"},{"taxonomy":"product_tag","embeddable":true,"href":"https:\/\/www.depoles.com\/hr\/wp-json\/wp\/v2\/product_tag?post=2385"}],"curies":[{"name":"wp","href":"https:\/\/api.w.org\/{rel}","templated":true}]}}