{"id":2396,"date":"2020-04-21T12:37:18","date_gmt":"2020-04-21T10:37:18","guid":{"rendered":"https:\/\/nova.depoles.com\/trgovina\/dekupirna-zaga-holzmann-dks21pro_230v\/"},"modified":"2026-02-19T08:53:39","modified_gmt":"2026-02-19T07:53:39","slug":"dekupirna-zaga-holzmann-dks21pro_230v","status":"publish","type":"product","link":"https:\/\/www.depoles.com\/hr\/trgovina\/dekupirna-zaga-holzmann-dks21pro_230v\/","title":{"rendered":"Dekupirna pila HOLZMANN DKS21PRO_230V"},"content":{"rendered":"<p><strong>Tehni\u010dni podatki<\/strong><\/p>\n<ul>\n<li><strong>Motor<\/strong>\n<ul>\n<li>Mo\u010d motorja S1: 120 W<\/li>\n<li>Hitrost: 500-1700 min\u207b\u00b9<\/li>\n<li>Napetost: 230 V, 50 Hz<\/li>\n<\/ul>\n<\/li>\n<li><strong>Dimenzije<\/strong>\n<ul>\n<li>Razpon (outreach): 406 mm<\/li>\n<\/ul>\n<\/li>\n<li><strong>Rezanje<\/strong>\n<ul>\n<li>Maksimalna vi\u0161ina reza pri 45\u00b0: 27 mm<\/li>\n<li>Maksimalna vi\u0161ina reza pri 90\u00b0: 57 mm<\/li>\n<\/ul>\n<\/li>\n<li><strong>Tra\u010dne \u017eage<\/strong>\n<ul>\n<li>Maksimalna vi\u0161ina rezila: 21 mm<\/li>\n<li>Dol\u017eina \u017eaginega traku: 127 mm<\/li>\n<\/ul>\n<\/li>\n<li><strong>Te\u017ea<\/strong>\n<ul>\n<li>Bruto te\u017ea: 14 kg<\/li>\n<li>Netto te\u017ea: 12 kg<\/li>\n<\/ul>\n<\/li>\n<li><strong>Embala\u017ea<\/strong>\n<ul>\n<li>\u0160irina embala\u017ee: 285 mm<\/li>\n<li>Dol\u017eina embala\u017ee: 660 mm<\/li>\n<li>Vi\u0161ina embala\u017ee: 385 mm<\/li>\n<\/ul>\n<\/li>\n<li><strong>Splo\u0161ni podatki<\/strong>\n<ul>\n<li>EAN koda: 9120058375644<\/li>\n<\/ul>\n<\/li>\n<\/ul>\n","protected":false},"excerpt":{"rendered":"<h6>Placila tudi na obroke TAKOJ<\/h6>\n<ul>\n<li><b>PROFI izvedba<\/b><\/li>\n<li>Namenjena zelo zahtevnemu uporabniku ali za hobprimerna za obrt, \u0161ole, doma, delavnice&#8230;<\/li>\n<li>Masivna roka iz sive litine zagotavlja vrhunske rezultate pri rezu<\/li>\n<li>Regulacija in\u00a0 nastavljiva hitrosti preko potenciometra<\/li>\n<li>nastavek za odsesovanje<\/li>\n<li>lahko se uporablja za rezanje lesa, plastike, kovine, pleksi stekla&#8230;<\/li>\n<li>integriran sistem izpiha samodejno odstranjuje prah z dela, kjer se reze<\/li>\n<li>delovna miza se lahko nagne do 45<\/li>\n<li>svetilka led<\/li>\n<li>vklj. podalj\u0161kek za mizo, adapter \u017eage in 10x \u017eage<\/li>\n<\/ul>\n","protected":false},"featured_media":2397,"template":"","meta":[],"product_brand":[],"product_cat":[1022,1012],"product_tag":[301,314,441,587,632,918],"class_list":{"0":"post-2396","1":"product","2":"type-product","3":"status-publish","4":"has-post-thumbnail","6":"product_cat-elektricni-rocni-stroji-orodja","7":"product_cat-stroji-za-les","8":"product_tag-dekupirna","9":"product_tag-depoles","10":"product_tag-holzmann","11":"product_tag-nihajna","12":"product_tag-pila","13":"product_tag-zaga","15":"first","16":"instock","17":"shipping-taxable","18":"purchasable","19":"product-type-simple"},"_links":{"self":[{"href":"https:\/\/www.depoles.com\/hr\/wp-json\/wp\/v2\/product\/2396","targetHints":{"allow":["GET"]}}],"collection":[{"href":"https:\/\/www.depoles.com\/hr\/wp-json\/wp\/v2\/product"}],"about":[{"href":"https:\/\/www.depoles.com\/hr\/wp-json\/wp\/v2\/types\/product"}],"wp:featuredmedia":[{"embeddable":true,"href":"https:\/\/www.depoles.com\/hr\/wp-json\/wp\/v2\/media\/2397"}],"wp:attachment":[{"href":"https:\/\/www.depoles.com\/hr\/wp-json\/wp\/v2\/media?parent=2396"}],"wp:term":[{"taxonomy":"product_brand","embeddable":true,"href":"https:\/\/www.depoles.com\/hr\/wp-json\/wp\/v2\/product_brand?post=2396"},{"taxonomy":"product_cat","embeddable":true,"href":"https:\/\/www.depoles.com\/hr\/wp-json\/wp\/v2\/product_cat?post=2396"},{"taxonomy":"product_tag","embeddable":true,"href":"https:\/\/www.depoles.com\/hr\/wp-json\/wp\/v2\/product_tag?post=2396"}],"curies":[{"name":"wp","href":"https:\/\/api.w.org\/{rel}","templated":true}]}}