{"id":2401,"date":"2020-04-21T12:37:16","date_gmt":"2020-04-21T10:37:16","guid":{"rendered":"https:\/\/nova.depoles.com\/trgovina\/inverter-plazemski-rezalnik-dipa40\/"},"modified":"2025-12-17T23:26:18","modified_gmt":"2025-12-17T22:26:18","slug":"inverter-plazemski-rezalnik-dipa40","status":"publish","type":"product","link":"https:\/\/www.depoles.com\/hr\/trgovina\/inverter-plazemski-rezalnik-dipa40\/","title":{"rendered":"Inverter plazma reza\u010d DIPA40"},"content":{"rendered":"<p><strong>Tehni\u010dni podatki<\/strong><\/p>\n<table>\n<tbody>\n<tr>\n<td><strong>Meritve<\/strong><\/td>\n<td><\/td>\n<\/tr>\n<tr>\n<td>Razpon nastavitve<\/td>\n<td>mm<\/td>\n<\/tr>\n<tr>\n<td><strong>Zvarjanje<\/strong><\/td>\n<td><\/td>\n<\/tr>\n<tr>\n<td>Vhodna mo\u010d v KVA<\/td>\n<td>6<\/td>\n<\/tr>\n<tr>\n<td>Vhodna napetost<\/td>\n<td>1x230V 50Hz<\/td>\n<\/tr>\n<tr>\n<td>Dol\u017eina rezalne gorilnika<\/td>\n<td>4<\/td>\n<\/tr>\n<tr>\n<td>Maksimalna rezalna zmogljivost v mm<\/td>\n<td>12<\/td>\n<\/tr>\n<tr>\n<td>Obmo\u010dje varilnega toka (A)<\/td>\n<td>20-40<\/td>\n<\/tr>\n<tr>\n<td>Dol\u017eina varilnega kabla (m)<\/td>\n<td>3\/4<\/td>\n<\/tr>\n<tr>\n<td>Stezalka za ozemljitev (A)<\/td>\n<td>300<\/td>\n<\/tr>\n<tr>\n<td>Delovni cikel (%)<\/td>\n<td>60<\/td>\n<\/tr>\n<tr>\n<td>\u010cas izpihovanja plina (s)<\/td>\n<td>10<\/td>\n<\/tr>\n<tr>\n<td><strong>Te\u017ea<\/strong><\/td>\n<td><\/td>\n<\/tr>\n<tr>\n<td>Bruto te\u017ea (kg)<\/td>\n<td>18.90<\/td>\n<\/tr>\n<tr>\n<td>Netto te\u017ea (kg)<\/td>\n<td>14<\/td>\n<\/tr>\n<tr>\n<td><strong>Pakiranje<\/strong><\/td>\n<td><\/td>\n<\/tr>\n<tr>\n<td>Dol\u017eina pakiranja (mm)<\/td>\n<td>520<\/td>\n<\/tr>\n<tr>\n<td>\u0160irina pakiranja (mm)<\/td>\n<td>340<\/td>\n<\/tr>\n<tr>\n<td>Vi\u0161ina pakiranja (mm)<\/td>\n<td>390<\/td>\n<\/tr>\n<tr>\n<td><strong>Splo\u0161ni podatki<\/strong><\/td>\n<td><\/td>\n<\/tr>\n<tr>\n<td>EAN koda<\/td>\n<td>9120039904757<\/td>\n<\/tr>\n<\/tbody>\n<\/table>\n","protected":false},"excerpt":{"rendered":"<h3> Poudarki <\/h3>\n<ul>\n<li> kompaktna struktura <\/li>\n<li> lahka te\u017ea <\/li>\n<li> prenosni <\/li>\n<li> enostavno upravljanje <\/li>\n<li> lok pilota <\/li>\n<li> rezanje trenutnega LED zaslona <\/li>\n<li> Za\u0161\u010dita pred preobremenitvijo <\/li>\n<li> popu\u0161\u010danje tlaka, rezalna svetilka, zemeljski kabel, obse\u017ena \u0161katla rezervnih delov <\/li>\n<\/ul>\n","protected":false},"featured_media":2402,"template":"","meta":[],"product_brand":[],"product_cat":[1043,1053],"product_tag":[],"class_list":{"0":"post-2401","1":"product","2":"type-product","3":"status-publish","4":"has-post-thumbnail","6":"product_cat-stroji-za-kovine","7":"product_cat-varilni-aparati-in-oprema","9":"first","10":"instock","11":"shipping-taxable","12":"purchasable","13":"product-type-simple"},"_links":{"self":[{"href":"https:\/\/www.depoles.com\/hr\/wp-json\/wp\/v2\/product\/2401","targetHints":{"allow":["GET"]}}],"collection":[{"href":"https:\/\/www.depoles.com\/hr\/wp-json\/wp\/v2\/product"}],"about":[{"href":"https:\/\/www.depoles.com\/hr\/wp-json\/wp\/v2\/types\/product"}],"wp:featuredmedia":[{"embeddable":true,"href":"https:\/\/www.depoles.com\/hr\/wp-json\/wp\/v2\/media\/2402"}],"wp:attachment":[{"href":"https:\/\/www.depoles.com\/hr\/wp-json\/wp\/v2\/media?parent=2401"}],"wp:term":[{"taxonomy":"product_brand","embeddable":true,"href":"https:\/\/www.depoles.com\/hr\/wp-json\/wp\/v2\/product_brand?post=2401"},{"taxonomy":"product_cat","embeddable":true,"href":"https:\/\/www.depoles.com\/hr\/wp-json\/wp\/v2\/product_cat?post=2401"},{"taxonomy":"product_tag","embeddable":true,"href":"https:\/\/www.depoles.com\/hr\/wp-json\/wp\/v2\/product_tag?post=2401"}],"curies":[{"name":"wp","href":"https:\/\/api.w.org\/{rel}","templated":true}]}}