{"id":2407,"date":"2020-04-21T12:37:08","date_gmt":"2020-04-21T10:37:08","guid":{"rendered":"https:\/\/nova.depoles.com\/trgovina\/varilni-aparat-inverter-holzmann-inverter-dc-mma-eisa200\/"},"modified":"2025-12-17T15:03:07","modified_gmt":"2025-12-17T14:03:07","slug":"varilni-aparat-inverter-holzmann-inverter-dc-mma-eisa200","status":"publish","type":"product","link":"https:\/\/www.depoles.com\/hr\/trgovina\/varilni-aparat-inverter-holzmann-inverter-dc-mma-eisa200\/","title":{"rendered":"Varilni aparat Inverter HOLZMANN DC MMA EISA200"},"content":{"rendered":"<p><strong>Tehni\u010dne specifikacije<\/strong><\/p>\n<ul>\n<li><strong>Dimenzije (mm):<\/strong> 315 x 305 x 185<\/li>\n<li><strong>Dol\u017eina varilnega kabla (m):<\/strong> 3<\/li>\n<li><strong>Nosilec elektrode (A):<\/strong> 300<\/li>\n<li><strong>Obmo\u010dje varilnega toka (A):<\/strong> 10-200<\/li>\n<li><strong>Vhodna mo\u010d (kVA):<\/strong> 6<\/li>\n<li><strong>Vhodna napetost:<\/strong> 1x230V 50Hz<\/li>\n<li><strong>Masna sponka (A):<\/strong> 200<\/li>\n<li><strong>Delovni cikel (%):<\/strong> 60<\/li>\n<li><strong>Napetost brez obremenitve (V):<\/strong> 60-80<\/li>\n<li><strong>Bruto te\u017ea (kg):<\/strong> 16<\/li>\n<li><strong>Netto te\u017ea (kg):<\/strong> 12<\/li>\n<li><strong>Dimenzije embala\u017ee (mm):<\/strong>\n<ul>\n<li>Dol\u017eina: 420<\/li>\n<li>\u0160irina: 400<\/li>\n<li>Vi\u0161ina: 500<\/li>\n<\/ul>\n<\/li>\n<li><strong>EAN koda:<\/strong> 9120039904733<\/li>\n<\/ul>\n","protected":false},"excerpt":{"rendered":"<p>Ta varilni aparat zdru\u017euje kompaktno in lahko zasnovo z napredno invertersko tehnologijo, kar omogo\u010da enostavno upravljanje in prenosljivost. Primeren je za enofazno napajanje ter zagotavlja odli\u010dne, stabilne in gladke zmogljivosti loka. Poleg tega je opremljen z za\u0161\u010dito pred preobremenitvijo.<\/p>\n<ul>\n<li>Kompaktna struktura<\/li>\n<li>Lahka te\u017ea<\/li>\n<li>Enostavno prenosljiv<\/li>\n<li>Inverterska tehnologija<\/li>\n<li>Enostavno upravljanje<\/li>\n<li>Enofazno napajanje<\/li>\n<li>Odli\u010dne, stabilne in gladke zmogljivosti loka<\/li>\n<li>Za\u0161\u010dita pred preobremenitvijo<\/li>\n<li>Vklju\u010dena oprema za varilno mesto, zaslon in kladivo<\/li>\n<\/ul>\n","protected":false},"featured_media":2408,"template":"","meta":[],"product_brand":[],"product_cat":[1043,1053],"product_tag":[],"class_list":{"0":"post-2407","1":"product","2":"type-product","3":"status-publish","4":"has-post-thumbnail","6":"product_cat-stroji-za-kovine","7":"product_cat-varilni-aparati-in-oprema","9":"first","10":"instock","11":"shipping-taxable","12":"purchasable","13":"product-type-simple"},"_links":{"self":[{"href":"https:\/\/www.depoles.com\/hr\/wp-json\/wp\/v2\/product\/2407","targetHints":{"allow":["GET"]}}],"collection":[{"href":"https:\/\/www.depoles.com\/hr\/wp-json\/wp\/v2\/product"}],"about":[{"href":"https:\/\/www.depoles.com\/hr\/wp-json\/wp\/v2\/types\/product"}],"wp:featuredmedia":[{"embeddable":true,"href":"https:\/\/www.depoles.com\/hr\/wp-json\/wp\/v2\/media\/2408"}],"wp:attachment":[{"href":"https:\/\/www.depoles.com\/hr\/wp-json\/wp\/v2\/media?parent=2407"}],"wp:term":[{"taxonomy":"product_brand","embeddable":true,"href":"https:\/\/www.depoles.com\/hr\/wp-json\/wp\/v2\/product_brand?post=2407"},{"taxonomy":"product_cat","embeddable":true,"href":"https:\/\/www.depoles.com\/hr\/wp-json\/wp\/v2\/product_cat?post=2407"},{"taxonomy":"product_tag","embeddable":true,"href":"https:\/\/www.depoles.com\/hr\/wp-json\/wp\/v2\/product_tag?post=2407"}],"curies":[{"name":"wp","href":"https:\/\/api.w.org\/{rel}","templated":true}]}}