{"id":2409,"date":"2020-04-21T12:37:06","date_gmt":"2020-04-21T10:37:06","guid":{"rendered":"https:\/\/nova.depoles.com\/trgovina\/varilni-aparat-inverter-holzmann-inverter-dc-mma-eisa162\/"},"modified":"2025-12-17T15:03:17","modified_gmt":"2025-12-17T14:03:17","slug":"varilni-aparat-inverter-holzmann-inverter-dc-mma-eisa162","status":"publish","type":"product","link":"https:\/\/www.depoles.com\/hr\/trgovina\/varilni-aparat-inverter-holzmann-inverter-dc-mma-eisa162\/","title":{"rendered":"Varilni aparat Inverter HOLZMANN Inverter DC MMA EISA162"},"content":{"rendered":"<p><strong>Tehni\u010dna specifikacija<\/strong><\/p>\n<ul>\n<li><strong>Dimenzije (\u0160 x V x G):<\/strong> 295 x 220 x 130 mm<\/li>\n<li><strong>Varilni tok:<\/strong> 10-150 A<\/li>\n<li><strong>Vhodna mo\u010d:<\/strong> 4,8 KVA<\/li>\n<li><strong>Vhodna napetost:<\/strong> 1x230V 50Hz<\/li>\n<li><strong>Nosilec elektrode:<\/strong> 200 A<\/li>\n<li><strong>Dol\u017eina varilnega kabla:<\/strong> 2,5 m<\/li>\n<li><strong>Priklju\u010dek za maso:<\/strong> 200 A<\/li>\n<li><strong>Delovni cikel:<\/strong> 35 %<\/li>\n<li><strong>Napetost brez obremenitve:<\/strong> 70-80 V<\/li>\n<li><strong>Bruto te\u017ea:<\/strong> 10 kg<\/li>\n<li><strong>Net te\u017ea:<\/strong> 8 kg<\/li>\n<li><strong>Dimenzije embala\u017ee (D x \u0160 x V):<\/strong> 510 x 210 x 470 mm<\/li>\n<li><strong>EAN koda:<\/strong> 9120039904740<\/li>\n<\/ul>\n","protected":false},"excerpt":{"rendered":"<p>Ta inverterski varilni aparat je zasnovan za enostavno upravljanje in prenosljivost, zdru\u017euje kompaktno strukturo in lahko te\u017eo ter deluje na enofazno napajanje. Ponuja odli\u010dne, stabilne in gladke zmogljivosti loka ter za\u0161\u010dito pred preobremenitvijo. V kompletu prejmete tudi vso potrebno opremo za varilno mesto, vklju\u010dno z zaslonom, kladivom, \u010dopi\u010dem in torbo.<\/p>\n","protected":false},"featured_media":2410,"template":"","meta":[],"product_brand":[],"product_cat":[1043,1053],"product_tag":[],"class_list":{"0":"post-2409","1":"product","2":"type-product","3":"status-publish","4":"has-post-thumbnail","6":"product_cat-stroji-za-kovine","7":"product_cat-varilni-aparati-in-oprema","9":"first","10":"instock","11":"shipping-taxable","12":"purchasable","13":"product-type-simple"},"_links":{"self":[{"href":"https:\/\/www.depoles.com\/hr\/wp-json\/wp\/v2\/product\/2409","targetHints":{"allow":["GET"]}}],"collection":[{"href":"https:\/\/www.depoles.com\/hr\/wp-json\/wp\/v2\/product"}],"about":[{"href":"https:\/\/www.depoles.com\/hr\/wp-json\/wp\/v2\/types\/product"}],"wp:featuredmedia":[{"embeddable":true,"href":"https:\/\/www.depoles.com\/hr\/wp-json\/wp\/v2\/media\/2410"}],"wp:attachment":[{"href":"https:\/\/www.depoles.com\/hr\/wp-json\/wp\/v2\/media?parent=2409"}],"wp:term":[{"taxonomy":"product_brand","embeddable":true,"href":"https:\/\/www.depoles.com\/hr\/wp-json\/wp\/v2\/product_brand?post=2409"},{"taxonomy":"product_cat","embeddable":true,"href":"https:\/\/www.depoles.com\/hr\/wp-json\/wp\/v2\/product_cat?post=2409"},{"taxonomy":"product_tag","embeddable":true,"href":"https:\/\/www.depoles.com\/hr\/wp-json\/wp\/v2\/product_tag?post=2409"}],"curies":[{"name":"wp","href":"https:\/\/api.w.org\/{rel}","templated":true}]}}