{"id":2411,"date":"2020-04-21T12:37:04","date_gmt":"2020-04-21T10:37:04","guid":{"rendered":"https:\/\/nova.depoles.com\/trgovina\/inverter-wig-tig-tisa200\/"},"modified":"2026-02-12T13:54:30","modified_gmt":"2026-02-12T12:54:30","slug":"inverter-wig-tig-tisa200","status":"publish","type":"product","link":"https:\/\/www.depoles.com\/hr\/trgovina\/inverter-wig-tig-tisa200\/","title":{"rendered":"Varilni aparat Inverter HOLZMANN WIG \/ TIG TISA200"},"content":{"rendered":"<p><strong>Tehni\u010dni podatki<\/strong><\/p>\n<ul>\n<li><strong>Mere (mm):<\/strong> 325 x 275 x 165<\/li>\n<li><strong>Dol\u017eina plinske cevi (m):<\/strong> 2<\/li>\n<li><strong>Nosilec elektrode (A):<\/strong> 300<\/li>\n<li><strong>Obmo\u010dje varilnega toka (A):<\/strong> 5-200<\/li>\n<li><strong>Vhodna napetost:<\/strong> 1x230V 50Hz<\/li>\n<li><strong>Down slope (s):<\/strong> 0-5<\/li>\n<li><strong>Dol\u017eina varilnega kabla (m):<\/strong> 3<\/li>\n<li><strong>Priklju\u010dek za ozemljitev (A):<\/strong> 300<\/li>\n<li><strong>Dol\u017enostni cikel (%):<\/strong> 60-100<\/li>\n<li><strong>Napetost brez obremenitve (V):<\/strong> 70<\/li>\n<li><strong>\u010cas iztekanja plina (s):<\/strong> 0-10<\/li>\n<li><strong>Bruto te\u017ea (kg):<\/strong> 17,50<\/li>\n<li><strong>Netto te\u017ea (kg):<\/strong> 12<\/li>\n<li><strong>Dimenzije embala\u017ee (mm):<\/strong> Dol\u017eina: 410, \u0160irina: 370, Vi\u0161ina: 380<\/li>\n<li><strong>EAN koda:<\/strong> 9120039904719<\/li>\n<\/ul>\n","protected":false},"excerpt":{"rendered":"<h3>Poudarki izdelka<\/h3>\n<p>Varilni aparat z invertersko tehnologijo, ki zdru\u017euje kompaktno strukturo in enostavno upravljanje. Primeren je za prenosno uporabo ter omogo\u010da zanesljiv in stabilen varilni tok z dinami\u010dnim odzivom. Deluje tiho in ima za\u0161\u010dito pred pregrevanjem ter varovanje toka.<\/p>\n<ul>\n<li>Kompaktna zasnova<\/li>\n<li>Inverterska tehnologija<\/li>\n<li>Prenosna uporaba<\/li>\n<li>Za\u010detek z visokofrekven\u010dnim lokom<\/li>\n<li>Preprosto upravljanje<\/li>\n<li>Stabilen varilni tok<\/li>\n<li>Hiter in dinami\u010den odziv<\/li>\n<li>Nizek hrup med delovanjem<\/li>\n<li>Za\u0161\u010dita pred pregrevanjem in za\u0161\u010dita toka<\/li>\n<li>Stabilna in gladka zmogljivost varjenja<\/li>\n<\/ul>\n<p><strong>Vklju\u010deno v dobavo:<\/strong> razbremenitev tlaka, oprema za varilno mesto, obse\u017ena \u0161katla z rezervnimi deli.<\/p>\n","protected":false},"featured_media":2412,"template":"","meta":[],"product_brand":[],"product_cat":[1043,1053],"product_tag":[],"class_list":{"0":"post-2411","1":"product","2":"type-product","3":"status-publish","4":"has-post-thumbnail","6":"product_cat-stroji-za-kovine","7":"product_cat-varilni-aparati-in-oprema","9":"first","10":"instock","11":"shipping-taxable","12":"purchasable","13":"product-type-simple"},"_links":{"self":[{"href":"https:\/\/www.depoles.com\/hr\/wp-json\/wp\/v2\/product\/2411","targetHints":{"allow":["GET"]}}],"collection":[{"href":"https:\/\/www.depoles.com\/hr\/wp-json\/wp\/v2\/product"}],"about":[{"href":"https:\/\/www.depoles.com\/hr\/wp-json\/wp\/v2\/types\/product"}],"wp:featuredmedia":[{"embeddable":true,"href":"https:\/\/www.depoles.com\/hr\/wp-json\/wp\/v2\/media\/2412"}],"wp:attachment":[{"href":"https:\/\/www.depoles.com\/hr\/wp-json\/wp\/v2\/media?parent=2411"}],"wp:term":[{"taxonomy":"product_brand","embeddable":true,"href":"https:\/\/www.depoles.com\/hr\/wp-json\/wp\/v2\/product_brand?post=2411"},{"taxonomy":"product_cat","embeddable":true,"href":"https:\/\/www.depoles.com\/hr\/wp-json\/wp\/v2\/product_cat?post=2411"},{"taxonomy":"product_tag","embeddable":true,"href":"https:\/\/www.depoles.com\/hr\/wp-json\/wp\/v2\/product_tag?post=2411"}],"curies":[{"name":"wp","href":"https:\/\/api.w.org\/{rel}","templated":true}]}}