{"id":2421,"date":"2020-04-21T12:36:54","date_gmt":"2020-04-21T10:36:54","guid":{"rendered":"https:\/\/nova.depoles.com\/trgovina\/komplet-rezervnih-delov-10000622\/"},"modified":"2025-12-17T23:26:25","modified_gmt":"2025-12-17T22:26:25","slug":"komplet-rezervnih-delov-10000622","status":"publish","type":"product","link":"https:\/\/www.depoles.com\/hr\/trgovina\/komplet-rezervnih-delov-10000622\/","title":{"rendered":"Komplet rezervnih dijelova 10000622"},"content":{"rendered":"<p><strong>Specifikacije izdelka:<\/strong><\/p>\n<ul>\n<li><strong>Te\u017ea:<\/strong>\n<ul>\n<li>Bruto te\u017ea: 6 kg<\/li>\n<li>Netto te\u017ea: 5,50 kg<\/li>\n<\/ul>\n<\/li>\n<li><strong>Embal\u017ea:<\/strong>\n<ul>\n<li>\u0160irina embala\u017ee: 0 mm<\/li>\n<li>Dol\u017eina embala\u017ee: 0 mm<\/li>\n<li>Vi\u0161ina embala\u017ee: 0 mm<\/li>\n<\/ul>\n<\/li>\n<li><strong>Splo\u0161ni podatki:<\/strong>\n<ul>\n<li>EAN koda: 9120058370212<\/li>\n<\/ul>\n<\/li>\n<\/ul>\n","protected":false},"excerpt":{"rendered":"<p>Specifikacije izdelka: Te\u017ea: Bruto te\u017ea: 6 kg Netto te\u017ea: 5,50 kg Embal\u017ea: \u0160irina embala\u017ee: 0 mm Dol\u017eina embala\u017ee: 0 mm Vi\u0161ina embala\u017ee: 0 mm Splo\u0161ni podatki: EAN koda: 9120058370212<\/p>\n","protected":false},"featured_media":2422,"template":"","meta":[],"product_brand":[],"product_cat":[1043,1053],"product_tag":[],"class_list":{"0":"post-2421","1":"product","2":"type-product","3":"status-publish","4":"has-post-thumbnail","6":"product_cat-stroji-za-kovine","7":"product_cat-varilni-aparati-in-oprema","9":"first","10":"instock","11":"shipping-taxable","12":"purchasable","13":"product-type-simple"},"_links":{"self":[{"href":"https:\/\/www.depoles.com\/hr\/wp-json\/wp\/v2\/product\/2421","targetHints":{"allow":["GET"]}}],"collection":[{"href":"https:\/\/www.depoles.com\/hr\/wp-json\/wp\/v2\/product"}],"about":[{"href":"https:\/\/www.depoles.com\/hr\/wp-json\/wp\/v2\/types\/product"}],"wp:featuredmedia":[{"embeddable":true,"href":"https:\/\/www.depoles.com\/hr\/wp-json\/wp\/v2\/media\/2422"}],"wp:attachment":[{"href":"https:\/\/www.depoles.com\/hr\/wp-json\/wp\/v2\/media?parent=2421"}],"wp:term":[{"taxonomy":"product_brand","embeddable":true,"href":"https:\/\/www.depoles.com\/hr\/wp-json\/wp\/v2\/product_brand?post=2421"},{"taxonomy":"product_cat","embeddable":true,"href":"https:\/\/www.depoles.com\/hr\/wp-json\/wp\/v2\/product_cat?post=2421"},{"taxonomy":"product_tag","embeddable":true,"href":"https:\/\/www.depoles.com\/hr\/wp-json\/wp\/v2\/product_tag?post=2421"}],"curies":[{"name":"wp","href":"https:\/\/api.w.org\/{rel}","templated":true}]}}