{"id":2427,"date":"2020-04-21T12:36:49","date_gmt":"2020-04-21T10:36:49","guid":{"rendered":"https:\/\/nova.depoles.com\/trgovina\/varilna-celada-adf730s\/"},"modified":"2025-12-17T23:26:32","modified_gmt":"2025-12-17T22:26:32","slug":"varilna-celada-adf730s","status":"publish","type":"product","link":"https:\/\/www.depoles.com\/hr\/trgovina\/varilna-celada-adf730s\/","title":{"rendered":"Zavariva\u010dka kaciga ADF730S"},"content":{"rendered":"<p><strong>Specifikacije izdelka<\/strong><\/p>\n<table>\n<tbody>\n<tr>\n<td><strong>Vgradnja<\/strong><\/td>\n<td>welding<\/td>\n<\/tr>\n<tr>\n<td><strong>Velikost filtra (mm)<\/strong><\/td>\n<td>110 x 90 x 9<\/td>\n<\/tr>\n<tr>\n<td><strong>Vidno polje (mm)<\/strong><\/td>\n<td>95 x 62<\/td>\n<\/tr>\n<tr>\n<td><strong>\u010cas preklopa iz svetlega v temno (s)<\/strong><\/td>\n<td>1\/25000<\/td>\n<\/tr>\n<tr>\n<td><strong>\u010cas preklopa iz temnega v svetlo (s)<\/strong><\/td>\n<td>0,1 &#8211; 1,0<\/td>\n<\/tr>\n<tr>\n<td><strong>Bruto te\u017ea (kg)<\/strong><\/td>\n<td>1<\/td>\n<\/tr>\n<tr>\n<td><strong>Netto te\u017ea (kg)<\/strong><\/td>\n<td>0,50<\/td>\n<\/tr>\n<tr>\n<td><strong>Dimenzije embala\u017ee (mm)<\/strong><\/td>\n<td>Dol\u017eina: 680, \u0160irina: 480, Vi\u0161ina: 460<\/td>\n<\/tr>\n<tr>\n<td><strong>EAN koda<\/strong><\/td>\n<td>9120039909479<\/td>\n<\/tr>\n<\/tbody>\n<\/table>\n","protected":false},"excerpt":{"rendered":"<h3> Poudarki <\/h3>\n<ul>\n<li> 2 prosti roki &#8211; optimalno delovanje <\/li>\n<li> svetlobno stanje DIN 3,5 <\/li>\n<li> temno stanje DIN 9 do 13 <\/li>\n<li> Vklop \/ izklop napajanja &#8211; popolnoma samodejno <\/li>\n<li> nadzor ob\u010dutljivosti z gumbom za neprekinjeno izbiranje <\/li>\n<li> s son\u010dnimi celicami in 2 AAA alkalnimi baterijami # <\/li>\n<li> primeren za palico, &#8211; TIG, &#8211; MIG \/ MAG CO2 &#8211; in plazemsko varjenje ali rezanje in \u0161e veliko ve\u010d <\/li>\n<\/ul>\n","protected":false},"featured_media":2428,"template":"","meta":[],"product_brand":[],"product_cat":[1043,1053],"product_tag":[],"class_list":{"0":"post-2427","1":"product","2":"type-product","3":"status-publish","4":"has-post-thumbnail","6":"product_cat-stroji-za-kovine","7":"product_cat-varilni-aparati-in-oprema","9":"first","10":"instock","11":"shipping-taxable","12":"purchasable","13":"product-type-simple"},"_links":{"self":[{"href":"https:\/\/www.depoles.com\/hr\/wp-json\/wp\/v2\/product\/2427","targetHints":{"allow":["GET"]}}],"collection":[{"href":"https:\/\/www.depoles.com\/hr\/wp-json\/wp\/v2\/product"}],"about":[{"href":"https:\/\/www.depoles.com\/hr\/wp-json\/wp\/v2\/types\/product"}],"wp:featuredmedia":[{"embeddable":true,"href":"https:\/\/www.depoles.com\/hr\/wp-json\/wp\/v2\/media\/2428"}],"wp:attachment":[{"href":"https:\/\/www.depoles.com\/hr\/wp-json\/wp\/v2\/media?parent=2427"}],"wp:term":[{"taxonomy":"product_brand","embeddable":true,"href":"https:\/\/www.depoles.com\/hr\/wp-json\/wp\/v2\/product_brand?post=2427"},{"taxonomy":"product_cat","embeddable":true,"href":"https:\/\/www.depoles.com\/hr\/wp-json\/wp\/v2\/product_cat?post=2427"},{"taxonomy":"product_tag","embeddable":true,"href":"https:\/\/www.depoles.com\/hr\/wp-json\/wp\/v2\/product_tag?post=2427"}],"curies":[{"name":"wp","href":"https:\/\/api.w.org\/{rel}","templated":true}]}}