{"id":2435,"date":"2020-04-08T10:17:20","date_gmt":"2020-04-08T08:17:20","guid":{"rendered":"https:\/\/nova.depoles.com\/trgovina\/konica-center-mk2-rolmk2\/"},"modified":"2025-12-17T15:05:21","modified_gmt":"2025-12-17T14:05:21","slug":"konica-center-mk2-rolmk2","status":"publish","type":"product","link":"https:\/\/www.depoles.com\/hr\/trgovina\/konica-center-mk2-rolmk2\/","title":{"rendered":"Konica MK2 ROLMK2"},"content":{"rendered":"<p><strong>Tehni\u010dni podatki:<\/strong><\/p>\n<ul>\n<li><strong>Bruto te\u017ea:<\/strong> 0,25 kg<\/li>\n<li><strong>Netto te\u017ea:<\/strong> 0,20 kg<\/li>\n<li><strong>Dimenzije embala\u017ee:<\/strong><\/li>\n<ul>\n<li>Dol\u017eina: 0 mm<\/li>\n<li>\u0160irina: 0 mm<\/li>\n<li>Vi\u0161ina: 0 mm<\/li>\n<\/ul>\n<\/ul>\n","protected":false},"excerpt":{"rendered":"<p>Tehni\u010dni podatki: Bruto te\u017ea: 0,25 kg Netto te\u017ea: 0,20 kg Dimenzije embala\u017ee: Dol\u017eina: 0 mm \u0160irina: 0 mm Vi\u0161ina: 0 mm<\/p>\n","protected":false},"featured_media":0,"template":"","meta":[],"product_brand":[],"product_cat":[1021,1012],"product_tag":[],"class_list":{"0":"post-2435","1":"product","2":"type-product","3":"status-publish","5":"product_cat-orodja-za-struznice","6":"product_cat-stroji-za-les","8":"first","9":"instock","10":"shipping-taxable","11":"purchasable","12":"product-type-simple"},"_links":{"self":[{"href":"https:\/\/www.depoles.com\/hr\/wp-json\/wp\/v2\/product\/2435","targetHints":{"allow":["GET"]}}],"collection":[{"href":"https:\/\/www.depoles.com\/hr\/wp-json\/wp\/v2\/product"}],"about":[{"href":"https:\/\/www.depoles.com\/hr\/wp-json\/wp\/v2\/types\/product"}],"wp:attachment":[{"href":"https:\/\/www.depoles.com\/hr\/wp-json\/wp\/v2\/media?parent=2435"}],"wp:term":[{"taxonomy":"product_brand","embeddable":true,"href":"https:\/\/www.depoles.com\/hr\/wp-json\/wp\/v2\/product_brand?post=2435"},{"taxonomy":"product_cat","embeddable":true,"href":"https:\/\/www.depoles.com\/hr\/wp-json\/wp\/v2\/product_cat?post=2435"},{"taxonomy":"product_tag","embeddable":true,"href":"https:\/\/www.depoles.com\/hr\/wp-json\/wp\/v2\/product_tag?post=2435"}],"curies":[{"name":"wp","href":"https:\/\/api.w.org\/{rel}","templated":true}]}}