{"id":2437,"date":"2020-04-08T10:17:18","date_gmt":"2020-04-08T08:17:18","guid":{"rendered":"https:\/\/nova.depoles.com\/trgovina\/kopirna-naprava-121x15x15-15kg-vd1100nkop\/"},"modified":"2025-12-17T15:05:30","modified_gmt":"2025-12-17T14:05:30","slug":"kopirna-naprava-121x15x15-15kg-vd1100nkop","status":"publish","type":"product","link":"https:\/\/www.depoles.com\/hr\/trgovina\/kopirna-naprava-121x15x15-15kg-vd1100nkop\/","title":{"rendered":"Kopirni ure\u0111aj za tokarilicu 121x15x15 \/ 15kg VD1100NKOP"},"content":{"rendered":"<p><strong>Tehni\u010dni podatki:<\/strong><\/p>\n<table>\n<tbody>\n<tr>\n<td><strong>Te\u017ea<\/strong><\/td>\n<td><\/td>\n<\/tr>\n<tr>\n<td>Bruto te\u017ea (kg)<\/td>\n<td>15<\/td>\n<\/tr>\n<tr>\n<td>Netto te\u017ea (kg)<\/td>\n<td>13<\/td>\n<\/tr>\n<tr>\n<td><strong>Embala\u017ea<\/strong><\/td>\n<td><\/td>\n<\/tr>\n<tr>\n<td>Dol\u017eina embala\u017ee (mm)<\/td>\n<td>1.220<\/td>\n<\/tr>\n<tr>\n<td>\u0160irina embala\u017ee (mm)<\/td>\n<td>260<\/td>\n<\/tr>\n<tr>\n<td>Vi\u0161ina embala\u017ee (mm)<\/td>\n<td>180<\/td>\n<\/tr>\n<\/tbody>\n<\/table>\n","protected":false},"excerpt":{"rendered":"<p>Tehni\u010dni podatki: Te\u017ea Bruto te\u017ea (kg) 15 Netto te\u017ea (kg) 13 Embala\u017ea Dol\u017eina embala\u017ee (mm) 1.220 \u0160irina embala\u017ee (mm) 260 Vi\u0161ina embala\u017ee (mm) 180<\/p>\n","protected":false},"featured_media":0,"template":"","meta":[],"product_brand":[],"product_cat":[1021,1012],"product_tag":[],"class_list":{"0":"post-2437","1":"product","2":"type-product","3":"status-publish","5":"product_cat-orodja-za-struznice","6":"product_cat-stroji-za-les","8":"first","9":"instock","10":"shipping-taxable","11":"purchasable","12":"product-type-simple"},"_links":{"self":[{"href":"https:\/\/www.depoles.com\/hr\/wp-json\/wp\/v2\/product\/2437","targetHints":{"allow":["GET"]}}],"collection":[{"href":"https:\/\/www.depoles.com\/hr\/wp-json\/wp\/v2\/product"}],"about":[{"href":"https:\/\/www.depoles.com\/hr\/wp-json\/wp\/v2\/types\/product"}],"wp:attachment":[{"href":"https:\/\/www.depoles.com\/hr\/wp-json\/wp\/v2\/media?parent=2437"}],"wp:term":[{"taxonomy":"product_brand","embeddable":true,"href":"https:\/\/www.depoles.com\/hr\/wp-json\/wp\/v2\/product_brand?post=2437"},{"taxonomy":"product_cat","embeddable":true,"href":"https:\/\/www.depoles.com\/hr\/wp-json\/wp\/v2\/product_cat?post=2437"},{"taxonomy":"product_tag","embeddable":true,"href":"https:\/\/www.depoles.com\/hr\/wp-json\/wp\/v2\/product_tag?post=2437"}],"curies":[{"name":"wp","href":"https:\/\/api.w.org\/{rel}","templated":true}]}}