{"id":2438,"date":"2020-04-08T10:17:15","date_gmt":"2020-04-08T08:17:15","guid":{"rendered":"https:\/\/nova.depoles.com\/trgovina\/kopirna-naprava-za-struznico-za-les-holzmann-vd-1100n-kop1200\/"},"modified":"2025-12-17T15:05:33","modified_gmt":"2025-12-17T14:05:33","slug":"kopirna-naprava-za-struznico-za-les-holzmann-vd-1100n-kop1200","status":"publish","type":"product","link":"https:\/\/www.depoles.com\/hr\/trgovina\/kopirna-naprava-za-struznico-za-les-holzmann-vd-1100n-kop1200\/","title":{"rendered":"Kopirni ure\u0111aj za tokarski stroj za drvo HOLZMANN VD 1100N KOP1200"},"content":{"rendered":"<p><strong>Tehni\u010dne podrobnosti:<\/strong><\/p>\n<ul>\n<li><strong>Te\u017ea:<\/strong>\n<ul>\n<li>Bruto te\u017ea: 30 kg<\/li>\n<li>Netto te\u017ea: 28 kg<\/li>\n<\/ul>\n<\/li>\n<li><strong>Embala\u017ea:<\/strong>\n<ul>\n<li>Dol\u017eina embala\u017ee: 1410 mm<\/li>\n<li>\u0160irina embala\u017ee: 430 mm<\/li>\n<li>Vi\u0161ina embala\u017ee: 230 mm<\/li>\n<\/ul>\n<\/li>\n<li><strong>Splo\u0161ni podatki:<\/strong>\n<ul>\n<li>EAN koda: 9120039909097<\/li>\n<\/ul>\n<\/li>\n<\/ul>\n","protected":false},"excerpt":{"rendered":"<p>Tehni\u010dne podrobnosti: Te\u017ea: Bruto te\u017ea: 30 kg Netto te\u017ea: 28 kg Embala\u017ea: Dol\u017eina embala\u017ee: 1410 mm \u0160irina embala\u017ee: 430 mm Vi\u0161ina embala\u017ee: 230 mm Splo\u0161ni podatki: EAN koda: 9120039909097<\/p>\n","protected":false},"featured_media":2439,"template":"","meta":[],"product_brand":[],"product_cat":[1022,1021,1012,1037],"product_tag":[],"class_list":{"0":"post-2438","1":"product","2":"type-product","3":"status-publish","4":"has-post-thumbnail","6":"product_cat-elektricni-rocni-stroji-orodja","7":"product_cat-orodja-za-struznice","8":"product_cat-stroji-za-les","9":"product_cat-struznice-za-les","11":"first","12":"instock","13":"shipping-taxable","14":"purchasable","15":"product-type-simple"},"_links":{"self":[{"href":"https:\/\/www.depoles.com\/hr\/wp-json\/wp\/v2\/product\/2438","targetHints":{"allow":["GET"]}}],"collection":[{"href":"https:\/\/www.depoles.com\/hr\/wp-json\/wp\/v2\/product"}],"about":[{"href":"https:\/\/www.depoles.com\/hr\/wp-json\/wp\/v2\/types\/product"}],"wp:featuredmedia":[{"embeddable":true,"href":"https:\/\/www.depoles.com\/hr\/wp-json\/wp\/v2\/media\/2439"}],"wp:attachment":[{"href":"https:\/\/www.depoles.com\/hr\/wp-json\/wp\/v2\/media?parent=2438"}],"wp:term":[{"taxonomy":"product_brand","embeddable":true,"href":"https:\/\/www.depoles.com\/hr\/wp-json\/wp\/v2\/product_brand?post=2438"},{"taxonomy":"product_cat","embeddable":true,"href":"https:\/\/www.depoles.com\/hr\/wp-json\/wp\/v2\/product_cat?post=2438"},{"taxonomy":"product_tag","embeddable":true,"href":"https:\/\/www.depoles.com\/hr\/wp-json\/wp\/v2\/product_tag?post=2438"}],"curies":[{"name":"wp","href":"https:\/\/api.w.org\/{rel}","templated":true}]}}