{"id":2442,"date":"2020-04-08T10:17:12","date_gmt":"2020-04-08T08:17:12","guid":{"rendered":"https:\/\/nova.depoles.com\/trgovina\/lineta-za-struznico-za-les-holzmann-dbklnt\/"},"modified":"2025-12-17T15:05:40","modified_gmt":"2025-12-17T14:05:40","slug":"lineta-za-struznico-za-les-holzmann-dbklnt","status":"publish","type":"product","link":"https:\/\/www.depoles.com\/hr\/trgovina\/lineta-za-struznico-za-les-holzmann-dbklnt\/","title":{"rendered":"Lineta za tokarski stroj za drvo HOLZMANN DBKLNT"},"content":{"rendered":"<p><strong>Tehni\u010dne specifikacije:<\/strong><\/p>\n<ul>\n<li><strong>Te\u017ea:<\/strong>\n<ul>\n<li>Bruto te\u017ea: 7,20 kg<\/li>\n<li>Netto te\u017ea: 6,40 kg<\/li>\n<\/ul>\n<\/li>\n<li><strong>Embala\u017ea:<\/strong>\n<ul>\n<li>Dol\u017eina embala\u017ee: 300 mm<\/li>\n<li>\u0160irina embala\u017ee: 300 mm<\/li>\n<li>Vi\u0161ina embala\u017ee: 100 mm<\/li>\n<\/ul>\n<\/li>\n<\/ul>\n","protected":false},"excerpt":{"rendered":"<p>Tehni\u010dne specifikacije: Te\u017ea: Bruto te\u017ea: 7,20 kg Netto te\u017ea: 6,40 kg Embala\u017ea: Dol\u017eina embala\u017ee: 300 mm \u0160irina embala\u017ee: 300 mm Vi\u0161ina embala\u017ee: 100 mm<\/p>\n","protected":false},"featured_media":2443,"template":"","meta":[],"product_brand":[],"product_cat":[1020,1021,1012,1037],"product_tag":[],"class_list":{"0":"post-2442","1":"product","2":"type-product","3":"status-publish","4":"has-post-thumbnail","6":"product_cat-orodja-oprema","7":"product_cat-orodja-za-struznice","8":"product_cat-stroji-za-les","9":"product_cat-struznice-za-les","11":"first","12":"instock","13":"shipping-taxable","14":"purchasable","15":"product-type-simple"},"_links":{"self":[{"href":"https:\/\/www.depoles.com\/hr\/wp-json\/wp\/v2\/product\/2442","targetHints":{"allow":["GET"]}}],"collection":[{"href":"https:\/\/www.depoles.com\/hr\/wp-json\/wp\/v2\/product"}],"about":[{"href":"https:\/\/www.depoles.com\/hr\/wp-json\/wp\/v2\/types\/product"}],"wp:featuredmedia":[{"embeddable":true,"href":"https:\/\/www.depoles.com\/hr\/wp-json\/wp\/v2\/media\/2443"}],"wp:attachment":[{"href":"https:\/\/www.depoles.com\/hr\/wp-json\/wp\/v2\/media?parent=2442"}],"wp:term":[{"taxonomy":"product_brand","embeddable":true,"href":"https:\/\/www.depoles.com\/hr\/wp-json\/wp\/v2\/product_brand?post=2442"},{"taxonomy":"product_cat","embeddable":true,"href":"https:\/\/www.depoles.com\/hr\/wp-json\/wp\/v2\/product_cat?post=2442"},{"taxonomy":"product_tag","embeddable":true,"href":"https:\/\/www.depoles.com\/hr\/wp-json\/wp\/v2\/product_tag?post=2442"}],"curies":[{"name":"wp","href":"https:\/\/api.w.org\/{rel}","templated":true}]}}