{"id":2446,"date":"2020-04-08T10:17:08","date_gmt":"2020-04-08T08:17:08","guid":{"rendered":"https:\/\/nova.depoles.com\/trgovina\/lineta-za-struznico-za-les-holzmann-lnt1200\/"},"modified":"2025-12-17T15:05:48","modified_gmt":"2025-12-17T14:05:48","slug":"lineta-za-struznico-za-les-holzmann-lnt1200","status":"publish","type":"product","link":"https:\/\/www.depoles.com\/hr\/trgovina\/lineta-za-struznico-za-les-holzmann-lnt1200\/","title":{"rendered":"Lineta za tokarski stroj za drvo HOLZMANN LNT1200"},"content":{"rendered":"<p><strong>Specifikacije izdelka<\/strong><\/p>\n<ul>\n<li><strong>Te\u017ea<\/strong>\n<ul>\n<li>Bruto te\u017ea: 5,20 kg<\/li>\n<li>Netto te\u017ea: 5 kg<\/li>\n<\/ul>\n<\/li>\n<li><strong>Embala\u017ea<\/strong>\n<ul>\n<li>Dol\u017eina embala\u017ee: 510 mm<\/li>\n<li>\u0160irina embala\u017ee: 220 mm<\/li>\n<li>Vi\u0161ina embala\u017ee: 65 mm<\/li>\n<\/ul>\n<\/li>\n<li><strong>Splo\u0161ni podatki<\/strong>\n<ul>\n<li>EAN koda: 9120039903286<\/li>\n<\/ul>\n<\/li>\n<\/ul>\n","protected":false},"excerpt":{"rendered":"<p>Specifikacije izdelka Te\u017ea Bruto te\u017ea: 5,20 kg Netto te\u017ea: 5 kg Embala\u017ea Dol\u017eina embala\u017ee: 510 mm \u0160irina embala\u017ee: 220 mm Vi\u0161ina embala\u017ee: 65 mm Splo\u0161ni podatki EAN koda: 9120039903286<\/p>\n","protected":false},"featured_media":2447,"template":"","meta":[],"product_brand":[],"product_cat":[1021,1012,1037],"product_tag":[],"class_list":{"0":"post-2446","1":"product","2":"type-product","3":"status-publish","4":"has-post-thumbnail","6":"product_cat-orodja-za-struznice","7":"product_cat-stroji-za-les","8":"product_cat-struznice-za-les","10":"first","11":"instock","12":"shipping-taxable","13":"purchasable","14":"product-type-simple"},"_links":{"self":[{"href":"https:\/\/www.depoles.com\/hr\/wp-json\/wp\/v2\/product\/2446","targetHints":{"allow":["GET"]}}],"collection":[{"href":"https:\/\/www.depoles.com\/hr\/wp-json\/wp\/v2\/product"}],"about":[{"href":"https:\/\/www.depoles.com\/hr\/wp-json\/wp\/v2\/types\/product"}],"wp:featuredmedia":[{"embeddable":true,"href":"https:\/\/www.depoles.com\/hr\/wp-json\/wp\/v2\/media\/2447"}],"wp:attachment":[{"href":"https:\/\/www.depoles.com\/hr\/wp-json\/wp\/v2\/media?parent=2446"}],"wp:term":[{"taxonomy":"product_brand","embeddable":true,"href":"https:\/\/www.depoles.com\/hr\/wp-json\/wp\/v2\/product_brand?post=2446"},{"taxonomy":"product_cat","embeddable":true,"href":"https:\/\/www.depoles.com\/hr\/wp-json\/wp\/v2\/product_cat?post=2446"},{"taxonomy":"product_tag","embeddable":true,"href":"https:\/\/www.depoles.com\/hr\/wp-json\/wp\/v2\/product_tag?post=2446"}],"curies":[{"name":"wp","href":"https:\/\/api.w.org\/{rel}","templated":true}]}}