{"id":2452,"date":"2020-04-08T10:17:01","date_gmt":"2020-04-08T08:17:01","guid":{"rendered":"https:\/\/nova.depoles.com\/trgovina\/podaljsek-postelje-struznice-holzmann-za-d510f-d510fbvl\/"},"modified":"2026-02-12T13:45:09","modified_gmt":"2026-02-12T12:45:09","slug":"podaljsek-postelje-struznice-holzmann-za-d510f-d510fbvl","status":"publish","type":"product","link":"https:\/\/www.depoles.com\/hr\/trgovina\/podaljsek-postelje-struznice-holzmann-za-d510f-d510fbvl\/","title":{"rendered":"Produ\u017eni nastavak kreveta tokarice HOLZMANN D510F D510FBVL"},"content":{"rendered":"<table>\n<tr>\n<th colspan=\"2\"><strong>Tehni\u010dni podatki<\/strong><\/th>\n<\/tr>\n<tr>\n<th colspan=\"2\"><strong>Te\u017ea<\/strong><\/th>\n<\/tr>\n<tr>\n<td>Bruto te\u017ea (kg)<\/td>\n<td>18,50<\/td>\n<\/tr>\n<tr>\n<td>Netto te\u017ea (kg)<\/td>\n<td>17<\/td>\n<\/tr>\n<tr>\n<th colspan=\"2\"><strong>Embala\u017ea<\/strong><\/th>\n<\/tr>\n<tr>\n<td>Dol\u017eina embala\u017ee (mm)<\/td>\n<td>625<\/td>\n<\/tr>\n<tr>\n<td>\u0160irina embala\u017ee (mm)<\/td>\n<td>265<\/td>\n<\/tr>\n<tr>\n<td>Vi\u0161ina embala\u017ee (mm)<\/td>\n<td>255<\/td>\n<\/tr>\n<tr>\n<th colspan=\"2\"><strong>Splo\u0161ni podatki<\/strong><\/th>\n<\/tr>\n<tr>\n<td>EAN koda<\/td>\n<td>9120058372384<\/td>\n<\/tr>\n<\/table>\n","protected":false},"excerpt":{"rendered":"<p>Tehni\u010dni podatki Te\u017ea Bruto te\u017ea (kg) 18,50 Netto te\u017ea (kg) 17 Embala\u017ea Dol\u017eina embala\u017ee (mm) 625 \u0160irina embala\u017ee (mm) 265 Vi\u0161ina embala\u017ee (mm) 255 Splo\u0161ni podatki EAN koda 9120058372384<\/p>\n","protected":false},"featured_media":2453,"template":"","meta":[],"product_brand":[],"product_cat":[1020,1021,1012,1037],"product_tag":[],"class_list":{"0":"post-2452","1":"product","2":"type-product","3":"status-publish","4":"has-post-thumbnail","6":"product_cat-orodja-oprema","7":"product_cat-orodja-za-struznice","8":"product_cat-stroji-za-les","9":"product_cat-struznice-za-les","11":"first","12":"instock","13":"shipping-taxable","14":"purchasable","15":"product-type-simple"},"_links":{"self":[{"href":"https:\/\/www.depoles.com\/hr\/wp-json\/wp\/v2\/product\/2452","targetHints":{"allow":["GET"]}}],"collection":[{"href":"https:\/\/www.depoles.com\/hr\/wp-json\/wp\/v2\/product"}],"about":[{"href":"https:\/\/www.depoles.com\/hr\/wp-json\/wp\/v2\/types\/product"}],"wp:featuredmedia":[{"embeddable":true,"href":"https:\/\/www.depoles.com\/hr\/wp-json\/wp\/v2\/media\/2453"}],"wp:attachment":[{"href":"https:\/\/www.depoles.com\/hr\/wp-json\/wp\/v2\/media?parent=2452"}],"wp:term":[{"taxonomy":"product_brand","embeddable":true,"href":"https:\/\/www.depoles.com\/hr\/wp-json\/wp\/v2\/product_brand?post=2452"},{"taxonomy":"product_cat","embeddable":true,"href":"https:\/\/www.depoles.com\/hr\/wp-json\/wp\/v2\/product_cat?post=2452"},{"taxonomy":"product_tag","embeddable":true,"href":"https:\/\/www.depoles.com\/hr\/wp-json\/wp\/v2\/product_tag?post=2452"}],"curies":[{"name":"wp","href":"https:\/\/api.w.org\/{rel}","templated":true}]}}