{"id":2461,"date":"2020-04-08T10:16:50","date_gmt":"2020-04-08T08:16:50","guid":{"rendered":"https:\/\/nova.depoles.com\/trgovina\/planska-plosca-za-struznice-holzmann-vijaka-90-mm-m33-pse90\/"},"modified":"2026-02-12T13:55:08","modified_gmt":"2026-02-12T12:55:08","slug":"planska-plosca-za-struznice-holzmann-vijaka-90-mm-m33-pse90","status":"publish","type":"product","link":"https:\/\/www.depoles.com\/hr\/trgovina\/planska-plosca-za-struznice-holzmann-vijaka-90-mm-m33-pse90\/","title":{"rendered":"Planirana plo\u010da za tokarilice HOLZMANN 90 mm, M33 PSE90"},"content":{"rendered":"<p><strong>Specifikacije izdelka<\/strong><\/p>\n<table>\n<tbody>\n<tr>\n<th colspan=\"2\">Te\u017ea<\/th>\n<\/tr>\n<tr>\n<td>Bruto te\u017ea (kg)<\/td>\n<td>0,90<\/td>\n<\/tr>\n<tr>\n<td>Netto te\u017ea (kg)<\/td>\n<td>0,80<\/td>\n<\/tr>\n<tr>\n<th colspan=\"2\">Embala\u017ea<\/th>\n<\/tr>\n<tr>\n<td>Dol\u017eina embala\u017ee (mm)<\/td>\n<td>120<\/td>\n<\/tr>\n<tr>\n<td>\u0160irina embala\u017ee (mm)<\/td>\n<td>120<\/td>\n<\/tr>\n<tr>\n<td>Vi\u0161ina embala\u017ee (mm)<\/td>\n<td>50<\/td>\n<\/tr>\n<tr>\n<th colspan=\"2\">Splo\u0161ni podatki<\/th>\n<\/tr>\n<tr>\n<td>EAN koda<\/td>\n<td>9120039903033<\/td>\n<\/tr>\n<\/tbody>\n<\/table>\n","protected":false},"excerpt":{"rendered":"<p>Specifikacije izdelka Te\u017ea Bruto te\u017ea (kg) 0,90 Netto te\u017ea (kg) 0,80 Embala\u017ea Dol\u017eina embala\u017ee (mm) 120 \u0160irina embala\u017ee (mm) 120 Vi\u0161ina embala\u017ee (mm) 50 Splo\u0161ni podatki EAN koda 9120039903033<\/p>\n","protected":false},"featured_media":2462,"template":"","meta":[],"product_brand":[],"product_cat":[1020,1021,1012,1037],"product_tag":[],"class_list":{"0":"post-2461","1":"product","2":"type-product","3":"status-publish","4":"has-post-thumbnail","6":"product_cat-orodja-oprema","7":"product_cat-orodja-za-struznice","8":"product_cat-stroji-za-les","9":"product_cat-struznice-za-les","11":"first","12":"instock","13":"shipping-taxable","14":"purchasable","15":"product-type-simple"},"_links":{"self":[{"href":"https:\/\/www.depoles.com\/hr\/wp-json\/wp\/v2\/product\/2461","targetHints":{"allow":["GET"]}}],"collection":[{"href":"https:\/\/www.depoles.com\/hr\/wp-json\/wp\/v2\/product"}],"about":[{"href":"https:\/\/www.depoles.com\/hr\/wp-json\/wp\/v2\/types\/product"}],"wp:featuredmedia":[{"embeddable":true,"href":"https:\/\/www.depoles.com\/hr\/wp-json\/wp\/v2\/media\/2462"}],"wp:attachment":[{"href":"https:\/\/www.depoles.com\/hr\/wp-json\/wp\/v2\/media?parent=2461"}],"wp:term":[{"taxonomy":"product_brand","embeddable":true,"href":"https:\/\/www.depoles.com\/hr\/wp-json\/wp\/v2\/product_brand?post=2461"},{"taxonomy":"product_cat","embeddable":true,"href":"https:\/\/www.depoles.com\/hr\/wp-json\/wp\/v2\/product_cat?post=2461"},{"taxonomy":"product_tag","embeddable":true,"href":"https:\/\/www.depoles.com\/hr\/wp-json\/wp\/v2\/product_tag?post=2461"}],"curies":[{"name":"wp","href":"https:\/\/api.w.org\/{rel}","templated":true}]}}