{"id":2465,"date":"2020-04-08T10:16:46","date_gmt":"2020-04-08T08:16:46","guid":{"rendered":"https:\/\/nova.depoles.com\/trgovina\/planska-plosca-125-s-16-sponkami-dp95ps\/"},"modified":"2025-12-17T15:06:34","modified_gmt":"2025-12-17T14:06:34","slug":"planska-plosca-125-s-16-sponkami-dp95ps","status":"publish","type":"product","link":"https:\/\/www.depoles.com\/hr\/trgovina\/planska-plosca-125-s-16-sponkami-dp95ps\/","title":{"rendered":"Planirana plo\u010da za tokarilice 125 s 16 stezaljki DP95PS"},"content":{"rendered":"<p><strong>Tehni\u010dni podatki<\/strong><\/p>\n<ul>\n<li><strong>Te\u017ea<\/strong>\n<ul>\n<li>Bruto te\u017ea: 0,50 kg<\/li>\n<li>Netto te\u017ea: 0,40 kg<\/li>\n<\/ul>\n<\/li>\n<li><strong>Embala\u017ea<\/strong>\n<ul>\n<li>Dol\u017eina embala\u017ee: 150 mm<\/li>\n<li>\u0160irina embala\u017ee: 150 mm<\/li>\n<li>Vi\u0161ina embala\u017ee: 100 mm<\/li>\n<\/ul>\n<\/li>\n<li><strong>Splo\u0161ni podatki<\/strong>\n<ul>\n<li>EAN koda: 9120039903002<\/li>\n<\/ul>\n<\/li>\n<\/ul>\n","protected":false},"excerpt":{"rendered":"<h3>Planska plo\u0161\u010da 125:<\/h3>\n<ul>\n<li>premer (zaprt) 125 mm<\/li>\n<li>vklj. 16 gumijastih objemnih zati\u010dev (vi\u0161ina 8&#215;18 mm; vi\u0161ina 8&#215;13 mm)<\/li>\n<\/ul>\n","protected":false},"featured_media":2466,"template":"","meta":[],"product_brand":[],"product_cat":[1021,1012],"product_tag":[],"class_list":{"0":"post-2465","1":"product","2":"type-product","3":"status-publish","4":"has-post-thumbnail","6":"product_cat-orodja-za-struznice","7":"product_cat-stroji-za-les","9":"first","10":"instock","11":"shipping-taxable","12":"purchasable","13":"product-type-simple"},"_links":{"self":[{"href":"https:\/\/www.depoles.com\/hr\/wp-json\/wp\/v2\/product\/2465","targetHints":{"allow":["GET"]}}],"collection":[{"href":"https:\/\/www.depoles.com\/hr\/wp-json\/wp\/v2\/product"}],"about":[{"href":"https:\/\/www.depoles.com\/hr\/wp-json\/wp\/v2\/types\/product"}],"wp:featuredmedia":[{"embeddable":true,"href":"https:\/\/www.depoles.com\/hr\/wp-json\/wp\/v2\/media\/2466"}],"wp:attachment":[{"href":"https:\/\/www.depoles.com\/hr\/wp-json\/wp\/v2\/media?parent=2465"}],"wp:term":[{"taxonomy":"product_brand","embeddable":true,"href":"https:\/\/www.depoles.com\/hr\/wp-json\/wp\/v2\/product_brand?post=2465"},{"taxonomy":"product_cat","embeddable":true,"href":"https:\/\/www.depoles.com\/hr\/wp-json\/wp\/v2\/product_cat?post=2465"},{"taxonomy":"product_tag","embeddable":true,"href":"https:\/\/www.depoles.com\/hr\/wp-json\/wp\/v2\/product_tag?post=2465"}],"curies":[{"name":"wp","href":"https:\/\/api.w.org\/{rel}","templated":true}]}}