{"id":2467,"date":"2020-04-08T10:16:44","date_gmt":"2020-04-08T08:16:44","guid":{"rendered":"https:\/\/nova.depoles.com\/trgovina\/prednja-plosca-z-vpenjalno-palico-200-mm-m33-pse200\/"},"modified":"2026-02-12T13:51:55","modified_gmt":"2026-02-12T12:51:55","slug":"prednja-plosca-z-vpenjalno-palico-200-mm-m33-pse200","status":"publish","type":"product","link":"https:\/\/www.depoles.com\/hr\/trgovina\/prednja-plosca-z-vpenjalno-palico-200-mm-m33-pse200\/","title":{"rendered":"Planirana plo\u010da 200 mm, M33 PSE200"},"content":{"rendered":"<p><strong>Tehni\u010dne specifikacije:<\/strong><\/p>\n<ul>\n<li><strong>Te\u017ea:<\/strong>\n<ul>\n<li>Bruto te\u017ea: 3,20 kg<\/li>\n<li>Netto te\u017ea: 3,00 kg<\/li>\n<\/ul>\n<\/li>\n<li><strong>Embala\u017ea:<\/strong>\n<ul>\n<li>Dol\u017eina embala\u017ee: 240 mm<\/li>\n<li>\u0160irina embala\u017ee: 240 mm<\/li>\n<li>Vi\u0161ina embala\u017ee: 50 mm<\/li>\n<\/ul>\n<\/li>\n<li><strong>Splo\u0161ni podatki:<\/strong>\n<ul>\n<li>EAN koda: 9120039903057<\/li>\n<\/ul>\n<\/li>\n<\/ul>\n","protected":false},"excerpt":{"rendered":"<p>Tehni\u010dne specifikacije: Te\u017ea: Bruto te\u017ea: 3,20 kg Netto te\u017ea: 3,00 kg Embala\u017ea: Dol\u017eina embala\u017ee: 240 mm \u0160irina embala\u017ee: 240 mm Vi\u0161ina embala\u017ee: 50 mm Splo\u0161ni podatki: EAN koda: 9120039903057<\/p>\n","protected":false},"featured_media":2468,"template":"","meta":[],"product_brand":[],"product_cat":[1021,1012],"product_tag":[],"class_list":{"0":"post-2467","1":"product","2":"type-product","3":"status-publish","4":"has-post-thumbnail","6":"product_cat-orodja-za-struznice","7":"product_cat-stroji-za-les","9":"first","10":"instock","11":"shipping-taxable","12":"purchasable","13":"product-type-simple"},"_links":{"self":[{"href":"https:\/\/www.depoles.com\/hr\/wp-json\/wp\/v2\/product\/2467","targetHints":{"allow":["GET"]}}],"collection":[{"href":"https:\/\/www.depoles.com\/hr\/wp-json\/wp\/v2\/product"}],"about":[{"href":"https:\/\/www.depoles.com\/hr\/wp-json\/wp\/v2\/types\/product"}],"wp:featuredmedia":[{"embeddable":true,"href":"https:\/\/www.depoles.com\/hr\/wp-json\/wp\/v2\/media\/2468"}],"wp:attachment":[{"href":"https:\/\/www.depoles.com\/hr\/wp-json\/wp\/v2\/media?parent=2467"}],"wp:term":[{"taxonomy":"product_brand","embeddable":true,"href":"https:\/\/www.depoles.com\/hr\/wp-json\/wp\/v2\/product_brand?post=2467"},{"taxonomy":"product_cat","embeddable":true,"href":"https:\/\/www.depoles.com\/hr\/wp-json\/wp\/v2\/product_cat?post=2467"},{"taxonomy":"product_tag","embeddable":true,"href":"https:\/\/www.depoles.com\/hr\/wp-json\/wp\/v2\/product_tag?post=2467"}],"curies":[{"name":"wp","href":"https:\/\/api.w.org\/{rel}","templated":true}]}}