{"id":2469,"date":"2020-04-08T10:16:40","date_gmt":"2020-04-08T08:16:40","guid":{"rendered":"https:\/\/nova.depoles.com\/trgovina\/ekscentricni-vpenjalni-sist-ml-70-mm-o-25-mm-es25070\/"},"modified":"2026-02-12T13:45:19","modified_gmt":"2026-02-12T12:45:19","slug":"ekscentricni-vpenjalni-sist-ml-70-mm-o-25-mm-es25070","status":"publish","type":"product","link":"https:\/\/www.depoles.com\/hr\/trgovina\/ekscentricni-vpenjalni-sist-ml-70-mm-o-25-mm-es25070\/","title":{"rendered":"Ekscentri\u010dni stezni sustav ML = 70 mm \u00d8 = 25 mm ES25070"},"content":{"rendered":"<p><strong>Specifikacije izdelka:<\/strong><\/p>\n<ul>\n<li><strong>Te\u017ea<\/strong>\n<ul>\n<li>Bruto te\u017ea: 1,10 kg<\/li>\n<li>Netto te\u017ea: 1,00 kg<\/li>\n<\/ul>\n<\/li>\n<li><strong>Embala\u017ea<\/strong>\n<ul>\n<li>Dol\u017eina embala\u017ee: 85 mm<\/li>\n<li>\u0160irina embala\u017ee: 100 mm<\/li>\n<li>Vi\u0161ina embala\u017ee: 100 mm<\/li>\n<\/ul>\n<\/li>\n<li><strong>Splo\u0161ni podatki<\/strong>\n<ul>\n<li>EAN koda: 9120039908335<\/li>\n<\/ul>\n<\/li>\n<\/ul>\n","protected":false},"excerpt":{"rendered":"<h3>Poudarki<\/h3>\n<ul>\n<li>Navoj M33<\/li>\n<li>Primeren za pritrditev te\u017ekih in neuravnote\u017eenih stru\u017enih kosov<\/li>\n<li>Dol\u017eina: 70 mm<\/li>\n<li>Premer: 25 mm<\/li>\n<\/ul>\n","protected":false},"featured_media":2470,"template":"","meta":[],"product_brand":[],"product_cat":[1021,1012],"product_tag":[],"class_list":{"0":"post-2469","1":"product","2":"type-product","3":"status-publish","4":"has-post-thumbnail","6":"product_cat-orodja-za-struznice","7":"product_cat-stroji-za-les","9":"first","10":"instock","11":"shipping-taxable","12":"purchasable","13":"product-type-simple"},"_links":{"self":[{"href":"https:\/\/www.depoles.com\/hr\/wp-json\/wp\/v2\/product\/2469","targetHints":{"allow":["GET"]}}],"collection":[{"href":"https:\/\/www.depoles.com\/hr\/wp-json\/wp\/v2\/product"}],"about":[{"href":"https:\/\/www.depoles.com\/hr\/wp-json\/wp\/v2\/types\/product"}],"wp:featuredmedia":[{"embeddable":true,"href":"https:\/\/www.depoles.com\/hr\/wp-json\/wp\/v2\/media\/2470"}],"wp:attachment":[{"href":"https:\/\/www.depoles.com\/hr\/wp-json\/wp\/v2\/media?parent=2469"}],"wp:term":[{"taxonomy":"product_brand","embeddable":true,"href":"https:\/\/www.depoles.com\/hr\/wp-json\/wp\/v2\/product_brand?post=2469"},{"taxonomy":"product_cat","embeddable":true,"href":"https:\/\/www.depoles.com\/hr\/wp-json\/wp\/v2\/product_cat?post=2469"},{"taxonomy":"product_tag","embeddable":true,"href":"https:\/\/www.depoles.com\/hr\/wp-json\/wp\/v2\/product_tag?post=2469"}],"curies":[{"name":"wp","href":"https:\/\/api.w.org\/{rel}","templated":true}]}}