{"id":2472,"date":"2020-04-08T10:16:37","date_gmt":"2020-04-08T08:16:37","guid":{"rendered":"https:\/\/nova.depoles.com\/trgovina\/ekscentricni-vpenjalni-sistem-ml-110-mm-o-30-mm-es30110\/"},"modified":"2025-12-17T23:26:39","modified_gmt":"2025-12-17T22:26:39","slug":"ekscentricni-vpenjalni-sistem-ml-110-mm-o-30-mm-es30110","status":"publish","type":"product","link":"https:\/\/www.depoles.com\/hr\/trgovina\/ekscentricni-vpenjalni-sistem-ml-110-mm-o-30-mm-es30110\/","title":{"rendered":"Ekscentri\u010dni stezni sustav ML = 110 mm \u00d8 = 30 mm ES30110"},"content":{"rendered":"<p><strong>Tehni\u010dni podatki:<\/strong><\/p>\n<ul>\n<li><strong>Te\u017ea:<\/strong>\n<ul>\n<li>Bruto te\u017ea: 1,60 kg<\/li>\n<li>Netto te\u017ea: 1,50 kg<\/li>\n<\/ul>\n<\/li>\n<li><strong>Embala\u017ea:<\/strong>\n<ul>\n<li>Dol\u017eina embala\u017ee: 120 mm<\/li>\n<li>\u0160irina embala\u017ee: 100 mm<\/li>\n<li>Vi\u0161ina embala\u017ee: 100 mm<\/li>\n<\/ul>\n<\/li>\n<li><strong>Splo\u0161ni podatki:<\/strong>\n<ul>\n<li>EAN koda: 9120039908342<\/li>\n<\/ul>\n<\/li>\n<\/ul>\n","protected":false},"excerpt":{"rendered":"<h3> Poudarki <\/h3>\n<ul>\n<li> M33 navoj <\/li>\n<li> uporablja se za pritrditev te\u017ekih in neuravnote\u017eenih stru\u017enih kosov <\/li>\n<li> dol\u017eina: 110mm <\/li>\n<li> premer: 30mm <\/li>\n<\/ul>\n","protected":false},"featured_media":2473,"template":"","meta":[],"product_brand":[],"product_cat":[1021,1012],"product_tag":[],"class_list":{"0":"post-2472","1":"product","2":"type-product","3":"status-publish","4":"has-post-thumbnail","6":"product_cat-orodja-za-struznice","7":"product_cat-stroji-za-les","9":"first","10":"instock","11":"shipping-taxable","12":"purchasable","13":"product-type-simple"},"_links":{"self":[{"href":"https:\/\/www.depoles.com\/hr\/wp-json\/wp\/v2\/product\/2472","targetHints":{"allow":["GET"]}}],"collection":[{"href":"https:\/\/www.depoles.com\/hr\/wp-json\/wp\/v2\/product"}],"about":[{"href":"https:\/\/www.depoles.com\/hr\/wp-json\/wp\/v2\/types\/product"}],"wp:featuredmedia":[{"embeddable":true,"href":"https:\/\/www.depoles.com\/hr\/wp-json\/wp\/v2\/media\/2473"}],"wp:attachment":[{"href":"https:\/\/www.depoles.com\/hr\/wp-json\/wp\/v2\/media?parent=2472"}],"wp:term":[{"taxonomy":"product_brand","embeddable":true,"href":"https:\/\/www.depoles.com\/hr\/wp-json\/wp\/v2\/product_brand?post=2472"},{"taxonomy":"product_cat","embeddable":true,"href":"https:\/\/www.depoles.com\/hr\/wp-json\/wp\/v2\/product_cat?post=2472"},{"taxonomy":"product_tag","embeddable":true,"href":"https:\/\/www.depoles.com\/hr\/wp-json\/wp\/v2\/product_tag?post=2472"}],"curies":[{"name":"wp","href":"https:\/\/api.w.org\/{rel}","templated":true}]}}