{"id":2480,"date":"2020-04-08T10:16:28","date_gmt":"2020-04-08T08:16:28","guid":{"rendered":"https:\/\/nova.depoles.com\/trgovina\/struzna-glava-amerikaner-na-celjusti-za-struznice-holzmann-dp125\/"},"modified":"2026-02-12T13:57:01","modified_gmt":"2026-02-12T12:57:01","slug":"struzna-glava-amerikaner-na-celjusti-za-struznice-holzmann-dp125","status":"publish","type":"product","link":"https:\/\/www.depoles.com\/hr\/trgovina\/struzna-glava-amerikaner-na-celjusti-za-struznice-holzmann-dp125\/","title":{"rendered":"Stru\u017ena glava\/amerikaner na \u010deljusti za tokarilice HOLZMANN DP125"},"content":{"rendered":"<p><strong>Tehni\u010dni podatki:<\/strong><\/p>\n<table>\n<tbody>\n<tr>\n<th colspan=\"2\">Te\u017ea<\/th>\n<\/tr>\n<tr>\n<td>Bruto te\u017ea (kg)<\/td>\n<td>5<\/td>\n<\/tr>\n<tr>\n<td>Netto te\u017ea (kg)<\/td>\n<td>4,50<\/td>\n<\/tr>\n<tr>\n<th colspan=\"2\">Embala\u017ea<\/th>\n<\/tr>\n<tr>\n<td>\u0160irina embala\u017ee (mm)<\/td>\n<td>200<\/td>\n<\/tr>\n<tr>\n<td>Dol\u017eina embala\u017ee (mm)<\/td>\n<td>400<\/td>\n<\/tr>\n<tr>\n<td>Vi\u0161ina embala\u017ee (mm)<\/td>\n<td>200<\/td>\n<\/tr>\n<tr>\n<th colspan=\"2\">Splo\u0161ni podatki<\/th>\n<\/tr>\n<tr>\n<td>EAN koda<\/td>\n<td>9120058375941<\/td>\n<\/tr>\n<\/tbody>\n<\/table>\n","protected":false},"excerpt":{"rendered":"<h3>Poudarki<\/h3>\n<p>Vpenjalnik ima \u010deljust \u00d8125 mm M33 in \u0161tiri razli\u010dne vpenjalne \u010deljusti za razli\u010dno velikost predmetov. Te\u017ea vpenjalnika je med 13 in 16 kg.<\/p>\n<ul>\n<li>\u010celjust vpenja\u010da \u00d8125 mm M33<\/li>\n<li>1. vpenjalna \u010deljust: 55-100 \/ 71-124 mm<\/li>\n<li>2. vpenjalna \u010deljust: 14-63 \/ 33-83 mm<\/li>\n<li>3. vpenjalna \u010deljust: 2-53 \/ 30-118 mm<\/li>\n<li>4. vpenjalna \u010deljust: 110-150 \/ 125-178 mm<\/li>\n<li>Te\u017ea: 13\/16 kg<\/li>\n<\/ul>\n","protected":false},"featured_media":2481,"template":"","meta":[],"product_brand":[],"product_cat":[1020,1021,1034,1012,1037],"product_tag":[],"class_list":{"0":"post-2480","1":"product","2":"type-product","3":"status-publish","4":"has-post-thumbnail","6":"product_cat-orodja-oprema","7":"product_cat-orodja-za-struznice","8":"product_cat-rocno-orodje","9":"product_cat-stroji-za-les","10":"product_cat-struznice-za-les","12":"first","13":"instock","14":"shipping-taxable","15":"purchasable","16":"product-type-simple"},"_links":{"self":[{"href":"https:\/\/www.depoles.com\/hr\/wp-json\/wp\/v2\/product\/2480","targetHints":{"allow":["GET"]}}],"collection":[{"href":"https:\/\/www.depoles.com\/hr\/wp-json\/wp\/v2\/product"}],"about":[{"href":"https:\/\/www.depoles.com\/hr\/wp-json\/wp\/v2\/types\/product"}],"wp:featuredmedia":[{"embeddable":true,"href":"https:\/\/www.depoles.com\/hr\/wp-json\/wp\/v2\/media\/2481"}],"wp:attachment":[{"href":"https:\/\/www.depoles.com\/hr\/wp-json\/wp\/v2\/media?parent=2480"}],"wp:term":[{"taxonomy":"product_brand","embeddable":true,"href":"https:\/\/www.depoles.com\/hr\/wp-json\/wp\/v2\/product_brand?post=2480"},{"taxonomy":"product_cat","embeddable":true,"href":"https:\/\/www.depoles.com\/hr\/wp-json\/wp\/v2\/product_cat?post=2480"},{"taxonomy":"product_tag","embeddable":true,"href":"https:\/\/www.depoles.com\/hr\/wp-json\/wp\/v2\/product_tag?post=2480"}],"curies":[{"name":"wp","href":"https:\/\/api.w.org\/{rel}","templated":true}]}}