{"id":2482,"date":"2020-04-08T10:16:24","date_gmt":"2020-04-08T08:16:24","guid":{"rendered":"https:\/\/nova.depoles.com\/trgovina\/vrhunska-dleta-za-struznico-za-les-set-micro-holzmann-8pcs-hm-hm8tlg\/"},"modified":"2026-03-06T14:00:24","modified_gmt":"2026-03-06T13:00:24","slug":"vrhunska-dleta-za-struznico-za-les-set-micro-holzmann-8pcs-hm-hm8tlg","status":"publish","type":"product","link":"https:\/\/www.depoles.com\/hr\/trgovina\/vrhunska-dleta-za-struznico-za-les-set-micro-holzmann-8pcs-hm-hm8tlg\/","title":{"rendered":"Vrhunski\/Dijamantski set za tokarski stroj za drvo micro HOLZMANN 8 kom \/ HM HM8TLG"},"content":{"rendered":"<p><strong>Specifikacije izdelka<\/strong><\/p>\n<ul>\n<li><strong>Te\u017ea<\/strong>\n<ul>\n<li>Bruto te\u017ea: 3 kg<\/li>\n<li>Netto te\u017ea: 2 kg<\/li>\n<\/ul>\n<\/li>\n<li><strong>Embala\u017ea<\/strong>\n<ul>\n<li>Dol\u017eina embala\u017ee: 220 mm<\/li>\n<li>\u0160irina embala\u017ee: 220 mm<\/li>\n<li>Vi\u0161ina embala\u017ee: 100 mm<\/li>\n<\/ul>\n<\/li>\n<li><strong>Splo\u0161ni podatki<\/strong>\n<ul>\n<li>EAN koda: 9120039903149<\/li>\n<\/ul>\n<\/li>\n<\/ul>\n","protected":false},"excerpt":{"rendered":"<p>Specifikacije izdelka Te\u017ea Bruto te\u017ea: 3 kg Netto te\u017ea: 2 kg Embala\u017ea Dol\u017eina embala\u017ee: 220 mm \u0160irina embala\u017ee: 220 mm Vi\u0161ina embala\u017ee: 100 mm Splo\u0161ni podatki EAN koda: 9120039903149<\/p>\n","protected":false},"featured_media":2483,"template":"","meta":[],"product_brand":[],"product_cat":[1020,1021,1034,1012,1037],"product_tag":[],"class_list":{"0":"post-2482","1":"product","2":"type-product","3":"status-publish","4":"has-post-thumbnail","6":"product_cat-orodja-oprema","7":"product_cat-orodja-za-struznice","8":"product_cat-rocno-orodje","9":"product_cat-stroji-za-les","10":"product_cat-struznice-za-les","12":"first","13":"instock","14":"shipping-taxable","15":"purchasable","16":"product-type-simple"},"_links":{"self":[{"href":"https:\/\/www.depoles.com\/hr\/wp-json\/wp\/v2\/product\/2482","targetHints":{"allow":["GET"]}}],"collection":[{"href":"https:\/\/www.depoles.com\/hr\/wp-json\/wp\/v2\/product"}],"about":[{"href":"https:\/\/www.depoles.com\/hr\/wp-json\/wp\/v2\/types\/product"}],"wp:featuredmedia":[{"embeddable":true,"href":"https:\/\/www.depoles.com\/hr\/wp-json\/wp\/v2\/media\/2483"}],"wp:attachment":[{"href":"https:\/\/www.depoles.com\/hr\/wp-json\/wp\/v2\/media?parent=2482"}],"wp:term":[{"taxonomy":"product_brand","embeddable":true,"href":"https:\/\/www.depoles.com\/hr\/wp-json\/wp\/v2\/product_brand?post=2482"},{"taxonomy":"product_cat","embeddable":true,"href":"https:\/\/www.depoles.com\/hr\/wp-json\/wp\/v2\/product_cat?post=2482"},{"taxonomy":"product_tag","embeddable":true,"href":"https:\/\/www.depoles.com\/hr\/wp-json\/wp\/v2\/product_tag?post=2482"}],"curies":[{"name":"wp","href":"https:\/\/api.w.org\/{rel}","templated":true}]}}