{"id":2485,"date":"2020-04-08T10:16:21","date_gmt":"2020-04-08T08:16:21","guid":{"rendered":"https:\/\/nova.depoles.com\/trgovina\/set-dleta-8pcs-h8tlg\/"},"modified":"2026-03-06T14:00:56","modified_gmt":"2026-03-06T13:00:56","slug":"set-dleta-8pcs-h8tlg","status":"publish","type":"product","link":"https:\/\/www.depoles.com\/hr\/trgovina\/set-dleta-8pcs-h8tlg\/","title":{"rendered":"Set burgija standard 8 kom H8TLG"},"content":{"rendered":"<p><strong>Tehni\u010dni podatki<\/strong><\/p>\n<ul>\n<li><strong>Te\u017ea<\/strong>\n<ul>\n<li>Bruto te\u017ea: 3 kg<\/li>\n<li>Netto te\u017ea: 2 kg<\/li>\n<\/ul>\n<\/li>\n<li><strong>Embala\u017ea<\/strong>\n<ul>\n<li>Dol\u017eina embala\u017ee: 400 mm<\/li>\n<li>\u0160irina embala\u017ee: 350 mm<\/li>\n<li>Vi\u0161ina embala\u017ee: 100 mm<\/li>\n<\/ul>\n<\/li>\n<li><strong>Splo\u0161ni podatki<\/strong>\n<ul>\n<li>EAN koda: 9120039900643<\/li>\n<\/ul>\n<\/li>\n<\/ul>\n","protected":false},"excerpt":{"rendered":"<p>Tehni\u010dni podatki Te\u017ea Bruto te\u017ea: 3 kg Netto te\u017ea: 2 kg Embala\u017ea Dol\u017eina embala\u017ee: 400 mm \u0160irina embala\u017ee: 350 mm Vi\u0161ina embala\u017ee: 100 mm Splo\u0161ni podatki EAN koda: 9120039900643<\/p>\n","protected":false},"featured_media":2486,"template":"","meta":[],"product_brand":[],"product_cat":[1021,1012],"product_tag":[],"class_list":{"0":"post-2485","1":"product","2":"type-product","3":"status-publish","4":"has-post-thumbnail","6":"product_cat-orodja-za-struznice","7":"product_cat-stroji-za-les","9":"first","10":"instock","11":"shipping-taxable","12":"purchasable","13":"product-type-simple"},"_links":{"self":[{"href":"https:\/\/www.depoles.com\/hr\/wp-json\/wp\/v2\/product\/2485","targetHints":{"allow":["GET"]}}],"collection":[{"href":"https:\/\/www.depoles.com\/hr\/wp-json\/wp\/v2\/product"}],"about":[{"href":"https:\/\/www.depoles.com\/hr\/wp-json\/wp\/v2\/types\/product"}],"wp:featuredmedia":[{"embeddable":true,"href":"https:\/\/www.depoles.com\/hr\/wp-json\/wp\/v2\/media\/2486"}],"wp:attachment":[{"href":"https:\/\/www.depoles.com\/hr\/wp-json\/wp\/v2\/media?parent=2485"}],"wp:term":[{"taxonomy":"product_brand","embeddable":true,"href":"https:\/\/www.depoles.com\/hr\/wp-json\/wp\/v2\/product_brand?post=2485"},{"taxonomy":"product_cat","embeddable":true,"href":"https:\/\/www.depoles.com\/hr\/wp-json\/wp\/v2\/product_cat?post=2485"},{"taxonomy":"product_tag","embeddable":true,"href":"https:\/\/www.depoles.com\/hr\/wp-json\/wp\/v2\/product_tag?post=2485"}],"curies":[{"name":"wp","href":"https:\/\/api.w.org\/{rel}","templated":true}]}}