{"id":2493,"date":"2020-04-08T10:16:12","date_gmt":"2020-04-08T08:16:12","guid":{"rendered":"https:\/\/nova.depoles.com\/trgovina\/kvaliteten-set-dleta-6pcs-hss-h6tlg\/"},"modified":"2026-03-06T14:00:56","modified_gmt":"2026-03-06T13:00:56","slug":"kvaliteten-set-dleta-6pcs-hss-h6tlg","status":"publish","type":"product","link":"https:\/\/www.depoles.com\/hr\/trgovina\/kvaliteten-set-dleta-6pcs-hss-h6tlg\/","title":{"rendered":"Kvalitetan set burgija 6 kom \/ HSS H6TLG"},"content":{"rendered":"<p><strong>Tehni\u010dni podatki:<\/strong><\/p>\n<ul>\n<li><strong>Te\u017ea:<\/strong>\n<ul>\n<li>Bruto te\u017ea: 3,20 kg<\/li>\n<li>Netto te\u017ea: 2,90 kg<\/li>\n<\/ul>\n<\/li>\n<li><strong>Embala\u017ea:<\/strong>\n<ul>\n<li>Dol\u017eina embala\u017ee: 620 mm<\/li>\n<li>\u0160irina embala\u017ee: 330 mm<\/li>\n<li>Vi\u0161ina embala\u017ee: 310 mm<\/li>\n<\/ul>\n<\/li>\n<li><strong>Splo\u0161ni podatki:<\/strong>\n<ul>\n<li>EAN koda: 9120039900117<\/li>\n<\/ul>\n<\/li>\n<\/ul>\n","protected":false},"excerpt":{"rendered":"<h3>Poudarki<\/h3>\n<p>Set vsebuje orodja z razli\u010dnimi oblikami in velikostmi, primerna za natan\u010dno delo, shranjena v leseni skrinji z dvema klju\u010davnicama.<\/p>\n<ul>\n<li>Maksimalna skupna dol\u017eina: 56 cm<\/li>\n<li>Ro\u010daj iz lakiranega trdega lesa<\/li>\n<li>Dol\u017eina ro\u010daja: 235\u2013320 mm<\/li>\n<li>1x Formr\u00f6hre 11 mm<\/li>\n<li>1x Abstecher diamantne oblike 6 mm<\/li>\n<li>1x Ausdrehstahl okrogli 20 mm<\/li>\n<li>1x Drehmei\u00dfel ovalni in spredaj po\u0161evno odrezan 27 mm<\/li>\n<li>1x Schubr\u00f6hre te\u017eki 25 mm<\/li>\n<li>1x Schl\u00fcsselr\u00f6hre 13 mm<\/li>\n<li>Lesena skrinja z dvema klju\u010davnicama<\/li>\n<\/ul>\n","protected":false},"featured_media":2494,"template":"","meta":[],"product_brand":[],"product_cat":[1021,1012],"product_tag":[],"class_list":{"0":"post-2493","1":"product","2":"type-product","3":"status-publish","4":"has-post-thumbnail","6":"product_cat-orodja-za-struznice","7":"product_cat-stroji-za-les","9":"first","10":"instock","11":"shipping-taxable","12":"purchasable","13":"product-type-simple"},"_links":{"self":[{"href":"https:\/\/www.depoles.com\/hr\/wp-json\/wp\/v2\/product\/2493","targetHints":{"allow":["GET"]}}],"collection":[{"href":"https:\/\/www.depoles.com\/hr\/wp-json\/wp\/v2\/product"}],"about":[{"href":"https:\/\/www.depoles.com\/hr\/wp-json\/wp\/v2\/types\/product"}],"wp:featuredmedia":[{"embeddable":true,"href":"https:\/\/www.depoles.com\/hr\/wp-json\/wp\/v2\/media\/2494"}],"wp:attachment":[{"href":"https:\/\/www.depoles.com\/hr\/wp-json\/wp\/v2\/media?parent=2493"}],"wp:term":[{"taxonomy":"product_brand","embeddable":true,"href":"https:\/\/www.depoles.com\/hr\/wp-json\/wp\/v2\/product_brand?post=2493"},{"taxonomy":"product_cat","embeddable":true,"href":"https:\/\/www.depoles.com\/hr\/wp-json\/wp\/v2\/product_cat?post=2493"},{"taxonomy":"product_tag","embeddable":true,"href":"https:\/\/www.depoles.com\/hr\/wp-json\/wp\/v2\/product_tag?post=2493"}],"curies":[{"name":"wp","href":"https:\/\/api.w.org\/{rel}","templated":true}]}}