{"id":2496,"date":"2020-04-08T10:16:10","date_gmt":"2020-04-08T08:16:10","guid":{"rendered":"https:\/\/nova.depoles.com\/trgovina\/vpenjalna-glava-40-mm-o-40-mm-l-90-mm-m33-spu40\/"},"modified":"2025-12-17T23:26:43","modified_gmt":"2025-12-17T22:26:43","slug":"vpenjalna-glava-40-mm-o-40-mm-l-90-mm-m33-spu40","status":"publish","type":"product","link":"https:\/\/www.depoles.com\/hr\/trgovina\/vpenjalna-glava-40-mm-o-40-mm-l-90-mm-m33-spu40\/","title":{"rendered":"Stezna glava 40 mm \u00d8 40 mm, l 90 mm, M33 SPU40"},"content":{"rendered":"<p><strong>Tehni\u010dni podatki<\/strong><\/p>\n<ul>\n<li><strong>Te\u017ea<\/strong>\n<ul>\n<li>Bruto te\u017ea: 1 kg<\/li>\n<li>Netto te\u017ea: 0,90 kg<\/li>\n<\/ul>\n<\/li>\n<li><strong>Embala\u017ea<\/strong>\n<ul>\n<li>\u0160irina embala\u017ee: 60 mm<\/li>\n<li>Vi\u0161ina embala\u017ee: 60 mm<\/li>\n<li>Dol\u017eina embala\u017ee: 110 mm<\/li>\n<\/ul>\n<\/li>\n<li><strong>Splo\u0161ni podatki<\/strong>\n<ul>\n<li>EAN koda: 9120039903101<\/li>\n<\/ul>\n<\/li>\n<\/ul>\n","protected":false},"excerpt":{"rendered":"<p>Tehni\u010dni podatki Te\u017ea Bruto te\u017ea: 1 kg Netto te\u017ea: 0,90 kg Embala\u017ea \u0160irina embala\u017ee: 60 mm Vi\u0161ina embala\u017ee: 60 mm Dol\u017eina embala\u017ee: 110 mm Splo\u0161ni podatki EAN koda: 9120039903101<\/p>\n","protected":false},"featured_media":2497,"template":"","meta":[],"product_brand":[],"product_cat":[1021,1012],"product_tag":[],"class_list":{"0":"post-2496","1":"product","2":"type-product","3":"status-publish","4":"has-post-thumbnail","6":"product_cat-orodja-za-struznice","7":"product_cat-stroji-za-les","9":"first","10":"instock","11":"shipping-taxable","12":"purchasable","13":"product-type-simple"},"_links":{"self":[{"href":"https:\/\/www.depoles.com\/hr\/wp-json\/wp\/v2\/product\/2496","targetHints":{"allow":["GET"]}}],"collection":[{"href":"https:\/\/www.depoles.com\/hr\/wp-json\/wp\/v2\/product"}],"about":[{"href":"https:\/\/www.depoles.com\/hr\/wp-json\/wp\/v2\/types\/product"}],"wp:featuredmedia":[{"embeddable":true,"href":"https:\/\/www.depoles.com\/hr\/wp-json\/wp\/v2\/media\/2497"}],"wp:attachment":[{"href":"https:\/\/www.depoles.com\/hr\/wp-json\/wp\/v2\/media?parent=2496"}],"wp:term":[{"taxonomy":"product_brand","embeddable":true,"href":"https:\/\/www.depoles.com\/hr\/wp-json\/wp\/v2\/product_brand?post=2496"},{"taxonomy":"product_cat","embeddable":true,"href":"https:\/\/www.depoles.com\/hr\/wp-json\/wp\/v2\/product_cat?post=2496"},{"taxonomy":"product_tag","embeddable":true,"href":"https:\/\/www.depoles.com\/hr\/wp-json\/wp\/v2\/product_tag?post=2496"}],"curies":[{"name":"wp","href":"https:\/\/api.w.org\/{rel}","templated":true}]}}