{"id":2498,"date":"2020-04-08T10:16:08","date_gmt":"2020-04-08T08:16:08","guid":{"rendered":"https:\/\/nova.depoles.com\/trgovina\/jezicek-za-vpenjanje-60-mm-o-60-mm-l-90-mm-m33-spu60\/"},"modified":"2025-12-17T15:07:54","modified_gmt":"2025-12-17T14:07:54","slug":"jezicek-za-vpenjanje-60-mm-o-60-mm-l-90-mm-m33-spu60","status":"publish","type":"product","link":"https:\/\/www.depoles.com\/hr\/trgovina\/jezicek-za-vpenjanje-60-mm-o-60-mm-l-90-mm-m33-spu60\/","title":{"rendered":"Nastavak za stezanje 60 mm \u00d8 60 mm, l 90 mm, M33 SPU60"},"content":{"rendered":"<p><strong>Specifikacija izdelka:<\/strong><\/p>\n<ul>\n<li><strong>Te\u017ea:<\/strong>\n<ul>\n<li>Bruto te\u017ea: 1,40 kg<\/li>\n<li>Netto te\u017ea: 1,30 kg<\/li>\n<\/ul>\n<\/li>\n<li><strong>Embala\u017ea:<\/strong>\n<ul>\n<li>\u0160irina embala\u017ee: 75 mm<\/li>\n<li>Vi\u0161ina embala\u017ee: 75 mm<\/li>\n<li>Dol\u017eina embala\u017ee: 110 mm<\/li>\n<\/ul>\n<\/li>\n<li><strong>Splo\u0161ni podatki:<\/strong>\n<ul>\n<li>EAN koda: 9120039903118<\/li>\n<\/ul>\n<\/li>\n<\/ul>\n","protected":false},"excerpt":{"rendered":"<p>Specifikacija izdelka: Te\u017ea: Bruto te\u017ea: 1,40 kg Netto te\u017ea: 1,30 kg Embala\u017ea: \u0160irina embala\u017ee: 75 mm Vi\u0161ina embala\u017ee: 75 mm Dol\u017eina embala\u017ee: 110 mm Splo\u0161ni podatki: EAN koda: 9120039903118<\/p>\n","protected":false},"featured_media":2499,"template":"","meta":[],"product_brand":[],"product_cat":[1021,1012],"product_tag":[],"class_list":{"0":"post-2498","1":"product","2":"type-product","3":"status-publish","4":"has-post-thumbnail","6":"product_cat-orodja-za-struznice","7":"product_cat-stroji-za-les","9":"first","10":"instock","11":"shipping-taxable","12":"purchasable","13":"product-type-simple"},"_links":{"self":[{"href":"https:\/\/www.depoles.com\/hr\/wp-json\/wp\/v2\/product\/2498","targetHints":{"allow":["GET"]}}],"collection":[{"href":"https:\/\/www.depoles.com\/hr\/wp-json\/wp\/v2\/product"}],"about":[{"href":"https:\/\/www.depoles.com\/hr\/wp-json\/wp\/v2\/types\/product"}],"wp:featuredmedia":[{"embeddable":true,"href":"https:\/\/www.depoles.com\/hr\/wp-json\/wp\/v2\/media\/2499"}],"wp:attachment":[{"href":"https:\/\/www.depoles.com\/hr\/wp-json\/wp\/v2\/media?parent=2498"}],"wp:term":[{"taxonomy":"product_brand","embeddable":true,"href":"https:\/\/www.depoles.com\/hr\/wp-json\/wp\/v2\/product_brand?post=2498"},{"taxonomy":"product_cat","embeddable":true,"href":"https:\/\/www.depoles.com\/hr\/wp-json\/wp\/v2\/product_cat?post=2498"},{"taxonomy":"product_tag","embeddable":true,"href":"https:\/\/www.depoles.com\/hr\/wp-json\/wp\/v2\/product_tag?post=2498"}],"curies":[{"name":"wp","href":"https:\/\/api.w.org\/{rel}","templated":true}]}}