{"id":2502,"date":"2020-04-08T10:16:04","date_gmt":"2020-04-08T08:16:04","guid":{"rendered":"https:\/\/nova.depoles.com\/trgovina\/4-celjust-vpenjalna-vpenjalna-glava-20-mm-o20-mm-160-mm-mk2-4zm20\/"},"modified":"2026-02-12T13:48:36","modified_gmt":"2026-02-12T12:48:36","slug":"4-celjust-vpenjalna-vpenjalna-glava-20-mm-o20-mm-160-mm-mk2-4zm20","status":"publish","type":"product","link":"https:\/\/www.depoles.com\/hr\/trgovina\/4-celjust-vpenjalna-vpenjalna-glava-20-mm-o20-mm-160-mm-mk2-4zm20\/","title":{"rendered":"4-\u010deljusni stezni vrh 20 mm \u00d820 mm 160 mm MK2 4ZM20"},"content":{"rendered":"<p><strong>Tehni\u010dni podatki<\/strong><\/p>\n<ul>\n<li><strong>Te\u017ea<\/strong>\n<ul>\n<li>Bruto te\u017ea: 0,30 kg<\/li>\n<li>Netto te\u017ea: 0,25 kg<\/li>\n<\/ul>\n<\/li>\n<li><strong>Embala\u017ea<\/strong>\n<ul>\n<li>Dol\u017eina embala\u017ee: 175 mm<\/li>\n<li>\u0160irina embala\u017ee: 35 mm<\/li>\n<li>Vi\u0161ina embala\u017ee: 35 mm<\/li>\n<\/ul>\n<\/li>\n<li><strong>Splo\u0161ni podatki<\/strong>\n<ul>\n<li>EAN koda: 9120039903088<\/li>\n<\/ul>\n<\/li>\n<\/ul>\n","protected":false},"excerpt":{"rendered":"<p>Tehni\u010dni podatki Te\u017ea Bruto te\u017ea: 0,30 kg Netto te\u017ea: 0,25 kg Embala\u017ea Dol\u017eina embala\u017ee: 175 mm \u0160irina embala\u017ee: 35 mm Vi\u0161ina embala\u017ee: 35 mm Splo\u0161ni podatki EAN koda: 9120039903088<\/p>\n","protected":false},"featured_media":2503,"template":"","meta":[],"product_brand":[],"product_cat":[1021,1012],"product_tag":[],"class_list":{"0":"post-2502","1":"product","2":"type-product","3":"status-publish","4":"has-post-thumbnail","6":"product_cat-orodja-za-struznice","7":"product_cat-stroji-za-les","9":"first","10":"instock","11":"shipping-taxable","12":"purchasable","13":"product-type-simple"},"_links":{"self":[{"href":"https:\/\/www.depoles.com\/hr\/wp-json\/wp\/v2\/product\/2502","targetHints":{"allow":["GET"]}}],"collection":[{"href":"https:\/\/www.depoles.com\/hr\/wp-json\/wp\/v2\/product"}],"about":[{"href":"https:\/\/www.depoles.com\/hr\/wp-json\/wp\/v2\/types\/product"}],"wp:featuredmedia":[{"embeddable":true,"href":"https:\/\/www.depoles.com\/hr\/wp-json\/wp\/v2\/media\/2503"}],"wp:attachment":[{"href":"https:\/\/www.depoles.com\/hr\/wp-json\/wp\/v2\/media?parent=2502"}],"wp:term":[{"taxonomy":"product_brand","embeddable":true,"href":"https:\/\/www.depoles.com\/hr\/wp-json\/wp\/v2\/product_brand?post=2502"},{"taxonomy":"product_cat","embeddable":true,"href":"https:\/\/www.depoles.com\/hr\/wp-json\/wp\/v2\/product_cat?post=2502"},{"taxonomy":"product_tag","embeddable":true,"href":"https:\/\/www.depoles.com\/hr\/wp-json\/wp\/v2\/product_tag?post=2502"}],"curies":[{"name":"wp","href":"https:\/\/api.w.org\/{rel}","templated":true}]}}