{"id":2507,"date":"2020-04-08T10:15:45","date_gmt":"2020-04-08T08:15:45","guid":{"rendered":"https:\/\/nova.depoles.com\/trgovina\/tracna-zaga-za-hlodovino-holzmann-bbs-550-smart-400v\/"},"modified":"2026-02-12T13:48:07","modified_gmt":"2026-02-12T12:48:07","slug":"tracna-zaga-za-hlodovino-holzmann-bbs-550-smart-400v","status":"publish","type":"product","link":"https:\/\/www.depoles.com\/hr\/trgovina\/tracna-zaga-za-hlodovino-holzmann-bbs-550-smart-400v\/","title":{"rendered":"TRA\u010cNA PILA BBS 550 SMART 400V za trupce"},"content":{"rendered":"<p><strong>Tehni\u010dne specifikacije<\/strong><\/p>\n<ul>\n<li><strong>Podatki o motorju<\/strong>\n<ul>\n<li>Moc motorja S1: 5500 W<\/li>\n<li>Napetost: 400V \/ 3 \/ 50Hz<\/li>\n<\/ul>\n<\/li>\n<li><strong>Dimenzije<\/strong>\n<ul>\n<li>Skupne dimenzije: 4350 x 1600 x 1800 mm<\/li>\n<\/ul>\n<\/li>\n<li><strong>Dimenzije obdelovanca<\/strong>\n<ul>\n<li>Minimalna dol\u017eina obdelovanca: 1050 mm<\/li>\n<\/ul>\n<\/li>\n<li><strong>Tra\u010dne \u017eage<\/strong>\n<ul>\n<li>Tra\u010dna \u017eaga (saw band): 3658 x 25 x 0,9 mm<\/li>\n<li>Hitrost tra\u010dne \u017eage: 1080 m\/min<\/li>\n<li>Premer kolesa tra\u010dne \u017eage: 475 mm<\/li>\n<li>Maksimalni premer hloda: 550 mm<\/li>\n<li>Maksimalna razdalja med vodili rezila: 530 mm<\/li>\n<li>Debelina reza (kerf thickness): 1,5 &#8211; 2,2 mm<\/li>\n<li>Dol\u017eina tirnice: 2,0 m<\/li>\n<\/ul>\n<\/li>\n<li><strong>Raven zvoka in vibracije<\/strong>\n<ul>\n<li>Raven zvo\u010dne mo\u010di: 98 dB(A)<\/li>\n<li>Raven zvo\u010dnega tlaka: 89 dB(A)<\/li>\n<\/ul>\n<\/li>\n<li><strong>Te\u017ea<\/strong>\n<ul>\n<li>Bruto te\u017ea: 387 kg<\/li>\n<li>Net te\u017ea: 335 kg<\/li>\n<\/ul>\n<\/li>\n<li><strong>Pakiranje<\/strong>\n<ul>\n<li>\u0160irina pakiranja: 630 mm<\/li>\n<li>Dol\u017eina pakiranja: 2170 mm<\/li>\n<li>Vi\u0161ina pakiranja: 860 mm<\/li>\n<\/ul>\n<\/li>\n<li><strong>Splo\u0161ni podatki<\/strong>\n<ul>\n<li>EAN koda: 9120058377594<\/li>\n<\/ul>\n<\/li>\n<\/ul>\n","protected":false},"excerpt":{"rendered":"<h6>pla\u010dila mo\u017ena na obroke \/takoj\/leanpay<\/h6>\n<p>Stroj je namenjen izklju\u010dno za rezanje mehkega, trdega, suhega, surovega ali zamrznjenega lesa ali lesenih prizem z dol\u017einami glede na konstrukcijo stroja.<\/p>\n<ul>\n<li>dol\u017eina reza je odvisna od \u0161tevila raz\u0161irjenih sekcij (neomejeno \u010de jih dokupite)<\/li>\n<li>v osnovi je dol\u017eine reza in tra\u010dnice max 2 m<\/li>\n<li>vse vrste lesa se lahko re\u017eejo z istim trakom.<\/li>\n<li>brez zahtevnega\/ potrebnega vzdr\u017eevanja<\/li>\n<li>enostavno rokovanje<\/li>\n<li>masivno pogonsko kolo iz litega \u017eeleza<\/li>\n<li>natan\u010dna vodila<\/li>\n<li>ekscentri\u010dni sistem vpenjanja<\/li>\n<li>ro\u010dna nastavitev vi\u0161ine (debeline)<\/li>\n<li>ro\u010dno rezanje potiskanje \u017eage po tra\u010dnicah \/ro\u010dni pomik<\/li>\n<\/ul>\n<h6><span style=\"color: #ff0000\"><strong>DOPLA\u010cILO<\/strong>:<\/span><br \/>\nTra\u010dnica\/podalj\u0161ek BBS 550 = 650\u20ac<br \/>\nDodaten list 3552 x 32 x 0,9 mm T22= 79\u20ac<\/h6>\n<h6><strong>Vklju\u010deno v dostavo<\/strong> : 1x \u017eagalni trak<\/h6>\n","protected":false},"featured_media":2508,"template":"","meta":[],"product_brand":[],"product_cat":[1012,1013],"product_tag":[160,215,314,427,441,761],"class_list":{"0":"post-2507","1":"product","2":"type-product","3":"status-publish","4":"has-post-thumbnail","6":"product_cat-stroji-za-les","7":"product_cat-tracna-zaga-za-hlodovino-bbs","8":"product_tag-160","9":"product_tag-bbs","10":"product_tag-depoles","11":"product_tag-hlode","12":"product_tag-holzmann","13":"product_tag-smart","15":"first","16":"instock","17":"shipping-taxable","18":"purchasable","19":"product-type-simple"},"_links":{"self":[{"href":"https:\/\/www.depoles.com\/hr\/wp-json\/wp\/v2\/product\/2507","targetHints":{"allow":["GET"]}}],"collection":[{"href":"https:\/\/www.depoles.com\/hr\/wp-json\/wp\/v2\/product"}],"about":[{"href":"https:\/\/www.depoles.com\/hr\/wp-json\/wp\/v2\/types\/product"}],"wp:featuredmedia":[{"embeddable":true,"href":"https:\/\/www.depoles.com\/hr\/wp-json\/wp\/v2\/media\/2508"}],"wp:attachment":[{"href":"https:\/\/www.depoles.com\/hr\/wp-json\/wp\/v2\/media?parent=2507"}],"wp:term":[{"taxonomy":"product_brand","embeddable":true,"href":"https:\/\/www.depoles.com\/hr\/wp-json\/wp\/v2\/product_brand?post=2507"},{"taxonomy":"product_cat","embeddable":true,"href":"https:\/\/www.depoles.com\/hr\/wp-json\/wp\/v2\/product_cat?post=2507"},{"taxonomy":"product_tag","embeddable":true,"href":"https:\/\/www.depoles.com\/hr\/wp-json\/wp\/v2\/product_tag?post=2507"}],"curies":[{"name":"wp","href":"https:\/\/api.w.org\/{rel}","templated":true}]}}