{"id":2511,"date":"2020-04-08T10:15:39","date_gmt":"2020-04-08T08:15:39","guid":{"rendered":"https:\/\/nova.depoles.com\/trgovina\/tracna-zaga-za-hlodovino-bbs-350-400v\/"},"modified":"2026-02-12T13:48:35","modified_gmt":"2026-02-12T12:48:35","slug":"tracna-zaga-za-hlodovino-bbs-350-400v","status":"publish","type":"product","link":"https:\/\/www.depoles.com\/hr\/trgovina\/tracna-zaga-za-hlodovino-bbs-350-400v\/","title":{"rendered":"TRA\u010cNA PILA ZA DRVA BBS 350 400V"},"content":{"rendered":"<p><strong>Tehni\u010dni podatki<\/strong><\/p>\n<ul>\n<li><strong>Motor<\/strong>\n<ul>\n<li>Mo\u010d motorja S1: 2,2 W<\/li>\n<li>Napetost: 400 V \/ 3 \/ 50 Hz<\/li>\n<\/ul>\n<\/li>\n<li><strong>Dimenzije<\/strong>\n<ul>\n<li>Skupne dimenzije (\u0160 x D x V): 3100 x 1450 x 1220 mm<\/li>\n<\/ul>\n<\/li>\n<li><strong>Tra\u010dne \u017eage<\/strong>\n<ul>\n<li>Dimenzije \u017eaginega traku: 2750 x 19 x 0,9 mm<\/li>\n<li>Hitrost \u017eaginega traku: 840 m\/min<\/li>\n<li>Premer kolesa traku: 350 mm<\/li>\n<li>Maksimalni premer hloda: 360 mm<\/li>\n<li>Najve\u010dja razdalja med vodili rezila: 350 mm<\/li>\n<li>Dol\u017eina steze: 1,5 m<\/li>\n<li>Debelina reza (kerf): 1,5 &#8211; 2,2 mm<\/li>\n<\/ul>\n<\/li>\n<li><strong>Te\u017ea<\/strong>\n<ul>\n<li>Bruto te\u017ea: 200 kg<\/li>\n<li>Netto te\u017ea: 164 kg<\/li>\n<\/ul>\n<\/li>\n<li><strong>Pakiranje<\/strong>\n<ul>\n<li>\u0160irina pakiranja: 640 mm<\/li>\n<li>Dol\u017eina pakiranja: 1400 mm<\/li>\n<li>Vi\u0161ina pakiranja: 1140 mm<\/li>\n<\/ul>\n<\/li>\n<li><strong>Splo\u0161ni podatki<\/strong>\n<ul>\n<li>EAN koda: 9120058376924<\/li>\n<\/ul>\n<\/li>\n<\/ul>\n","protected":false},"excerpt":{"rendered":"<h3>BBS350 \u2013 zmogljiva \u017eaga za les<\/h3>\n<p>BBS350 je zasnovan za rezanje vseh vrst lesa, vklju\u010dno z mehkimi, trdimi, suhimi, surovimi ali zamrznjenimi lesenimi materiali. Omogo\u010da natan\u010dne in trdne reze, prilagojene va\u0161im potrebam.<\/p>\n<ul>\n<li>En trak za vse vrste lesa<\/li>\n<li>Dol\u017eina reza je odvisna od \u0161tevila raz\u0161irjenih sekcij<\/li>\n<li>Maksimalna dol\u017eina reza standardnega modela je 2,5 m<\/li>\n<li>Trdni rezi brez zasuka<\/li>\n<li>Nizka potreba po vzdr\u017eevanju<\/li>\n<li>Enostavno rokovanje<\/li>\n<li>Masivno pogonsko kolo iz litega \u017eeleza<\/li>\n<li>Natan\u010den vodnik<\/li>\n<li>Ekscentri\u010dni sistem vpenjanja<\/li>\n<li>Ro\u010dna nastavitev vi\u0161ine (debeline)<\/li>\n<li>Ro\u010dno rezanje krme<\/li>\n<li>Oglje-jeklena \u017eaga 4TPI<\/li>\n<\/ul>\n","protected":false},"featured_media":2512,"template":"","meta":[],"product_brand":[],"product_cat":[1012,1013],"product_tag":[143,215,314,427,441,632,837,849,918],"class_list":{"0":"post-2511","1":"product","2":"type-product","3":"status-publish","4":"has-post-thumbnail","6":"product_cat-stroji-za-les","7":"product_cat-tracna-zaga-za-hlodovino-bbs","8":"product_tag-143","9":"product_tag-bbs","10":"product_tag-depoles","11":"product_tag-hlode","12":"product_tag-holzmann","13":"product_tag-pila","14":"product_tag-tracna","15":"product_tag-trupce","16":"product_tag-zaga","18":"first","19":"instock","20":"shipping-taxable","21":"purchasable","22":"product-type-simple"},"_links":{"self":[{"href":"https:\/\/www.depoles.com\/hr\/wp-json\/wp\/v2\/product\/2511","targetHints":{"allow":["GET"]}}],"collection":[{"href":"https:\/\/www.depoles.com\/hr\/wp-json\/wp\/v2\/product"}],"about":[{"href":"https:\/\/www.depoles.com\/hr\/wp-json\/wp\/v2\/types\/product"}],"wp:featuredmedia":[{"embeddable":true,"href":"https:\/\/www.depoles.com\/hr\/wp-json\/wp\/v2\/media\/2512"}],"wp:attachment":[{"href":"https:\/\/www.depoles.com\/hr\/wp-json\/wp\/v2\/media?parent=2511"}],"wp:term":[{"taxonomy":"product_brand","embeddable":true,"href":"https:\/\/www.depoles.com\/hr\/wp-json\/wp\/v2\/product_brand?post=2511"},{"taxonomy":"product_cat","embeddable":true,"href":"https:\/\/www.depoles.com\/hr\/wp-json\/wp\/v2\/product_cat?post=2511"},{"taxonomy":"product_tag","embeddable":true,"href":"https:\/\/www.depoles.com\/hr\/wp-json\/wp\/v2\/product_tag?post=2511"}],"curies":[{"name":"wp","href":"https:\/\/api.w.org\/{rel}","templated":true}]}}