{"id":2517,"date":"2020-04-08T10:15:37","date_gmt":"2020-04-08T08:15:37","guid":{"rendered":"https:\/\/nova.depoles.com\/trgovina\/nastavek-polirni-ezs150props\/"},"modified":"2025-12-17T15:08:46","modified_gmt":"2025-12-17T14:08:46","slug":"nastavek-polirni-ezs150props","status":"publish","type":"product","link":"https:\/\/www.depoles.com\/hr\/trgovina\/nastavek-polirni-ezs150props\/","title":{"rendered":"Nastavak za poliranje EZS150PROPS"},"content":{"rendered":"<p><strong>Tehni\u010dne specifikacije:<\/strong><\/p>\n<ul>\n<li><strong>Bruto te\u017ea:<\/strong> 0,50 kg<\/li>\n<li><strong>Netto te\u017ea:<\/strong> 0,30 kg<\/li>\n<li><strong>Dimenzije embala\u017ee (mm):<\/strong>\n<ul>\n<li>Dol\u017eina: 0<\/li>\n<li>\u0160irina: 0<\/li>\n<li>Vi\u0161ina: 0<\/li>\n<\/ul>\n<\/li>\n<\/ul>\n","protected":false},"excerpt":{"rendered":"<p>Tehni\u010dne specifikacije: Bruto te\u017ea: 0,50 kg Netto te\u017ea: 0,30 kg Dimenzije embala\u017ee (mm): Dol\u017eina: 0 \u0160irina: 0 Vi\u0161ina: 0<\/p>\n","protected":false},"featured_media":0,"template":"","meta":[],"product_brand":[],"product_cat":[1020,1012],"product_tag":[],"class_list":{"0":"post-2517","1":"product","2":"type-product","3":"status-publish","5":"product_cat-orodja-oprema","6":"product_cat-stroji-za-les","8":"first","9":"instock","10":"shipping-taxable","11":"purchasable","12":"product-type-simple"},"_links":{"self":[{"href":"https:\/\/www.depoles.com\/hr\/wp-json\/wp\/v2\/product\/2517","targetHints":{"allow":["GET"]}}],"collection":[{"href":"https:\/\/www.depoles.com\/hr\/wp-json\/wp\/v2\/product"}],"about":[{"href":"https:\/\/www.depoles.com\/hr\/wp-json\/wp\/v2\/types\/product"}],"wp:attachment":[{"href":"https:\/\/www.depoles.com\/hr\/wp-json\/wp\/v2\/media?parent=2517"}],"wp:term":[{"taxonomy":"product_brand","embeddable":true,"href":"https:\/\/www.depoles.com\/hr\/wp-json\/wp\/v2\/product_brand?post=2517"},{"taxonomy":"product_cat","embeddable":true,"href":"https:\/\/www.depoles.com\/hr\/wp-json\/wp\/v2\/product_cat?post=2517"},{"taxonomy":"product_tag","embeddable":true,"href":"https:\/\/www.depoles.com\/hr\/wp-json\/wp\/v2\/product_tag?post=2517"}],"curies":[{"name":"wp","href":"https:\/\/api.w.org\/{rel}","templated":true}]}}