{"id":2520,"date":"2020-04-08T10:15:35","date_gmt":"2020-04-08T08:15:35","guid":{"rendered":"https:\/\/nova.depoles.com\/trgovina\/valj-kos2600cazr\/"},"modified":"2025-12-17T23:26:47","modified_gmt":"2025-12-17T22:26:47","slug":"valj-kos2600cazr","status":"publish","type":"product","link":"https:\/\/www.depoles.com\/hr\/trgovina\/valj-kos2600cazr\/","title":{"rendered":"Valjak KOS2600CAZR"},"content":{"rendered":"<table>\n<tbody>\n<tr>\n<th colspan=\"2\"><strong>Tehni\u010dni podatki<\/strong><\/th>\n<\/tr>\n<tr>\n<th colspan=\"2\"><strong>Te\u017ea<\/strong><\/th>\n<\/tr>\n<tr>\n<td>Bruto te\u017ea (kg)<\/td>\n<td>8<\/td>\n<\/tr>\n<tr>\n<td>Netto te\u017ea (kg)<\/td>\n<td>6,40<\/td>\n<\/tr>\n<tr>\n<th colspan=\"2\"><strong>Embala\u017ea<\/strong><\/th>\n<\/tr>\n<tr>\n<td>Dol\u017eina embala\u017ee (mm)<\/td>\n<td>1.000<\/td>\n<\/tr>\n<tr>\n<td>\u0160irina embala\u017ee (mm)<\/td>\n<td>25<\/td>\n<\/tr>\n<tr>\n<td>Vi\u0161ina embala\u017ee (mm)<\/td>\n<td>25<\/td>\n<\/tr>\n<tr>\n<th colspan=\"2\"><strong>Splo\u0161ni podatki<\/strong><\/th>\n<\/tr>\n<tr>\n<td>EAN koda<\/td>\n<td>9120058371745<\/td>\n<\/tr>\n<\/tbody>\n<\/table>\n","protected":false},"excerpt":{"rendered":"<p>Tehni\u010dni podatki Te\u017ea Bruto te\u017ea (kg) 8 Netto te\u017ea (kg) 6,40 Embala\u017ea Dol\u017eina embala\u017ee (mm) 1.000 \u0160irina embala\u017ee (mm) 25 Vi\u0161ina embala\u017ee (mm) 25 Splo\u0161ni podatki EAN koda 9120058371745<\/p>\n","protected":false},"featured_media":0,"template":"","meta":[],"product_brand":[],"product_cat":[1020,1012],"product_tag":[],"class_list":{"0":"post-2520","1":"product","2":"type-product","3":"status-publish","5":"product_cat-orodja-oprema","6":"product_cat-stroji-za-les","8":"first","9":"instock","10":"shipping-taxable","11":"purchasable","12":"product-type-simple"},"_links":{"self":[{"href":"https:\/\/www.depoles.com\/hr\/wp-json\/wp\/v2\/product\/2520","targetHints":{"allow":["GET"]}}],"collection":[{"href":"https:\/\/www.depoles.com\/hr\/wp-json\/wp\/v2\/product"}],"about":[{"href":"https:\/\/www.depoles.com\/hr\/wp-json\/wp\/v2\/types\/product"}],"wp:attachment":[{"href":"https:\/\/www.depoles.com\/hr\/wp-json\/wp\/v2\/media?parent=2520"}],"wp:term":[{"taxonomy":"product_brand","embeddable":true,"href":"https:\/\/www.depoles.com\/hr\/wp-json\/wp\/v2\/product_brand?post=2520"},{"taxonomy":"product_cat","embeddable":true,"href":"https:\/\/www.depoles.com\/hr\/wp-json\/wp\/v2\/product_cat?post=2520"},{"taxonomy":"product_tag","embeddable":true,"href":"https:\/\/www.depoles.com\/hr\/wp-json\/wp\/v2\/product_tag?post=2520"}],"curies":[{"name":"wp","href":"https:\/\/api.w.org\/{rel}","templated":true}]}}