{"id":2528,"date":"2020-04-08T10:15:21","date_gmt":"2020-04-08T08:15:21","guid":{"rendered":"https:\/\/nova.depoles.com\/trgovina\/skobeljni-nozi-4pcs-510x30x3mm-rojek-10000644\/"},"modified":"2025-12-17T23:27:01","modified_gmt":"2025-12-17T22:27:01","slug":"skobeljni-nozi-4pcs-510x30x3mm-rojek-10000644","status":"publish","type":"product","link":"https:\/\/www.depoles.com\/hr\/trgovina\/skobeljni-nozi-4pcs-510x30x3mm-rojek-10000644\/","title":{"rendered":"Skobeljski no\u017eevi 4kom 510x30x3mm Rojek 10000644"},"content":{"rendered":"<p><strong>Tehni\u010dni podatki:<\/strong><\/p>\n<ul>\n<li><strong>Bruto te\u017ea:<\/strong> 0,55 kg<\/li>\n<li><strong>Netto te\u017ea:<\/strong> 0,50 kg<\/li>\n<li><strong>Dimenzije embala\u017ee:<\/strong><\/li>\n<ul>\n<li>\u0160irina: 0 mm<\/li>\n<li>Dol\u017eina: 0 mm<\/li>\n<li>Vi\u0161ina: 0 mm<\/li>\n<\/ul>\n<\/ul>\n","protected":false},"excerpt":{"rendered":"<p>Tehni\u010dni podatki: Bruto te\u017ea: 0,55 kg Netto te\u017ea: 0,50 kg Dimenzije embala\u017ee: \u0160irina: 0 mm Dol\u017eina: 0 mm Vi\u0161ina: 0 mm<\/p>\n","protected":false},"featured_media":2529,"template":"","meta":[],"product_brand":[],"product_cat":[1020,1012],"product_tag":[],"class_list":{"0":"post-2528","1":"product","2":"type-product","3":"status-publish","4":"has-post-thumbnail","6":"product_cat-orodja-oprema","7":"product_cat-stroji-za-les","9":"first","10":"instock","11":"shipping-taxable","12":"purchasable","13":"product-type-simple"},"_links":{"self":[{"href":"https:\/\/www.depoles.com\/hr\/wp-json\/wp\/v2\/product\/2528","targetHints":{"allow":["GET"]}}],"collection":[{"href":"https:\/\/www.depoles.com\/hr\/wp-json\/wp\/v2\/product"}],"about":[{"href":"https:\/\/www.depoles.com\/hr\/wp-json\/wp\/v2\/types\/product"}],"wp:featuredmedia":[{"embeddable":true,"href":"https:\/\/www.depoles.com\/hr\/wp-json\/wp\/v2\/media\/2529"}],"wp:attachment":[{"href":"https:\/\/www.depoles.com\/hr\/wp-json\/wp\/v2\/media?parent=2528"}],"wp:term":[{"taxonomy":"product_brand","embeddable":true,"href":"https:\/\/www.depoles.com\/hr\/wp-json\/wp\/v2\/product_brand?post=2528"},{"taxonomy":"product_cat","embeddable":true,"href":"https:\/\/www.depoles.com\/hr\/wp-json\/wp\/v2\/product_cat?post=2528"},{"taxonomy":"product_tag","embeddable":true,"href":"https:\/\/www.depoles.com\/hr\/wp-json\/wp\/v2\/product_tag?post=2528"}],"curies":[{"name":"wp","href":"https:\/\/api.w.org\/{rel}","templated":true}]}}