{"id":2548,"date":"2020-04-08T10:15:04","date_gmt":"2020-04-08T08:15:04","guid":{"rendered":"https:\/\/nova.depoles.com\/trgovina\/skobeljni-nozi-700x30x3mm-10000648\/"},"modified":"2025-12-17T23:27:35","modified_gmt":"2025-12-17T22:27:35","slug":"skobeljni-nozi-700x30x3mm-10000648","status":"publish","type":"product","link":"https:\/\/www.depoles.com\/hr\/trgovina\/skobeljni-nozi-700x30x3mm-10000648\/","title":{"rendered":"Skobeljski no\u017eevi 700x30x3mm 10000648"},"content":{"rendered":"<p><strong>Tehni\u010dni podatki<\/strong><\/p>\n<ul>\n<li><strong>Te\u017ea<\/strong>\n<ul>\n<li>Bruto te\u017ea: 0,02 kg<\/li>\n<li>Netto te\u017ea: 0,01 kg<\/li>\n<\/ul>\n<\/li>\n<li><strong>Embala\u017ea<\/strong>\n<ul>\n<li>\u0160irina embala\u017ee: 0 mm<\/li>\n<li>Dol\u017eina embala\u017ee: 0 mm<\/li>\n<li>Vi\u0161ina embala\u017ee: 0 mm<\/li>\n<\/ul>\n<\/li>\n<\/ul>\n","protected":false},"excerpt":{"rendered":"<p>Tehni\u010dni podatki Te\u017ea Bruto te\u017ea: 0,02 kg Netto te\u017ea: 0,01 kg Embala\u017ea \u0160irina embala\u017ee: 0 mm Dol\u017eina embala\u017ee: 0 mm Vi\u0161ina embala\u017ee: 0 mm<\/p>\n","protected":false},"featured_media":2549,"template":"","meta":[],"product_brand":[],"product_cat":[1020,1012],"product_tag":[],"class_list":{"0":"post-2548","1":"product","2":"type-product","3":"status-publish","4":"has-post-thumbnail","6":"product_cat-orodja-oprema","7":"product_cat-stroji-za-les","9":"first","10":"instock","11":"shipping-taxable","12":"purchasable","13":"product-type-simple"},"_links":{"self":[{"href":"https:\/\/www.depoles.com\/hr\/wp-json\/wp\/v2\/product\/2548","targetHints":{"allow":["GET"]}}],"collection":[{"href":"https:\/\/www.depoles.com\/hr\/wp-json\/wp\/v2\/product"}],"about":[{"href":"https:\/\/www.depoles.com\/hr\/wp-json\/wp\/v2\/types\/product"}],"wp:featuredmedia":[{"embeddable":true,"href":"https:\/\/www.depoles.com\/hr\/wp-json\/wp\/v2\/media\/2549"}],"wp:attachment":[{"href":"https:\/\/www.depoles.com\/hr\/wp-json\/wp\/v2\/media?parent=2548"}],"wp:term":[{"taxonomy":"product_brand","embeddable":true,"href":"https:\/\/www.depoles.com\/hr\/wp-json\/wp\/v2\/product_brand?post=2548"},{"taxonomy":"product_cat","embeddable":true,"href":"https:\/\/www.depoles.com\/hr\/wp-json\/wp\/v2\/product_cat?post=2548"},{"taxonomy":"product_tag","embeddable":true,"href":"https:\/\/www.depoles.com\/hr\/wp-json\/wp\/v2\/product_tag?post=2548"}],"curies":[{"name":"wp","href":"https:\/\/api.w.org\/{rel}","templated":true}]}}