{"id":2550,"date":"2020-04-08T10:15:03","date_gmt":"2020-04-08T08:15:03","guid":{"rendered":"https:\/\/nova.depoles.com\/trgovina\/skobeljni-nozi-4pcs-710x30x3mm-10000657\/"},"modified":"2025-12-17T23:27:38","modified_gmt":"2025-12-17T22:27:38","slug":"skobeljni-nozi-4pcs-710x30x3mm-10000657","status":"publish","type":"product","link":"https:\/\/www.depoles.com\/hr\/trgovina\/skobeljni-nozi-4pcs-710x30x3mm-10000657\/","title":{"rendered":"Skobeljski no\u017eevi 4 kom 710x30x3mm 10000657"},"content":{"rendered":"<p><strong>Tehni\u010dni podatki<\/strong><\/p>\n<table>\n<tbody>\n<tr>\n<td><strong>Bruto te\u017ea (kg)<\/strong><\/td>\n<td>0,06<\/td>\n<\/tr>\n<tr>\n<td><strong>Netto te\u017ea (kg)<\/strong><\/td>\n<td>0,04<\/td>\n<\/tr>\n<tr>\n<td><strong>\u0160irina embala\u017ee (mm)<\/strong><\/td>\n<td>0<\/td>\n<\/tr>\n<tr>\n<td><strong>Dol\u017eina embala\u017ee (mm)<\/strong><\/td>\n<td>0<\/td>\n<\/tr>\n<tr>\n<td><strong>Vi\u0161ina embala\u017ee (mm)<\/strong><\/td>\n<td>0<\/td>\n<\/tr>\n<\/tbody>\n<\/table>\n","protected":false},"excerpt":{"rendered":"<p>Tehni\u010dni podatki Bruto te\u017ea (kg) 0,06 Netto te\u017ea (kg) 0,04 \u0160irina embala\u017ee (mm) 0 Dol\u017eina embala\u017ee (mm) 0 Vi\u0161ina embala\u017ee (mm) 0<\/p>\n","protected":false},"featured_media":2551,"template":"","meta":[],"product_brand":[],"product_cat":[1020,1012],"product_tag":[],"class_list":{"0":"post-2550","1":"product","2":"type-product","3":"status-publish","4":"has-post-thumbnail","6":"product_cat-orodja-oprema","7":"product_cat-stroji-za-les","9":"first","10":"instock","11":"shipping-taxable","12":"purchasable","13":"product-type-simple"},"_links":{"self":[{"href":"https:\/\/www.depoles.com\/hr\/wp-json\/wp\/v2\/product\/2550","targetHints":{"allow":["GET"]}}],"collection":[{"href":"https:\/\/www.depoles.com\/hr\/wp-json\/wp\/v2\/product"}],"about":[{"href":"https:\/\/www.depoles.com\/hr\/wp-json\/wp\/v2\/types\/product"}],"wp:featuredmedia":[{"embeddable":true,"href":"https:\/\/www.depoles.com\/hr\/wp-json\/wp\/v2\/media\/2551"}],"wp:attachment":[{"href":"https:\/\/www.depoles.com\/hr\/wp-json\/wp\/v2\/media?parent=2550"}],"wp:term":[{"taxonomy":"product_brand","embeddable":true,"href":"https:\/\/www.depoles.com\/hr\/wp-json\/wp\/v2\/product_brand?post=2550"},{"taxonomy":"product_cat","embeddable":true,"href":"https:\/\/www.depoles.com\/hr\/wp-json\/wp\/v2\/product_cat?post=2550"},{"taxonomy":"product_tag","embeddable":true,"href":"https:\/\/www.depoles.com\/hr\/wp-json\/wp\/v2\/product_tag?post=2550"}],"curies":[{"name":"wp","href":"https:\/\/api.w.org\/{rel}","templated":true}]}}