{"id":2562,"date":"2020-04-08T10:14:53","date_gmt":"2020-04-08T08:14:53","guid":{"rendered":"https:\/\/nova.depoles.com\/trgovina\/skobeljni-nozi-4pcs-410x35x3mm-10000649\/"},"modified":"2025-12-17T23:27:56","modified_gmt":"2025-12-17T22:27:56","slug":"skobeljni-nozi-4pcs-410x35x3mm-10000649","status":"publish","type":"product","link":"https:\/\/www.depoles.com\/hr\/trgovina\/skobeljni-nozi-4pcs-410x35x3mm-10000649\/","title":{"rendered":"Skobeljski no\u017eevi 4kom 410x35x3mm 10000649"},"content":{"rendered":"<p><strong>Specifikacije izdelka<\/strong><\/p>\n<ul>\n<li><strong>Te\u017ea:<\/strong>\n<ul>\n<li>Bruto te\u017ea: 1,40 kg<\/li>\n<li>Netto te\u017ea: 1,40 kg<\/li>\n<\/ul>\n<\/li>\n<li><strong>Embala\u017ea:<\/strong>\n<ul>\n<li>\u0160irina embala\u017ee: 45 mm<\/li>\n<li>Dol\u017eina embala\u017ee: 420 mm<\/li>\n<li>Vi\u0161ina embala\u017ee: 13 mm<\/li>\n<\/ul>\n<\/li>\n<li><strong>Splo\u0161ni podatki:<\/strong>\n<ul>\n<li>EAN koda: 9120058375323<\/li>\n<\/ul>\n<\/li>\n<\/ul>\n","protected":false},"excerpt":{"rendered":"<p>Specifikacije izdelka Te\u017ea: Bruto te\u017ea: 1,40 kg Netto te\u017ea: 1,40 kg Embala\u017ea: \u0160irina embala\u017ee: 45 mm Dol\u017eina embala\u017ee: 420 mm Vi\u0161ina embala\u017ee: 13 mm Splo\u0161ni podatki: EAN koda: 9120058375323<\/p>\n","protected":false},"featured_media":2563,"template":"","meta":[],"product_brand":[],"product_cat":[1020,1012],"product_tag":[],"class_list":{"0":"post-2562","1":"product","2":"type-product","3":"status-publish","4":"has-post-thumbnail","6":"product_cat-orodja-oprema","7":"product_cat-stroji-za-les","9":"first","10":"instock","11":"shipping-taxable","12":"purchasable","13":"product-type-simple"},"_links":{"self":[{"href":"https:\/\/www.depoles.com\/hr\/wp-json\/wp\/v2\/product\/2562","targetHints":{"allow":["GET"]}}],"collection":[{"href":"https:\/\/www.depoles.com\/hr\/wp-json\/wp\/v2\/product"}],"about":[{"href":"https:\/\/www.depoles.com\/hr\/wp-json\/wp\/v2\/types\/product"}],"wp:featuredmedia":[{"embeddable":true,"href":"https:\/\/www.depoles.com\/hr\/wp-json\/wp\/v2\/media\/2563"}],"wp:attachment":[{"href":"https:\/\/www.depoles.com\/hr\/wp-json\/wp\/v2\/media?parent=2562"}],"wp:term":[{"taxonomy":"product_brand","embeddable":true,"href":"https:\/\/www.depoles.com\/hr\/wp-json\/wp\/v2\/product_brand?post=2562"},{"taxonomy":"product_cat","embeddable":true,"href":"https:\/\/www.depoles.com\/hr\/wp-json\/wp\/v2\/product_cat?post=2562"},{"taxonomy":"product_tag","embeddable":true,"href":"https:\/\/www.depoles.com\/hr\/wp-json\/wp\/v2\/product_tag?post=2562"}],"curies":[{"name":"wp","href":"https:\/\/api.w.org\/{rel}","templated":true}]}}