{"id":2568,"date":"2020-04-08T10:14:49","date_gmt":"2020-04-08T08:14:49","guid":{"rendered":"https:\/\/nova.depoles.com\/trgovina\/skobeljni-nozi-3pcs-410x30x3mm-10000665\/"},"modified":"2026-02-12T13:47:50","modified_gmt":"2026-02-12T12:47:50","slug":"skobeljni-nozi-3pcs-410x30x3mm-10000665","status":"publish","type":"product","link":"https:\/\/www.depoles.com\/hr\/trgovina\/skobeljni-nozi-3pcs-410x30x3mm-10000665\/","title":{"rendered":"Skobeljski no\u017eevi 3kom 410x30x3mm 10000665"},"content":{"rendered":"<p><strong>Tehni\u010dni podatki:<\/strong><\/p>\n<table>\n<tbody>\n<tr>\n<th colspan=\"2\">Te\u017ea<\/th>\n<\/tr>\n<tr>\n<td>Bruto te\u017ea (kg)<\/td>\n<td>0,89<\/td>\n<\/tr>\n<tr>\n<td>Neto te\u017ea (kg)<\/td>\n<td>0,86<\/td>\n<\/tr>\n<tr>\n<th colspan=\"2\">Embala\u017ea<\/th>\n<\/tr>\n<tr>\n<td>\u0160irina embala\u017ee (mm)<\/td>\n<td>150<\/td>\n<\/tr>\n<tr>\n<td>Dol\u017eina embala\u017ee (mm)<\/td>\n<td>440<\/td>\n<\/tr>\n<tr>\n<td>Vi\u0161ina embala\u017ee (mm)<\/td>\n<td>90<\/td>\n<\/tr>\n<\/tbody>\n<\/table>\n","protected":false},"excerpt":{"rendered":"<p>Tehni\u010dni podatki: Te\u017ea Bruto te\u017ea (kg) 0,89 Neto te\u017ea (kg) 0,86 Embala\u017ea \u0160irina embala\u017ee (mm) 150 Dol\u017eina embala\u017ee (mm) 440 Vi\u0161ina embala\u017ee (mm) 90<\/p>\n","protected":false},"featured_media":2569,"template":"","meta":[],"product_brand":[],"product_cat":[1020,1012],"product_tag":[],"class_list":{"0":"post-2568","1":"product","2":"type-product","3":"status-publish","4":"has-post-thumbnail","6":"product_cat-orodja-oprema","7":"product_cat-stroji-za-les","9":"first","10":"instock","11":"shipping-taxable","12":"purchasable","13":"product-type-simple"},"_links":{"self":[{"href":"https:\/\/www.depoles.com\/hr\/wp-json\/wp\/v2\/product\/2568","targetHints":{"allow":["GET"]}}],"collection":[{"href":"https:\/\/www.depoles.com\/hr\/wp-json\/wp\/v2\/product"}],"about":[{"href":"https:\/\/www.depoles.com\/hr\/wp-json\/wp\/v2\/types\/product"}],"wp:featuredmedia":[{"embeddable":true,"href":"https:\/\/www.depoles.com\/hr\/wp-json\/wp\/v2\/media\/2569"}],"wp:attachment":[{"href":"https:\/\/www.depoles.com\/hr\/wp-json\/wp\/v2\/media?parent=2568"}],"wp:term":[{"taxonomy":"product_brand","embeddable":true,"href":"https:\/\/www.depoles.com\/hr\/wp-json\/wp\/v2\/product_brand?post=2568"},{"taxonomy":"product_cat","embeddable":true,"href":"https:\/\/www.depoles.com\/hr\/wp-json\/wp\/v2\/product_cat?post=2568"},{"taxonomy":"product_tag","embeddable":true,"href":"https:\/\/www.depoles.com\/hr\/wp-json\/wp\/v2\/product_tag?post=2568"}],"curies":[{"name":"wp","href":"https:\/\/api.w.org\/{rel}","templated":true}]}}