{"id":2574,"date":"2020-04-08T10:14:44","date_gmt":"2020-04-08T08:14:44","guid":{"rendered":"https:\/\/nova.depoles.com\/trgovina\/skobeljni-nozi-540x35x3mm-stomana-10000646\/"},"modified":"2025-12-17T23:28:06","modified_gmt":"2025-12-17T22:28:06","slug":"skobeljni-nozi-540x35x3mm-stomana-10000646","status":"publish","type":"product","link":"https:\/\/www.depoles.com\/hr\/trgovina\/skobeljni-nozi-540x35x3mm-stomana-10000646\/","title":{"rendered":"Skobeljski no\u017eevi 540x35x3mm Stomana 10000646"},"content":{"rendered":"<p><strong>Tehni\u010dni podatki:<\/strong><\/p>\n<ul>\n<li><strong>Te\u017ea:<\/strong>\n<ul>\n<li>Bruto te\u017ea: 0,45 kg<\/li>\n<li>Neto te\u017ea: 0,44 kg<\/li>\n<\/ul>\n<\/li>\n<li><strong>Embala\u017ea:<\/strong>\n<ul>\n<li>\u0160irina embala\u017ee: 150 mm<\/li>\n<li>Dol\u017eina embala\u017ee: 640 mm<\/li>\n<li>Vi\u0161ina embala\u017ee: 90 mm<\/li>\n<\/ul>\n<\/li>\n<\/ul>\n","protected":false},"excerpt":{"rendered":"<p>Tehni\u010dni podatki: Te\u017ea: Bruto te\u017ea: 0,45 kg Neto te\u017ea: 0,44 kg Embala\u017ea: \u0160irina embala\u017ee: 150 mm Dol\u017eina embala\u017ee: 640 mm Vi\u0161ina embala\u017ee: 90 mm<\/p>\n","protected":false},"featured_media":2575,"template":"","meta":[],"product_brand":[],"product_cat":[1020,1012],"product_tag":[],"class_list":{"0":"post-2574","1":"product","2":"type-product","3":"status-publish","4":"has-post-thumbnail","6":"product_cat-orodja-oprema","7":"product_cat-stroji-za-les","9":"first","10":"instock","11":"shipping-taxable","12":"purchasable","13":"product-type-simple"},"_links":{"self":[{"href":"https:\/\/www.depoles.com\/hr\/wp-json\/wp\/v2\/product\/2574","targetHints":{"allow":["GET"]}}],"collection":[{"href":"https:\/\/www.depoles.com\/hr\/wp-json\/wp\/v2\/product"}],"about":[{"href":"https:\/\/www.depoles.com\/hr\/wp-json\/wp\/v2\/types\/product"}],"wp:featuredmedia":[{"embeddable":true,"href":"https:\/\/www.depoles.com\/hr\/wp-json\/wp\/v2\/media\/2575"}],"wp:attachment":[{"href":"https:\/\/www.depoles.com\/hr\/wp-json\/wp\/v2\/media?parent=2574"}],"wp:term":[{"taxonomy":"product_brand","embeddable":true,"href":"https:\/\/www.depoles.com\/hr\/wp-json\/wp\/v2\/product_brand?post=2574"},{"taxonomy":"product_cat","embeddable":true,"href":"https:\/\/www.depoles.com\/hr\/wp-json\/wp\/v2\/product_cat?post=2574"},{"taxonomy":"product_tag","embeddable":true,"href":"https:\/\/www.depoles.com\/hr\/wp-json\/wp\/v2\/product_tag?post=2574"}],"curies":[{"name":"wp","href":"https:\/\/api.w.org\/{rel}","templated":true}]}}