{"id":2582,"date":"2020-04-08T10:14:38","date_gmt":"2020-04-08T08:14:38","guid":{"rendered":"https:\/\/nova.depoles.com\/trgovina\/skobeljni-nozi-320x30x3mm-stomana-10000639\/"},"modified":"2026-02-12T13:39:00","modified_gmt":"2026-02-12T12:39:00","slug":"skobeljni-nozi-320x30x3mm-stomana-10000639","status":"publish","type":"product","link":"https:\/\/www.depoles.com\/hr\/trgovina\/skobeljni-nozi-320x30x3mm-stomana-10000639\/","title":{"rendered":"Skobeljski no\u017eevi 320x30x3mm Stomana 10000639"},"content":{"rendered":"<p><strong>Tehni\u010dne specifikacije:<\/strong><\/p>\n<table>\n<tbody>\n<tr>\n<td><strong>Bruto te\u017ea<\/strong><\/td>\n<td>0,23 kg<\/td>\n<\/tr>\n<tr>\n<td><strong>Netto te\u017ea<\/strong><\/td>\n<td>0,22 kg<\/td>\n<\/tr>\n<tr>\n<td><strong>\u0160irina embala\u017ee<\/strong><\/td>\n<td>150 mm<\/td>\n<\/tr>\n<tr>\n<td><strong>Dol\u017eina embala\u017ee<\/strong><\/td>\n<td>690 mm<\/td>\n<\/tr>\n<tr>\n<td><strong>Vi\u0161ina embala\u017ee<\/strong><\/td>\n<td>90 mm<\/td>\n<\/tr>\n<\/tbody>\n<\/table>\n","protected":false},"excerpt":{"rendered":"<p>Tehni\u010dne specifikacije: Bruto te\u017ea 0,23 kg Netto te\u017ea 0,22 kg \u0160irina embala\u017ee 150 mm Dol\u017eina embala\u017ee 690 mm Vi\u0161ina embala\u017ee 90 mm<\/p>\n","protected":false},"featured_media":2583,"template":"","meta":[],"product_brand":[],"product_cat":[1020,1012],"product_tag":[],"class_list":{"0":"post-2582","1":"product","2":"type-product","3":"status-publish","4":"has-post-thumbnail","6":"product_cat-orodja-oprema","7":"product_cat-stroji-za-les","9":"first","10":"instock","11":"shipping-taxable","12":"purchasable","13":"product-type-simple"},"_links":{"self":[{"href":"https:\/\/www.depoles.com\/hr\/wp-json\/wp\/v2\/product\/2582","targetHints":{"allow":["GET"]}}],"collection":[{"href":"https:\/\/www.depoles.com\/hr\/wp-json\/wp\/v2\/product"}],"about":[{"href":"https:\/\/www.depoles.com\/hr\/wp-json\/wp\/v2\/types\/product"}],"wp:featuredmedia":[{"embeddable":true,"href":"https:\/\/www.depoles.com\/hr\/wp-json\/wp\/v2\/media\/2583"}],"wp:attachment":[{"href":"https:\/\/www.depoles.com\/hr\/wp-json\/wp\/v2\/media?parent=2582"}],"wp:term":[{"taxonomy":"product_brand","embeddable":true,"href":"https:\/\/www.depoles.com\/hr\/wp-json\/wp\/v2\/product_brand?post=2582"},{"taxonomy":"product_cat","embeddable":true,"href":"https:\/\/www.depoles.com\/hr\/wp-json\/wp\/v2\/product_cat?post=2582"},{"taxonomy":"product_tag","embeddable":true,"href":"https:\/\/www.depoles.com\/hr\/wp-json\/wp\/v2\/product_tag?post=2582"}],"curies":[{"name":"wp","href":"https:\/\/api.w.org\/{rel}","templated":true}]}}