{"id":2594,"date":"2020-04-08T10:14:28","date_gmt":"2020-04-08T08:14:28","guid":{"rendered":"https:\/\/nova.depoles.com\/trgovina\/skobeljni-nozi-4pcs-305x25x3mm-10000661\/"},"modified":"2026-02-12T13:56:26","modified_gmt":"2026-02-12T12:56:26","slug":"skobeljni-nozi-4pcs-305x25x3mm-10000661","status":"publish","type":"product","link":"https:\/\/www.depoles.com\/hr\/trgovina\/skobeljni-nozi-4pcs-305x25x3mm-10000661\/","title":{"rendered":"Skobeljski no\u017eevi 4kom 305x25x3mm 10000661"},"content":{"rendered":"<p><strong>Tehni\u010dni podatki<\/strong><\/p>\n<ul>\n<li><strong>Te\u017ea:<\/strong>\n<ul>\n<li>Bruto te\u017ea: 0,71 kg<\/li>\n<li>Neto te\u017ea: 0,67 kg<\/li>\n<\/ul>\n<\/li>\n<li><strong>Embala\u017ea:<\/strong>\n<ul>\n<li>\u0160irina embala\u017ee: 150 mm<\/li>\n<li>Dol\u017eina embala\u017ee: 690 mm<\/li>\n<li>Vi\u0161ina embala\u017ee: 90 mm<\/li>\n<\/ul>\n<\/li>\n<li><strong>Splo\u0161ni podatki:<\/strong>\n<ul>\n<li>EAN koda: 9120039903194<\/li>\n<\/ul>\n<\/li>\n<\/ul>\n","protected":false},"excerpt":{"rendered":"<p>Tehni\u010dni podatki Te\u017ea: Bruto te\u017ea: 0,71 kg Neto te\u017ea: 0,67 kg Embala\u017ea: \u0160irina embala\u017ee: 150 mm Dol\u017eina embala\u017ee: 690 mm Vi\u0161ina embala\u017ee: 90 mm Splo\u0161ni podatki: EAN koda: 9120039903194<\/p>\n","protected":false},"featured_media":2595,"template":"","meta":[],"product_brand":[],"product_cat":[1020,1012],"product_tag":[],"class_list":{"0":"post-2594","1":"product","2":"type-product","3":"status-publish","4":"has-post-thumbnail","6":"product_cat-orodja-oprema","7":"product_cat-stroji-za-les","9":"first","10":"instock","11":"shipping-taxable","12":"purchasable","13":"product-type-simple"},"_links":{"self":[{"href":"https:\/\/www.depoles.com\/hr\/wp-json\/wp\/v2\/product\/2594","targetHints":{"allow":["GET"]}}],"collection":[{"href":"https:\/\/www.depoles.com\/hr\/wp-json\/wp\/v2\/product"}],"about":[{"href":"https:\/\/www.depoles.com\/hr\/wp-json\/wp\/v2\/types\/product"}],"wp:featuredmedia":[{"embeddable":true,"href":"https:\/\/www.depoles.com\/hr\/wp-json\/wp\/v2\/media\/2595"}],"wp:attachment":[{"href":"https:\/\/www.depoles.com\/hr\/wp-json\/wp\/v2\/media?parent=2594"}],"wp:term":[{"taxonomy":"product_brand","embeddable":true,"href":"https:\/\/www.depoles.com\/hr\/wp-json\/wp\/v2\/product_brand?post=2594"},{"taxonomy":"product_cat","embeddable":true,"href":"https:\/\/www.depoles.com\/hr\/wp-json\/wp\/v2\/product_cat?post=2594"},{"taxonomy":"product_tag","embeddable":true,"href":"https:\/\/www.depoles.com\/hr\/wp-json\/wp\/v2\/product_tag?post=2594"}],"curies":[{"name":"wp","href":"https:\/\/api.w.org\/{rel}","templated":true}]}}