{"id":2604,"date":"2020-04-08T10:14:19","date_gmt":"2020-04-08T08:14:19","guid":{"rendered":"https:\/\/nova.depoles.com\/trgovina\/brusni-disk-z-velcro-o230xk080-stk230k80\/"},"modified":"2025-12-17T23:28:21","modified_gmt":"2025-12-17T22:28:21","slug":"brusni-disk-z-velcro-o230xk080-stk230k80","status":"publish","type":"product","link":"https:\/\/www.depoles.com\/hr\/trgovina\/brusni-disk-z-velcro-o230xk080-stk230k80\/","title":{"rendered":"Brusni disk s \u010di\u010dkom \u00d8230xK080 STK230K80"},"content":{"rendered":"<p><strong>Tehni\u010dni podatki:<\/strong><\/p>\n<ul>\n<li><strong>Te\u017ea:<\/strong>\n<ul>\n<li>Bruto te\u017ea: 0,20 kg<\/li>\n<li>Netto te\u017ea: 0,10 kg<\/li>\n<\/ul>\n<\/li>\n<li><strong>Embala\u017ea:<\/strong>\n<ul>\n<li>Dol\u017eina embala\u017ee: 250 mm<\/li>\n<li>\u0160irina embala\u017ee: 250 mm<\/li>\n<li>Vi\u0161ina embala\u017ee: 10 mm<\/li>\n<\/ul>\n<\/li>\n<li><strong>Splo\u0161ni podatki:<\/strong>\n<ul>\n<li>EAN koda: 9120039901558<\/li>\n<\/ul>\n<\/li>\n<\/ul>\n","protected":false},"excerpt":{"rendered":"<p>Tehni\u010dni podatki: Te\u017ea: Bruto te\u017ea: 0,20 kg Netto te\u017ea: 0,10 kg Embala\u017ea: Dol\u017eina embala\u017ee: 250 mm \u0160irina embala\u017ee: 250 mm Vi\u0161ina embala\u017ee: 10 mm Splo\u0161ni podatki: EAN koda: 9120039901558<\/p>\n","protected":false},"featured_media":2605,"template":"","meta":[],"product_brand":[],"product_cat":[1020,1012],"product_tag":[],"class_list":{"0":"post-2604","1":"product","2":"type-product","3":"status-publish","4":"has-post-thumbnail","6":"product_cat-orodja-oprema","7":"product_cat-stroji-za-les","9":"first","10":"instock","11":"shipping-taxable","12":"purchasable","13":"product-type-simple"},"_links":{"self":[{"href":"https:\/\/www.depoles.com\/hr\/wp-json\/wp\/v2\/product\/2604","targetHints":{"allow":["GET"]}}],"collection":[{"href":"https:\/\/www.depoles.com\/hr\/wp-json\/wp\/v2\/product"}],"about":[{"href":"https:\/\/www.depoles.com\/hr\/wp-json\/wp\/v2\/types\/product"}],"wp:featuredmedia":[{"embeddable":true,"href":"https:\/\/www.depoles.com\/hr\/wp-json\/wp\/v2\/media\/2605"}],"wp:attachment":[{"href":"https:\/\/www.depoles.com\/hr\/wp-json\/wp\/v2\/media?parent=2604"}],"wp:term":[{"taxonomy":"product_brand","embeddable":true,"href":"https:\/\/www.depoles.com\/hr\/wp-json\/wp\/v2\/product_brand?post=2604"},{"taxonomy":"product_cat","embeddable":true,"href":"https:\/\/www.depoles.com\/hr\/wp-json\/wp\/v2\/product_cat?post=2604"},{"taxonomy":"product_tag","embeddable":true,"href":"https:\/\/www.depoles.com\/hr\/wp-json\/wp\/v2\/product_tag?post=2604"}],"curies":[{"name":"wp","href":"https:\/\/api.w.org\/{rel}","templated":true}]}}