{"id":2606,"date":"2020-04-08T10:14:17","date_gmt":"2020-04-08T08:14:17","guid":{"rendered":"https:\/\/nova.depoles.com\/trgovina\/brusni-disk-z-velcro-o230xk060-stk230k60\/"},"modified":"2026-02-12T13:41:43","modified_gmt":"2026-02-12T12:41:43","slug":"brusni-disk-z-velcro-o230xk060-stk230k60","status":"publish","type":"product","link":"https:\/\/www.depoles.com\/hr\/trgovina\/brusni-disk-z-velcro-o230xk060-stk230k60\/","title":{"rendered":"Brusni disk s \u010di\u010dkom \u00d8230xK060 STK230K60"},"content":{"rendered":"<p><strong>Tehni\u010dni podatki<\/strong><\/p>\n<ul>\n<li><strong>Te\u017ea<\/strong>\n<ul>\n<li>Bruto te\u017ea: 0,20 kg<\/li>\n<li>Netto te\u017ea: 0,10 kg<\/li>\n<\/ul>\n<\/li>\n<li><strong>Embala\u017ea<\/strong>\n<ul>\n<li>Dol\u017eina embala\u017ee: 250 mm<\/li>\n<li>\u0160irina embala\u017ee: 250 mm<\/li>\n<li>Vi\u0161ina embala\u017ee: 10 mm<\/li>\n<\/ul>\n<\/li>\n<li><strong>Splo\u0161ni podatki<\/strong>\n<ul>\n<li>EAN koda: 9120039906966<\/li>\n<\/ul>\n<\/li>\n<\/ul>\n","protected":false},"excerpt":{"rendered":"<p>Tehni\u010dni podatki Te\u017ea Bruto te\u017ea: 0,20 kg Netto te\u017ea: 0,10 kg Embala\u017ea Dol\u017eina embala\u017ee: 250 mm \u0160irina embala\u017ee: 250 mm Vi\u0161ina embala\u017ee: 10 mm Splo\u0161ni podatki EAN koda: 9120039906966<\/p>\n","protected":false},"featured_media":2607,"template":"","meta":[],"product_brand":[],"product_cat":[1020,1012],"product_tag":[],"class_list":{"0":"post-2606","1":"product","2":"type-product","3":"status-publish","4":"has-post-thumbnail","6":"product_cat-orodja-oprema","7":"product_cat-stroji-za-les","9":"first","10":"instock","11":"shipping-taxable","12":"purchasable","13":"product-type-simple"},"_links":{"self":[{"href":"https:\/\/www.depoles.com\/hr\/wp-json\/wp\/v2\/product\/2606","targetHints":{"allow":["GET"]}}],"collection":[{"href":"https:\/\/www.depoles.com\/hr\/wp-json\/wp\/v2\/product"}],"about":[{"href":"https:\/\/www.depoles.com\/hr\/wp-json\/wp\/v2\/types\/product"}],"wp:featuredmedia":[{"embeddable":true,"href":"https:\/\/www.depoles.com\/hr\/wp-json\/wp\/v2\/media\/2607"}],"wp:attachment":[{"href":"https:\/\/www.depoles.com\/hr\/wp-json\/wp\/v2\/media?parent=2606"}],"wp:term":[{"taxonomy":"product_brand","embeddable":true,"href":"https:\/\/www.depoles.com\/hr\/wp-json\/wp\/v2\/product_brand?post=2606"},{"taxonomy":"product_cat","embeddable":true,"href":"https:\/\/www.depoles.com\/hr\/wp-json\/wp\/v2\/product_cat?post=2606"},{"taxonomy":"product_tag","embeddable":true,"href":"https:\/\/www.depoles.com\/hr\/wp-json\/wp\/v2\/product_tag?post=2606"}],"curies":[{"name":"wp","href":"https:\/\/api.w.org\/{rel}","templated":true}]}}