{"id":2610,"date":"2020-04-08T10:14:14","date_gmt":"2020-04-08T08:14:14","guid":{"rendered":"https:\/\/nova.depoles.com\/trgovina\/brusni-disk-z-velcro-o230xk120-stk230k120\/"},"modified":"2025-12-17T23:28:24","modified_gmt":"2025-12-17T22:28:24","slug":"brusni-disk-z-velcro-o230xk120-stk230k120","status":"publish","type":"product","link":"https:\/\/www.depoles.com\/hr\/trgovina\/brusni-disk-z-velcro-o230xk120-stk230k120\/","title":{"rendered":"Brusni disk s \u010di\u010dkom \u00d8230xK120 STK230K120"},"content":{"rendered":"<p><strong>Specifikacije izdelka<\/strong><\/p>\n<ul>\n<li><strong>Te\u017ea<\/strong>\n<ul>\n<li>Bruto te\u017ea: 0,20 kg<\/li>\n<li>Netto te\u017ea: 0,10 kg<\/li>\n<\/ul>\n<\/li>\n<li><strong>Embala\u017ea<\/strong>\n<ul>\n<li>Dol\u017eina embala\u017ee: 250 mm<\/li>\n<li>\u0160irina embala\u017ee: 250 mm<\/li>\n<li>Vi\u0161ina embala\u017ee: 10 mm<\/li>\n<\/ul>\n<\/li>\n<li><strong>Splo\u0161ni podatki<\/strong>\n<ul>\n<li>EAN koda: 9120039901572<\/li>\n<\/ul>\n<\/li>\n<\/ul>\n","protected":false},"excerpt":{"rendered":"<p>Specifikacije izdelka Te\u017ea Bruto te\u017ea: 0,20 kg Netto te\u017ea: 0,10 kg Embala\u017ea Dol\u017eina embala\u017ee: 250 mm \u0160irina embala\u017ee: 250 mm Vi\u0161ina embala\u017ee: 10 mm Splo\u0161ni podatki EAN koda: 9120039901572<\/p>\n","protected":false},"featured_media":2611,"template":"","meta":[],"product_brand":[],"product_cat":[1020,1012],"product_tag":[],"class_list":{"0":"post-2610","1":"product","2":"type-product","3":"status-publish","4":"has-post-thumbnail","6":"product_cat-orodja-oprema","7":"product_cat-stroji-za-les","9":"first","10":"instock","11":"shipping-taxable","12":"purchasable","13":"product-type-simple"},"_links":{"self":[{"href":"https:\/\/www.depoles.com\/hr\/wp-json\/wp\/v2\/product\/2610","targetHints":{"allow":["GET"]}}],"collection":[{"href":"https:\/\/www.depoles.com\/hr\/wp-json\/wp\/v2\/product"}],"about":[{"href":"https:\/\/www.depoles.com\/hr\/wp-json\/wp\/v2\/types\/product"}],"wp:featuredmedia":[{"embeddable":true,"href":"https:\/\/www.depoles.com\/hr\/wp-json\/wp\/v2\/media\/2611"}],"wp:attachment":[{"href":"https:\/\/www.depoles.com\/hr\/wp-json\/wp\/v2\/media?parent=2610"}],"wp:term":[{"taxonomy":"product_brand","embeddable":true,"href":"https:\/\/www.depoles.com\/hr\/wp-json\/wp\/v2\/product_brand?post=2610"},{"taxonomy":"product_cat","embeddable":true,"href":"https:\/\/www.depoles.com\/hr\/wp-json\/wp\/v2\/product_cat?post=2610"},{"taxonomy":"product_tag","embeddable":true,"href":"https:\/\/www.depoles.com\/hr\/wp-json\/wp\/v2\/product_tag?post=2610"}],"curies":[{"name":"wp","href":"https:\/\/api.w.org\/{rel}","templated":true}]}}